{"id":4311,"date":"2024-12-05T10:13:14","date_gmt":"2024-12-05T10:13:14","guid":{"rendered":"https:\/\/checuplivebetter.com\/?post_type=product&#038;p=4311"},"modified":"2024-12-05T10:16:39","modified_gmt":"2024-12-05T10:16:39","slug":"efeze-oude-stad-tour","status":"publish","type":"product","link":"https:\/\/checuplivebetter.com\/nl\/urun\/efeze-oude-stad-tour\/","title":{"rendered":"Efeze Oude Stad Tour"},"content":{"rendered":"","protected":false},"excerpt":{"rendered":"<p><strong>Ephesus: Ontdek de Tijdloze Wonderen \u2013 Dagtocht vanaf Izmir Luchthaven<\/strong><br \/>\n<strong>Tour Details:<\/strong><br \/>\n\u2981 <strong>Duur:<\/strong> Volledige Dag<br \/>\n\u2981 <strong>Type Tour:<\/strong> Groepsbegeleiding<br \/>\n\u2981 <strong>Vervoer:<\/strong> Per Bus<br \/>\n\u2981 <strong>Beschikbaarheid:<\/strong> Dagelijks<br \/>\n\u2981 <strong>Vertrek:<\/strong> 09:30 AM<br \/>\n\u2981 <strong>Aankomst:<\/strong> 04:00 PM<\/p>\n<p><strong>Reisplan<\/strong><br \/>\n<strong>Ochtend: Aankomst en Start van de Tour<\/strong><br \/>\n\u2981 Aankomst op Izmir Adnan Menderes Luchthaven (07:30 &#8211; 08:30 AM aanbevolen).<br \/>\n\u2981 Ontmoet je reisgroep op de luchthaven en transfer naar Efeze.<\/p>\n<p><strong>Hoogtepunten van de Efeze Tour:<\/strong><br \/>\n\u2981 Bibliotheek van Celsus<br \/>\n\u2981 Tempel van Hadrianus<br \/>\n\u2981 Trajanusfontein<br \/>\n\u2981 Historische Marmeren Straat<br \/>\n\u2981 Het Grote Theater (de predikingsplaats van St. Paulus)<\/p>\n<p><strong>Lunch:<\/strong><br \/>\n\u2981 Geniet van een heerlijke maaltijd in een lokaal restaurant.<\/p>\n<p><strong>Middag: Extra Bezienswaardigheden<\/strong><br \/>\n\u2981 Bezoek de Isabey Moskee.<br \/>\n\u2981 Verken het Huis van de Maagd Maria, waarvan wordt aangenomen dat het haar laatste verblijf was.<br \/>\n\u2981 Bekijk de Tempel van Artemis, een van de Zeven Wonderen van de Oude Wereld.<\/p>\n<p><strong>16:00 PM:<\/strong> Transfer terug naar Izmir Luchthaven of optionele drop-off in Sel\u00e7uk of Ku\u015fadas\u0131.<\/p>\n<p><strong>Prijs Inclusief:<\/strong><br \/>\n\u2981 Ophalen en terugbrengen naar Izmir Luchthaven<br \/>\n\u2981 Professionele gidsdiensten<br \/>\n\u2981 Toegangskosten voor alle bezienswaardigheden<br \/>\n\u2981 Lunch in een lokaal restaurant<br \/>\n\u2981 Vervoer met airconditioning<br \/>\n\u2981 Parkeren en tol<br \/>\n\u2981 Lokale belastingen<\/p>\n<p><strong>Prijs Exclusief:<\/strong><br \/>\n\u2981 Persoonlijke uitgaven<br \/>\n\u2981 Dranken tijdens lunch<br \/>\n\u2981 Ontbijt en diner<br \/>\n\u2981 Optionele tours, zoals bezoeken aan Pamukkale<\/p>\n<p><strong>Aanvullende Opmerkingen:<\/strong><br \/>\n\u2981 De vertrektijd van de vlucht moet na 18:45 PM zijn voor de terugreis.<br \/>\n\u2981 Comfortabele schoenen en een hoed worden aanbevolen.<br \/>\n\u2981 Exacte ophaaltijden worden bij boeking bevestigd.<br \/>\n\u2981 Het reisplan kan worden gewijzigd om congestie te voorkomen.<\/p>\n","protected":false},"featured_media":4362,"comment_status":"open","ping_status":"closed","template":"","meta":[],"product_cat":[81],"product_tag":[],"class_list":{"0":"post-4311","1":"product","2":"type-product","3":"status-publish","4":"has-post-thumbnail","6":"product_cat-unc","8":"first","9":"instock","10":"sale","11":"shipping-taxable","12":"purchasable","13":"product-type-simple"},"aioseo_notices":[],"_links":{"self":[{"href":"https:\/\/checuplivebetter.com\/nl\/wp-json\/wp\/v2\/product\/4311","targetHints":{"allow":["GET"]}}],"collection":[{"href":"https:\/\/checuplivebetter.com\/nl\/wp-json\/wp\/v2\/product"}],"about":[{"href":"https:\/\/checuplivebetter.com\/nl\/wp-json\/wp\/v2\/types\/product"}],"replies":[{"embeddable":true,"href":"https:\/\/checuplivebetter.com\/nl\/wp-json\/wp\/v2\/comments?post=4311"}],"wp:featuredmedia":[{"embeddable":true,"href":"https:\/\/checuplivebetter.com\/nl\/wp-json\/wp\/v2\/media\/4362"}],"wp:attachment":[{"href":"https:\/\/checuplivebetter.com\/nl\/wp-json\/wp\/v2\/media?parent=4311"}],"wp:term":[{"taxonomy":"product_cat","embeddable":true,"href":"https:\/\/checuplivebetter.com\/nl\/wp-json\/wp\/v2\/product_cat?post=4311"},{"taxonomy":"product_tag","embeddable":true,"href":"https:\/\/checuplivebetter.com\/nl\/wp-json\/wp\/v2\/product_tag?post=4311"}],"curies":[{"name":"wp","href":"https:\/\/api.w.org\/{rel}","templated":true}]}}