{"id":4296,"date":"2024-12-05T09:56:29","date_gmt":"2024-12-05T09:56:29","guid":{"rendered":"https:\/\/checuplivebetter.com\/?post_type=product&#038;p=4296"},"modified":"2024-12-05T10:01:58","modified_gmt":"2024-12-05T10:01:58","slug":"oostelijke-expres-van-turkije","status":"publish","type":"product","link":"https:\/\/checuplivebetter.com\/nl\/urun\/oostelijke-expres-van-turkije\/","title":{"rendered":"Oostelijke Expres van Turkije"},"content":{"rendered":"","protected":false},"excerpt":{"rendered":"<p><strong>Dag 1 &#8211; Istanbul naar Kars<\/strong><br \/>\n<strong>Hoogtepunten:<\/strong> Ani Ru\u00efnes, Arpa\u00e7ay Rivier, Meer van \u00c7\u0131ld\u0131r, Kars Stad, Kaukasische Nacht<br \/>\n\u2981 Vliegtuig: Sabiha G\u00f6k\u00e7en Luchthaven naar Erzurum.<br \/>\n\u2981 Bezoek Seltsjoekse bezienswaardigheden: \u00c7ifte Minareli en Yakutiye Medrese (panoramisch uitzicht).<br \/>\n\u2981 Scenic rit via Pasinler en Horasan, door de Allahuekber Bergen naar Sar\u0131kam\u0131\u015f.<br \/>\n\u2981 Bezoek aan het Sar\u0131kam\u0131\u015f Martelaarsmonument.<br \/>\n\u2981 Verken de Ani Ru\u00efnes: Stadsmuren, Menu\u00e7ehr Moskee en het uitzicht op de Arpa\u00e7ay grens.<br \/>\n\u2981 Geniet van een sleetocht op het bevroren Meer van \u00c7\u0131ld\u0131r (seizoensgebonden, extra) en een verse vislunch.<br \/>\n\u2981 Terug naar Kars voor winkelen en sightseeing.<br \/>\n\u2981 Optioneel: Kaukasische Nacht programma (extra).<br \/>\nAccommodatie: Bed &amp; Breakfast<\/p>\n<p><strong>Dag 2 &#8211; Kars Stadstour<\/strong><br \/>\n<strong>Hoogtepunten:<\/strong> Kars Kasteel, K\u00fcmbet Moskee, Fethiye Moskee, Kanl\u0131 Tabya<br \/>\n\u2981 Ontbijt in het hotel.<br \/>\n\u2981 Wandel door de straten van Kars met Baltische architectuur.<br \/>\n\u2981 Bezoek aan Kars Kasteel, K\u00fcmbet Moskee en Fethiye Moskee.<br \/>\n\u2981 Verken Kanl\u0131 Tabya en het Kaukasische Front Oorlogsmuseum.<br \/>\n\u2981 Vertrek in de avond met de Orient Express.<\/p>\n<p><strong>Dag 3 &#8211; Erzincan, Kemaliye, Divri\u011fi en Sivas<\/strong><br \/>\n<strong>Hoogtepunten:<\/strong> Donkere Canyon, Ta\u015fyol, Divri\u011fi Grote Moskee, Sivas Congress Hall<br \/>\n\u2981 Aankomst in de ochtend in \u0130li\u00e7; optionele reis naar Kemaliye (extra).<br \/>\n\u2981 Ontdek de Donkere Canyon, Ta\u015fyol en L\u00f6khane.<br \/>\n\u2981 Ga verder naar Divri\u011fi om de UNESCO Grote Moskee te zien (panoramisch).<br \/>\n\u2981 Verken de historische straten en bazaren van Divri\u011fi.<br \/>\n\u2981 Reis naar Sivas voor het Congress Hall, Buruciye, \u015eifaiye en \u00c7ifte Minareli Medreses.<\/p>\n<p><strong>Dag 4 &#8211; Ankara naar Istanbul<\/strong><br \/>\n\u2981 Aankomst op het treinstation van Ankara.<br \/>\n\u2981 Transfer naar de hogesnelheidstrein naar Istanbul.<br \/>\n\u2981 Einde van de tour en afscheid.<br \/>\n<strong>Opmerkingen:<\/strong> Vertragingen bij de trein zijn mogelijk en buiten onze controle.<\/p>\n<p><strong>Maaltijden:<\/strong><br \/>\n\u2981 Dag 1: Ontbijt &amp; Lunch (extra), Diner optioneel.<br \/>\n\u2981 Dag 2: Ontbijt inbegrepen; Lunch &amp; Diner (extra).<br \/>\n\u2981 Dag 3: Alle maaltijden (extra).<br \/>\n\u2981 Dag 4: Ontbijt (extra).<\/p>\n","protected":false},"featured_media":4347,"comment_status":"open","ping_status":"closed","template":"","meta":[],"product_cat":[81],"product_tag":[],"class_list":{"0":"post-4296","1":"product","2":"type-product","3":"status-publish","4":"has-post-thumbnail","6":"product_cat-unc","8":"first","9":"instock","10":"sale","11":"shipping-taxable","12":"purchasable","13":"product-type-simple"},"aioseo_notices":[],"_links":{"self":[{"href":"https:\/\/checuplivebetter.com\/nl\/wp-json\/wp\/v2\/product\/4296","targetHints":{"allow":["GET"]}}],"collection":[{"href":"https:\/\/checuplivebetter.com\/nl\/wp-json\/wp\/v2\/product"}],"about":[{"href":"https:\/\/checuplivebetter.com\/nl\/wp-json\/wp\/v2\/types\/product"}],"replies":[{"embeddable":true,"href":"https:\/\/checuplivebetter.com\/nl\/wp-json\/wp\/v2\/comments?post=4296"}],"wp:featuredmedia":[{"embeddable":true,"href":"https:\/\/checuplivebetter.com\/nl\/wp-json\/wp\/v2\/media\/4347"}],"wp:attachment":[{"href":"https:\/\/checuplivebetter.com\/nl\/wp-json\/wp\/v2\/media?parent=4296"}],"wp:term":[{"taxonomy":"product_cat","embeddable":true,"href":"https:\/\/checuplivebetter.com\/nl\/wp-json\/wp\/v2\/product_cat?post=4296"},{"taxonomy":"product_tag","embeddable":true,"href":"https:\/\/checuplivebetter.com\/nl\/wp-json\/wp\/v2\/product_tag?post=4296"}],"curies":[{"name":"wp","href":"https:\/\/api.w.org\/{rel}","templated":true}]}}