{"id":2712,"date":"2024-10-29T11:17:54","date_gmt":"2024-10-29T11:17:54","guid":{"rendered":"https:\/\/www.checuplivebetter.com\/?post_type=product&#038;p=2712"},"modified":"2026-02-22T08:15:31","modified_gmt":"2026-02-22T08:15:31","slug":"gold-tum-vucut-mr","status":"publish","type":"product","link":"https:\/\/checuplivebetter.com\/nl\/urun\/gold-tum-vucut-mr\/","title":{"rendered":"Gold T\u00fcm V\u00fccut MR"},"content":{"rendered":"<h3 class=\"wp-block-heading\">T\u00fcm V\u00fccut MR Nedir?<\/h3><p>T\u00fcm V\u00fccut MR, v\u00fccuttaki organlar\u0131n ve dokular\u0131n ayr\u0131nt\u0131l\u0131 olarak g\u00f6r\u00fcnt\u00fclenmesini sa\u011flayan, hastal\u0131klar\u0131n erken tan\u0131s\u0131 i\u00e7in etkili bir sa\u011fl\u0131k taramas\u0131d\u0131r. Bu i\u015flem s\u0131ras\u0131nda g\u00fc\u00e7l\u00fc manyetik alanlar ve radyo dalgalar\u0131 kullan\u0131larak v\u00fccudun her kesiti incelenir. MR cihazlar\u0131, radyasyon i\u00e7ermedi\u011fi ve tan\u0131 konusunda olduk\u00e7a ba\u015far\u0131l\u0131 oldu\u011fu i\u00e7in tercih edilmektedir. T\u00fcm V\u00fccut MR, t\u00fcm\u00f6r, kalp-damar hastal\u0131klar\u0131 veya di\u011fer potansiyel sa\u011fl\u0131k sorunlar\u0131n\u0131 erkenden tespit edebilme imk\u00e2n\u0131 sunar. \u00d6zellikle kal\u0131tsal veya y\u00fcksek riskli sa\u011fl\u0131k ge\u00e7mi\u015fi olan ki\u015filerde erken tan\u0131 sa\u011flayarak tedavi s\u00fcrecini kolayla\u015ft\u0131r\u0131r.<\/p><h3 class=\"wp-block-heading\">T\u00fcm V\u00fccut MR Nas\u0131l \u00c7ekilir?<\/h3><p>T\u00fcm v\u00fccut MR \u00e7ekimi i\u00e7in hasta, \u00f6nceden randevu al\u0131r ve \u00e7ekim s\u0131ras\u0131nda \u00fczerindeki metal e\u015fyalar\u0131 \u00e7\u0131kar\u0131r. \u00d6zel bir hasta \u00f6nl\u00fc\u011f\u00fc giydirilen hasta, sabit bir \u015fekilde MR masas\u0131na uzan\u0131r. \u00c7ekim i\u015flemi, beyin b\u00f6lgesinden ba\u015flayarak s\u0131rayla v\u00fccudun di\u011fer b\u00f6lgelerine do\u011fru ilerler. G\u00f6\u011f\u00fcs ve kar\u0131n b\u00f6lgesinde net g\u00f6r\u00fcnt\u00fc almak i\u00e7in hastadan k\u0131sa s\u00fcre nefesini tutmas\u0131 istenir. \u00c7ekim, ortalama 40-45 dakika s\u00fcrer.<\/p><h3 class=\"wp-block-heading\">T\u00fcm V\u00fccut MR Hangi Organlar\u0131 Tarar?<\/h3><p>T\u00fcm V\u00fccut MR \u00e7ekiminde; beyin, boyun, akci\u011ferler, karaci\u011fer, pankreas, b\u00f6brekler, kalp ve damar sistemi gibi hayati organlar ayr\u0131nt\u0131l\u0131 olarak incelenir. Kad\u0131nlarda rahim ve yumurtal\u0131klar, erkeklerde ise prostat ve testisler gibi \u00fcreme organlar\u0131 da bu taramaya dahildir. Ayr\u0131ca kemik ve kas sistemini de tarayarak v\u00fccutta olu\u015fabilecek t\u00fcm\u00f6r veya hastal\u0131klar\u0131 erkenden tespit etme imk\u00e2n\u0131 sa\u011flar.<\/p><h3 class=\"wp-block-heading\">T\u00fcm V\u00fccut MR Check-Up Nedir?<\/h3><p>T\u00fcm V\u00fccut MR Check-Up, sa\u011fl\u0131kl\u0131 bireylerde hastal\u0131k risklerini \u00f6nceden belirlemek amac\u0131yla yap\u0131lan kapsaml\u0131 bir taramad\u0131r. \u00d6zellikle ailesel veya \u00e7evresel fakt\u00f6rler g\u00f6z \u00f6n\u00fcnde bulundurularak, ki\u015fide olu\u015fabilecek sa\u011fl\u0131k problemleri erkenden saptan\u0131r. Bu check-up, d\u00fczenli olarak yapt\u0131r\u0131ld\u0131\u011f\u0131nda, hastal\u0131klar\u0131n erken te\u015fhis edilmesini sa\u011flar ve gerekti\u011finde zaman\u0131nda m\u00fcdahale edilebilir.<\/p><h3 class=\"wp-block-heading\">T\u00fcm V\u00fccut Tarama Radyolojik Tetkikleri<\/h3><p>T\u00fcm v\u00fccut tarama program\u0131 kapsam\u0131nda yap\u0131lan radyolojik tetkikler, v\u00fccudun genel sa\u011fl\u0131k durumunu de\u011ferlendirerek potansiyel sa\u011fl\u0131k risklerini belirlemek i\u00e7in kullan\u0131lan y\u00f6ntemlerdir. \u0130\u015fte bu tetkikler:<\/p><ul class=\"wp-block-list\"><li>T\u00fcm V\u00fccut MR: Beyin, omurga, i\u00e7 organlar, kas ve kemik yap\u0131lar\u0131 dahil t\u00fcm v\u00fccudun detayl\u0131 incelenmesi ve t\u00fcm\u00f6r risklerinin belirlenmesi i\u00e7in yap\u0131l\u0131r.<\/li>\r\n\r\n<li>T\u00fcm Abdomen Ultrasonografi (USG): Karaci\u011fer, pankreas, b\u00f6brekler, dalak, safra kesesi gibi kar\u0131n i\u00e7i organlar\u0131n de\u011ferlendirilmesi ve anormalliklerin tespiti i\u00e7in kullan\u0131l\u0131r.<\/li>\r\n\r\n<li>Tiroit Ultrasonografi (USG): Tiroit bezindeki b\u00fcy\u00fcme, kist veya nod\u00fcllerin g\u00f6r\u00fcnt\u00fclenmesi ve fonksiyonlar\u0131n\u0131n de\u011ferlendirilmesi i\u00e7in yap\u0131l\u0131r.<\/li>\r\n\r\n<li>Akci\u011fer Grafisi (R\u00f6ntgen): Akci\u011ferler ve g\u00f6\u011f\u00fcs kafesinin genel durumu, \u00f6zellikle t\u00fcm\u00f6r, enfeksiyon veya di\u011fer anormalliklerin tespiti i\u00e7in kullan\u0131l\u0131r.<\/li>\r\n\r\n<li>V\u00fccut Kompozisyon Saptanmas\u0131: V\u00fccuttaki ya\u011f, kas ve su oran\u0131n\u0131 \u00f6l\u00e7en tetkikler, ki\u015finin genel sa\u011fl\u0131k durumu ve metabolik risk fakt\u00f6rlerini de\u011ferlendirmede \u00f6nemli rol oynar.<\/li>\r\n\r\n<li>EKG (Elektrokardiyografi): Kalp ritmini ve elektriksel aktivitesini inceleyerek kalp sa\u011fl\u0131\u011f\u0131n\u0131 de\u011ferlendirir, olas\u0131 kalp rahats\u0131zl\u0131klar\u0131n\u0131n erken te\u015fhisini sa\u011flar.<\/li><\/ul><ul class=\"wp-block-list\"><li>Radyolojik Tetkikler<\/li>\r\n\r\n<li>Tam Kan Tahlili (Hemogram)<\/li>\r\n\r\n<li>Glukoz (A\u00e7l\u0131k)<\/li>\r\n\r\n<li>\u00dcrik Asit<\/li>\r\n\r\n<li>AST, SGOT<\/li>\r\n\r\n<li>Kreatinin<\/li>\r\n\r\n<li>Kolesterol, Total<\/li>\r\n\r\n<li>GGT<\/li>\r\n\r\n<li>AM\u0130LAZ<\/li>\r\n\r\n<li>L\u0130PAZ<\/li>\r\n\r\n<li>Kolesterol, HDL<\/li>\r\n\r\n<li>Kolesterol, LDL<\/li>\r\n\r\n<li>Trigliserid<\/li>\r\n\r\n<li>VLDL \u2013 Kolesterol<\/li>\r\n\r\n<li>\u0130ns\u00fclin Direnci (HOMO-IR)<\/li>\r\n\r\n<li>Hemoglobin A1c (HbA1c)<\/li>\r\n\r\n<li>Demir<\/li>\r\n\r\n<li>Total Demir Ba\u011flama Kapasitesi<\/li>\r\n\r\n<li>Ferritin<\/li>\r\n\r\n<li>Vitamin B12<\/li>\r\n\r\n<li>25 Oh Vitamin D3<\/li>\r\n\r\n<li>Serbest T4<\/li>\r\n\r\n<li>TSH<\/li>\r\n\r\n<li>HBSAG<\/li>\r\n\r\n<li>Anti- HBS<\/li>\r\n\r\n<li>Antti-HCV<\/li>\r\n\r\n<li>Anti-H\u0131v1+2 ve P24 Antijeni<\/li>\r\n\r\n<li>\u0130drar Tetkiki<\/li>\r\n\r\n<li>Gaitada Gizli Kan<\/li>\r\n\r\n<li>PSA<\/li>\r\n\r\n<li>FPSA<\/li>\r\n\r\n<li>Testosteron<\/li>\r\n\r\n<li>CEA<\/li>\r\n\r\n<li>CEA 125<\/li>\r\n\r\n<li>CEA 15-3<\/li>\r\n\r\n<li>CEA 19-9<\/li>\r\n\r\n<li>TG<\/li>\r\n\r\n<li>Anti TG<\/li>\r\n\r\n<li>Anti TPO<\/li>\r\n\r\n<li>BetaHCG<\/li>\r\n\r\n<li>E2<\/li>\r\n\r\n<li>LH<\/li>\r\n\r\n<li>FSH<\/li>\r\n\r\n<li>Prolaktin<\/li><\/ul>","protected":false},"excerpt":{"rendered":"<p><!-- wp:paragraph --><\/p>\n<p><!-- wp:paragraph --><\/p>\n<p><strong>Sa\u011fl\u0131k hizmetlerini tatille birle\u015ftiren Gold Bosporus Check-Up Paketimiz,<\/strong> b\u00fct\u00e7enize dost se\u00e7enekleriyle \u0130stanbul\u2019un e\u015fsiz atmosferinde sa\u011fl\u0131kl\u0131 bir deneyim sunuyor. Hem sa\u011fl\u0131\u011f\u0131n\u0131z\u0131 kontrol alt\u0131nda tutarken hem de \u0130stanbul\u2019un k\u00fclt\u00fcrel zenginliklerini ke\u015ffetme f\u0131rsat\u0131 sunan bu paketimiz 3 gece konaklamal\u0131 olarak sizleri bekliyor.<\/p>\n<p><!-- \/wp:paragraph --><\/p>\n<p><!-- wp:heading {\"level\":3} --><\/p>\n<h3 class=\"wp-block-heading\">Paket \u0130\u00e7eri\u011fi:<\/h3>\n<p><!-- \/wp:heading --><\/p>\n<p><!-- wp:list --><\/p>\n<ul class=\"wp-block-list\"><!-- wp:list-item --><\/p>\n<li><strong>Kapsaml\u0131 Check-Up Hizmetleri:<\/strong> \u0130stanbul\u2019da alan\u0131nda uzman sa\u011fl\u0131k ekibimizle, t\u00fcm temel sa\u011fl\u0131k kontrollerinizi ger\u00e7ekle\u015ftiren kapsaml\u0131 bir check-up hizmeti sunuyoruz.<\/li>\n<p><!-- \/wp:list-item --><\/p>\n<p><!-- wp:list-item --><\/p>\n<li><strong>3 Y\u0131ld\u0131zl\u0131 Otelde Konaklama:<\/strong> \u0130stanbul\u2019un merkezinde, kaliteli hizmet sunan 3 y\u0131ld\u0131zl\u0131 otellerimizde 3 gece boyunca rahat ve konforlu bir konaklama deneyimi sizi bekliyor.<\/li>\n<p><!-- \/wp:list-item --><\/p>\n<p><!-- wp:list-item --><\/p>\n<li><strong>Pegasus Hava Yollar\u0131 ile U\u00e7u\u015f:<\/strong> Almanya-\u0130stanbul aras\u0131 ekonomik u\u00e7u\u015f se\u00e7ene\u011fiyle g\u00fcvenli bir yolculuk sunuyoruz.<\/li>\n<p><!-- \/wp:list-item --><\/p>\n<p><!-- wp:list-item --><\/p>\n<li><strong>Grup Transfer:<\/strong> Havaliman\u0131ndan otelinize ve sa\u011fl\u0131k merkezine ula\u015f\u0131m\u0131n\u0131z\u0131 kapsayan grup transfer se\u00e7ene\u011fiyle g\u00fcvenli ve pratik bir ula\u015f\u0131m sa\u011fl\u0131yoruz.<\/li>\n<\/ul>\n<p><!-- \/wp:list-item --><!-- \/wp:list --><\/p>\n","protected":false},"featured_media":2714,"comment_status":"open","ping_status":"closed","template":"","meta":[],"product_cat":[123],"product_tag":[],"class_list":{"0":"post-2712","1":"product","2":"type-product","3":"status-publish","4":"has-post-thumbnail","6":"product_cat-checkup","8":"first","9":"instock","10":"sale","11":"shipping-taxable","12":"purchasable","13":"product-type-simple"},"aioseo_notices":[],"_links":{"self":[{"href":"https:\/\/checuplivebetter.com\/nl\/wp-json\/wp\/v2\/product\/2712","targetHints":{"allow":["GET"]}}],"collection":[{"href":"https:\/\/checuplivebetter.com\/nl\/wp-json\/wp\/v2\/product"}],"about":[{"href":"https:\/\/checuplivebetter.com\/nl\/wp-json\/wp\/v2\/types\/product"}],"replies":[{"embeddable":true,"href":"https:\/\/checuplivebetter.com\/nl\/wp-json\/wp\/v2\/comments?post=2712"}],"wp:featuredmedia":[{"embeddable":true,"href":"https:\/\/checuplivebetter.com\/nl\/wp-json\/wp\/v2\/media\/2714"}],"wp:attachment":[{"href":"https:\/\/checuplivebetter.com\/nl\/wp-json\/wp\/v2\/media?parent=2712"}],"wp:term":[{"taxonomy":"product_cat","embeddable":true,"href":"https:\/\/checuplivebetter.com\/nl\/wp-json\/wp\/v2\/product_cat?post=2712"},{"taxonomy":"product_tag","embeddable":true,"href":"https:\/\/checuplivebetter.com\/nl\/wp-json\/wp\/v2\/product_tag?post=2712"}],"curies":[{"name":"wp","href":"https:\/\/api.w.org\/{rel}","templated":true}]}}