{"id":2700,"date":"2024-10-29T10:50:05","date_gmt":"2024-10-29T10:50:05","guid":{"rendered":"https:\/\/www.checuplivebetter.com\/?post_type=product&#038;p=2700"},"modified":"2024-11-28T10:10:05","modified_gmt":"2024-11-28T10:10:05","slug":"premium-tam-kapsamli-kanser-tarama-testi","status":"publish","type":"product","link":"https:\/\/checuplivebetter.com\/nl\/urun\/premium-tam-kapsamli-kanser-tarama-testi\/","title":{"rendered":"Premium Tam Kapsaml\u0131 Kanser Tarama Testi"},"content":{"rendered":"<h3>Kanser Tarama Testi Nedir?<\/h3>\r\n<p>Kanser tarama testleri, belirti g\u00f6stermeyen bireylerde kanserin erken evrede tespit edilmesine yard\u0131mc\u0131 olmak i\u00e7in uygulanan medikal testlerdir. Erken te\u015fhis edilen kanser t\u00fcrleri, tedaviye daha iyi yan\u0131t verir ve hastal\u0131\u011f\u0131n yay\u0131lmas\u0131 kontrol alt\u0131na al\u0131nabilir. Bu nedenle, T\u00fcrkiye gibi sa\u011fl\u0131k altyap\u0131s\u0131 geli\u015fmi\u015f \u00fclkelerde d\u00fczenli kanser taramalar\u0131, halk sa\u011fl\u0131\u011f\u0131n\u0131n korunmas\u0131 i\u00e7in \u00f6nemli bir ad\u0131md\u0131r.<\/p><h3 class=\"wp-block-heading has-gridlove-bg-color has-gridlove-highlight-bg-background-color has-text-color has-background has-link-color wp-elements-8c8c66e0d291550c6c790a7c4ea6b1ec\">Kanser Tarama Testi \u00c7e\u015fitleri ve Kullan\u0131m Alanlar\u0131<\/h3><h3 class=\"wp-block-heading\">Kanser tarama testleri, kanser t\u00fcr\u00fcne g\u00f6re farkl\u0131l\u0131k g\u00f6sterir ve ki\u015finin ya\u015f, cinsiyet, genetik yatk\u0131nl\u0131k veya risk fakt\u00f6rlerine g\u00f6re \u00f6zelle\u015ftirilir. \u00d6rne\u011fin:<\/h3><p><strong>Meme Kanseri i\u00e7in: <\/strong>Mamografi, meme dokusunun r\u00f6ntgen g\u00f6r\u00fcnt\u00fclerini alarak olas\u0131 anormallikleri de\u011ferlendirir.<\/p><p><strong>Rahim A\u011fz\u0131 Kanseri i\u00e7in:<\/strong> Pap smear ve HPV testleri ile servikal h\u00fccrelerin \u00f6rnekleri al\u0131narak anormal h\u00fccrelerin varl\u0131\u011f\u0131 kontrol edilir. <strong>Kolorektal Kanser i\u00e7in:<\/strong> Kolonoskopi veya fekal gizli kan testi kullan\u0131l\u0131r, kolon ve rektumun i\u00e7 y\u00fczeyini inceleyen detayl\u0131 bir tarama yap\u0131l\u0131r. <strong>Prostat Kanseri i\u00e7in: <\/strong>PSA testi ve dijital rektal muayene kullan\u0131larak prostat sa\u011fl\u0131\u011f\u0131 de\u011ferlendirilir. Akci\u011fer Kanseri i\u00e7in: D\u00fc\u015f\u00fck dozlu bilgisayarl\u0131 tomografi (LDCT), uzun s\u00fcreli sigara i\u00e7icilerde akci\u011fer kanseri riskini tespit etmek i\u00e7in kullan\u0131l\u0131r.<\/p><h3 class=\"wp-block-heading\"><em>Bu testler, genellikle risk gruplar\u0131na veya belirli ya\u015f gruplar\u0131na d\u00fczenli olarak \u00f6nerilir ve doktor taraf\u0131ndan ki\u015fisel sa\u011fl\u0131k \u00f6yk\u00fcs\u00fcne g\u00f6re belirlenen aral\u0131klarda yap\u0131l\u0131r.<\/em><\/h3><h3 class=\"wp-block-heading has-gridlove-bg-color has-gridlove-highlight-bg-background-color has-text-color has-background has-link-color wp-elements-becb5f3a192ac1c77c862e809568f02c\">Kanser Taramas\u0131 Nas\u0131l Yap\u0131l\u0131r?<\/h3><h3 class=\"wp-block-heading\">Kanser tarama testleri, \u00e7e\u015fitli y\u00f6ntemlerle uygulan\u0131r ve kullan\u0131lan y\u00f6ntemler kanser t\u00fcr\u00fcne g\u00f6re de\u011fi\u015fir. Baz\u0131 yayg\u0131n tarama y\u00f6ntemleri:<\/h3><ul class=\"wp-block-list\"><li><strong>Mamografi: <\/strong>Meme kanserini tespit etmek i\u00e7in meme dokusunun X-ray g\u00f6r\u00fcnt\u00fcleri al\u0131n\u0131r.<\/li>\r\n\r\n<li><strong>Pap Smear ve HPV Testi:<\/strong> Rahim a\u011fz\u0131 kanserine kar\u015f\u0131 servikal h\u00fccreler de\u011ferlendirilir.<\/li>\r\n\r\n<li><strong>Kolonoskopi: <\/strong>Kolon ve rektumun i\u00e7 y\u00fczeyini incelemek i\u00e7in kamera ile donat\u0131lm\u0131\u015f esnek bir t\u00fcp kullan\u0131l\u0131r.<\/li>\r\n\r\n<li><strong>PSA Testi ve Dijital Rektal Muayene: <\/strong>Prostat sa\u011fl\u0131\u011f\u0131n\u0131 de\u011ferlendirmek i\u00e7in kan testi ve fiziksel muayene yap\u0131l\u0131r.<\/li>\r\n\r\n<li><strong>D\u00fc\u015f\u00fck Dozlu Bilgisayarl\u0131 Tomografi (LDCT):<\/strong> Akci\u011fer kanseri riskini belirlemek i\u00e7in d\u00fc\u015f\u00fck dozda radyasyon kullanarak akci\u011ferlerin g\u00f6r\u00fcnt\u00fcs\u00fc al\u0131n\u0131r.<\/li><\/ul><h3 class=\"wp-block-heading\"><em>Doktorunuz, ki\u015fisel sa\u011fl\u0131k ge\u00e7mi\u015finize ve risk fakt\u00f6rlerinize g\u00f6re hangi testlerin gerekli oldu\u011funu belirler.<\/em><\/h3><h3 class=\"wp-block-heading has-gridlove-bg-color has-gridlove-highlight-bg-background-color has-text-color has-background has-link-color wp-elements-567cd4b245266a19ddeb40cc6c8d0383\">Kanser Taramas\u0131 Kimlere \u00d6nerilir?<\/h3><h3 class=\"wp-block-heading\">Kanser tarama testleri, \u00f6zellikle a\u015fa\u011f\u0131daki gruplar i\u00e7in \u00f6nemlidir:<\/h3><ul class=\"wp-block-list\"><li><strong>Y\u00fcksek Risk Gruplar\u0131:<\/strong> Ailesinde kanser \u00f6yk\u00fcs\u00fc bulunanlar, genetik yatk\u0131nl\u0131\u011f\u0131 olan bireyler.<\/li>\r\n\r\n<li><strong>Belirli Ya\u015f Gruplar\u0131: <\/strong>\u00d6rne\u011fin, kolorektal kanser i\u00e7in 50 ya\u015f ve \u00fczeri, meme kanseri i\u00e7in 40 ya\u015f ve \u00fczeri.<\/li>\r\n\r\n<li><strong>\u00d6zel Risk Fakt\u00f6rleri:<\/strong> Sigara i\u00e7enler veya belirli kimyasal maruziyeti olanlar.<\/li>\r\n\r\n<li><strong>\u00d6nceden Kanser Tedavisi G\u00f6rm\u00fc\u015f Ki\u015filer: <\/strong>Yeniden kanser geli\u015fme riski ta\u015f\u0131yan bireyler.<\/li><\/ul><h3 class=\"wp-block-heading has-gridlove-bg-color has-gridlove-highlight-bg-background-color has-text-color has-background has-link-color wp-elements-4f6914c0ea5f41c623ea653a071b3998\">Hangi Kanserler \u0130\u00e7in D\u00fczenli Tarama \u00d6nerilir?<\/h3><h3 class=\"wp-block-heading\">D\u00fczenli kanser taramalar\u0131, baz\u0131 kanser t\u00fcrlerinde erken te\u015fhisi sa\u011flar. Genellikle \u00f6nerilen taramalar:<\/h3><ul class=\"wp-block-list\"><li><strong>Meme Kanseri:<\/strong> 40 ya\u015f ve \u00fczeri kad\u0131nlara mamografi taramalar\u0131 \u00f6nerilir.<\/li>\r\n\r\n<li><strong>Rahim A\u011fz\u0131 Kanseri: <\/strong>21 ya\u015f\u0131ndan itibaren d\u00fczenli Pap smear ve HPV testleri yap\u0131l\u0131r.<\/li>\r\n\r\n<li><strong>Kolorektal Kanser:<\/strong> 50 ya\u015f ve \u00fczeri bireylere kolonoskopi veya di\u011fer uygun tarama testleri \u00f6nerilir.<\/li>\r\n\r\n<li><strong>Prostat Kanseri:<\/strong> PSA testi ve dijital rektal muayene, belirli ya\u015f grubundaki erkekler i\u00e7in \u00f6nerilir.<\/li>\r\n\r\n<li><strong>Akci\u011fer Kanseri: <\/strong>\u00d6zellikle uzun s\u00fcreli sigara i\u00e7icilere d\u00fc\u015f\u00fck dozlu BT taramalar\u0131 yap\u0131labilir.<\/li><\/ul><h3 class=\"wp-block-heading\">Kanserde Erken Te\u015fhis<\/h3><p>Kanserde erken te\u015fhis, tedavi s\u00fcrecinin ba\u015far\u0131s\u0131n\u0131 art\u0131r\u0131r ve hastal\u0131\u011f\u0131n kontrol alt\u0131na al\u0131nmas\u0131n\u0131 sa\u011flar. D\u00fczenli tarama testleri, belirtiler ortaya \u00e7\u0131kmadan \u00f6nce kanseri tespit edebilir ve hastan\u0131n sa\u011fkal\u0131m oran\u0131n\u0131 y\u00fckseltebilir. Erken te\u015fhis ayr\u0131ca daha az invaziv tedavi se\u00e7eneklerini m\u00fcmk\u00fcn k\u0131lar.<\/p><h3 class=\"wp-block-heading\">Normal \u00c7\u0131kan Bir Check-Up Sonras\u0131 Kanser Te\u015fhisi Al\u0131nabilir mi?<\/h3><p>Evet, check-up sonu\u00e7lar\u0131 normal \u00e7\u0131ksa bile ki\u015fi ilerleyen d\u00f6nemlerde kanser te\u015fhisi alabilir. Standart tarama testleri her zaman %100 do\u011frulukla kanseri tespit edemez; baz\u0131 kanser t\u00fcrleri daha h\u0131zl\u0131 geli\u015febilir ve taramalar aras\u0131nda ortaya \u00e7\u0131kabilir. Bu nedenle, normal bir check-up sonucu al\u0131nd\u0131\u011f\u0131nda bile yeni veya de\u011fi\u015fen belirtiler fark edildi\u011finde doktora ba\u015fvurulmal\u0131d\u0131r.<\/p><h3 class=\"wp-block-heading has-gridlove-bg-color has-gridlove-highlight-bg-background-color has-text-color has-background has-link-color wp-elements-b4921446a3ac58e4ca2cbe7e18545668\">Kanser Te\u015fhisi \u0130\u00e7in Uygulanan Testler; Erken te\u015fhis amac\u0131yla kullan\u0131lan ba\u015fl\u0131ca testler \u015funlard\u0131r:<\/h3><ul class=\"wp-block-list\"><li><strong>Tarama Testleri:<\/strong> Belirgin bir belirti olmadan kanseri tespit etmeye y\u00f6nelik testlerdir (mamografi, kolonoskopi, Pap smear gibi).<\/li>\r\n\r\n<li><strong>Genetik Testler: <\/strong>Genetik yatk\u0131nl\u0131k ta\u015f\u0131yan bireylerde y\u00fcksek kanser riski i\u00e7in yap\u0131l\u0131r.<\/li>\r\n\r\n<li><strong>G\u00f6r\u00fcnt\u00fcleme Testleri:<\/strong> Ultrason, MR, BT ve PET taramalar\u0131, v\u00fccudun i\u00e7 yap\u0131s\u0131n\u0131 ayr\u0131nt\u0131l\u0131 olarak inceleyerek olas\u0131 kanserli b\u00f6lgeleri tespit eder.<\/li><\/ul><h2 class=\"wp-block-heading has-gridlove-bg-color has-gridlove-highlight-bg-background-color has-text-color has-background has-link-color wp-elements-cc1cba4da0d1fa9aac744aac857f2658\">Kanser Tan\u0131s\u0131nda Di\u011fer Y\u00f6ntemler; Kanser tan\u0131s\u0131 koymak i\u00e7in ek olarak:<\/h2><ul class=\"wp-block-list\"><li><strong>Biyopsi:<\/strong> \u015e\u00fcpheli dokudan al\u0131nan \u00f6rne\u011fin mikroskop alt\u0131nda incelenmesi.<\/li>\r\n\r\n<li><strong>Laboratuvar Testleri:<\/strong> Kan ve idrar analizleri ile kanser belirte\u00e7lerinin de\u011ferlendirilmesi.<\/li>\r\n\r\n<li><strong>G\u00f6r\u00fcnt\u00fcleme Testleri:<\/strong> Kanserin yay\u0131l\u0131m\u0131n\u0131 ve evresini belirlemek i\u00e7in MR, BT ve PET taramalar\u0131 yap\u0131l\u0131r.<\/li><\/ul><blockquote class=\"wp-block-quote is-layout-flow wp-block-quote-is-layout-flow\">\u00d6zetle; Kanser tarama testleri, \u00f6zellikle y\u00fcksek risk gruplar\u0131na ve belirli ya\u015flardaki bireylere d\u00fczenli olarak \u00f6nerilir. Tarama testlerinin s\u0131kl\u0131\u011f\u0131, ki\u015finin sa\u011fl\u0131k \u00f6yk\u00fcs\u00fc ve risk fakt\u00f6rlerine g\u00f6re belirlenir. Sa\u011fl\u0131k profesyonelleri, hangi testlerin ve ne s\u0131kl\u0131kta yap\u0131lmas\u0131 gerekti\u011fi konusunda rehberlik edebilir.<\/blockquote>","protected":false},"excerpt":{"rendered":"<p><!-- wp:paragraph --><\/p>\n<p><strong>\u00d6zel olarak haz\u0131rlanan Premium Bosporus Check-Up Paketimiz, <\/strong>sa\u011fl\u0131\u011f\u0131n\u0131z\u0131 koruman\u0131n yan\u0131 s\u0131ra, \u0130stanbul\u2019un g\u00fczelliklerini ke\u015ffetmenizi sa\u011flayacak benzersiz bir tatil deneyimi sunuyor. Almanya\u2019dan gelen misafirlerimiz i\u00e7in tasarlanan bu ayr\u0131cal\u0131kl\u0131 paket, modern sa\u011fl\u0131k hizmetlerini l\u00fcks konaklama, seyahat ve \u00f6zel etkinliklerle birle\u015ftiriyor.<\/p>\n<p><!-- \/wp:paragraph --><\/p>\n<p><!-- wp:heading {\"level\":3} --><\/p>\n<h3 class=\"wp-block-heading\">Paket \u0130\u00e7eri\u011fi:<\/h3>\n<p><!-- \/wp:heading --><\/p>\n<p><!-- wp:list --><\/p>\n<ul class=\"wp-block-list\">\n<li style=\"list-style-type: none;\">\n<ul class=\"wp-block-list\"><!-- wp:list-item --><\/p>\n<li><strong>Kapsaml\u0131 Check-Up ve Sa\u011fl\u0131k Hizmetleri:<\/strong> Geli\u015fmi\u015f t\u0131bbi altyap\u0131m\u0131z ve uzman ekibimizle sa\u011fl\u0131\u011f\u0131n\u0131z\u0131 A\u2019dan Z\u2019ye kontrol ediyoruz. \u0130stanbul\u2019da tam kapsaml\u0131 bir check-up ile t\u00fcm sa\u011fl\u0131k ihtiya\u00e7lar\u0131n\u0131z\u0131 kar\u015f\u0131l\u0131yoruz.<\/li>\n<\/ul>\n<\/li>\n<\/ul>\n<p><!-- \/wp:list-item --><\/p>\n<p><!-- wp:list-item --><\/p>\n<ul class=\"wp-block-list\">\n<li style=\"list-style-type: none;\">\n<ul class=\"wp-block-list\">\n<li><strong>5 Y\u0131ld\u0131zl\u0131 Konforlu Konaklama:<\/strong> \u0130stanbul\u2019un se\u00e7kin otellerinden birinde, \u015fehrin merkezi konumunda yer alan 5 y\u0131ld\u0131zl\u0131 l\u00fcks bir otelde konaklayarak tatilin tad\u0131n\u0131 \u00e7\u0131kar\u0131n.<\/li>\n<\/ul>\n<\/li>\n<\/ul>\n<p><!-- \/wp:list-item --><\/p>\n<p><!-- wp:list-item --><\/p>\n<ul class=\"wp-block-list\">\n<li style=\"list-style-type: none;\">\n<ul class=\"wp-block-list\">\n<li>T\u00fcrk Hava Yollar\u0131 ile U\u00e7u\u015flar: Rahatl\u0131\u011f\u0131n\u0131z d\u00fc\u015f\u00fcn\u00fclerek tasarlanan seyahat s\u00fcreci, T\u00fcrk Hava Yollar\u0131\u2019n\u0131n g\u00fcvencesiyle Almanya-\u0130stanbul aras\u0131nda ger\u00e7ekle\u015fiyor.<\/li>\n<\/ul>\n<\/li>\n<\/ul>\n<p><!-- \/wp:list-item --><\/p>\n<p><!-- wp:list-item --><\/p>\n<ul class=\"wp-block-list\">\n<li style=\"list-style-type: none;\">\n<ul class=\"wp-block-list\">\n<li><strong>VIP \u00d6zel Transfer: <\/strong>\u0130stanbul Havaliman\u0131\u2019nda VIP \u00f6zel transferle kar\u015f\u0131lan\u0131yor ve t\u00fcm \u015fehir i\u00e7i ula\u015f\u0131mlar\u0131n\u0131zda konfor ve g\u00fcvenle seyahat ediyorsunuz.<\/li>\n<\/ul>\n<\/li>\n<\/ul>\n<p><!-- \/wp:list-item --><\/p>\n<p><!-- wp:list-item --><\/p>\n<ul class=\"wp-block-list\">\n<li style=\"list-style-type: none;\">\n<ul class=\"wp-block-list\">\n<li><strong>Bo\u011faz Turu &amp; \u0130stanbul Gecesi: <\/strong>Bo\u011faz\u0131n e\u015fsiz manzaras\u0131nda d\u00fczenlenen \u00f6zel bir tekne turuna kat\u0131larak tarihi yar\u0131maday\u0131 denizden ke\u015ffedin. Ayr\u0131ca, \u0130stanbul gecelerini \u00f6zel bir ak\u015fam program\u0131yla unutulmaz k\u0131l\u0131n.<\/li>\n<\/ul>\n<\/li>\n<\/ul>\n<p><!-- \/wp:list-item --><!-- \/wp:list --><!-- \/wp:list-item --><!-- \/wp:list --><\/p>\n","protected":false},"featured_media":2702,"comment_status":"open","ping_status":"closed","template":"","meta":[],"product_cat":[123],"product_tag":[],"class_list":{"0":"post-2700","1":"product","2":"type-product","3":"status-publish","4":"has-post-thumbnail","6":"product_cat-checkup","8":"first","9":"instock","10":"sale","11":"shipping-taxable","12":"purchasable","13":"product-type-simple"},"aioseo_notices":[],"_links":{"self":[{"href":"https:\/\/checuplivebetter.com\/nl\/wp-json\/wp\/v2\/product\/2700","targetHints":{"allow":["GET"]}}],"collection":[{"href":"https:\/\/checuplivebetter.com\/nl\/wp-json\/wp\/v2\/product"}],"about":[{"href":"https:\/\/checuplivebetter.com\/nl\/wp-json\/wp\/v2\/types\/product"}],"replies":[{"embeddable":true,"href":"https:\/\/checuplivebetter.com\/nl\/wp-json\/wp\/v2\/comments?post=2700"}],"wp:featuredmedia":[{"embeddable":true,"href":"https:\/\/checuplivebetter.com\/nl\/wp-json\/wp\/v2\/media\/2702"}],"wp:attachment":[{"href":"https:\/\/checuplivebetter.com\/nl\/wp-json\/wp\/v2\/media?parent=2700"}],"wp:term":[{"taxonomy":"product_cat","embeddable":true,"href":"https:\/\/checuplivebetter.com\/nl\/wp-json\/wp\/v2\/product_cat?post=2700"},{"taxonomy":"product_tag","embeddable":true,"href":"https:\/\/checuplivebetter.com\/nl\/wp-json\/wp\/v2\/product_tag?post=2700"}],"curies":[{"name":"wp","href":"https:\/\/api.w.org\/{rel}","templated":true}]}}