{"id":4323,"date":"2024-12-05T10:21:50","date_gmt":"2024-12-05T10:21:50","guid":{"rendered":"https:\/\/checuplivebetter.com\/?post_type=product&#038;p=4323"},"modified":"2024-12-05T10:23:00","modified_gmt":"2024-12-05T10:23:00","slug":"tour-de-3-dias-a-gallipoli-y-troya-desde-estambul","status":"publish","type":"product","link":"https:\/\/checuplivebetter.com\/es\/urun\/tour-de-3-dias-a-gallipoli-y-troya-desde-estambul\/","title":{"rendered":"Tour de 3 D\u00edas a Gallipoli y Troya desde Estambul"},"content":{"rendered":"","protected":false},"excerpt":{"rendered":"<p><strong>Descripci\u00f3n general:<\/strong><br \/>\nDescubra la historia y las leyendas de Gallipoli y Troya con un c\u00f3modo tour guiado de 3 d\u00edas. Explore los sectores de Cape Helles y ANZAC en la pen\u00ednsula de Gallipoli, y visite la antigua ciudad de Troya, hogar del legendario Caballo de Troya.<\/p>\n<p><strong>D\u00eda 1: De Estambul a Gallipoli<\/strong><br \/>\n\u2981 <strong>Ma\u00f1ana:<\/strong> Recogida en el hotel (Taksim, Sultanahmet y regiones cercanas)<br \/>\n\u2981 <strong>Parada:<\/strong> Desayuno en el camino (por cuenta propia)<br \/>\n\u2981 <strong>Mediod\u00eda:<\/strong> Llegada a Gallipoli y registro en el hotel.<br \/>\n\u2981 <strong>Tarde:<\/strong> Tiempo libre para descansar o explorar.<br \/>\n\u2981 <strong>Noche:<\/strong> Alojamiento en Eceabat o \u00c7anakkale.<\/p>\n<p><strong>D\u00eda 2: Tour de Gallipoli Cape Helles y Sectores ANZAC<\/strong><br \/>\n\u2981 <strong>Ma\u00f1ana:<\/strong> Tour guiado de todo el d\u00eda en Gallipoli.<br \/>\n\u2981 Visita al Memorial de Cape Helles, la Fortaleza de Kilitbahir, el Memorial Turco y m\u00e1s.<br \/>\n\u2981 Aprenda sobre los sitios de batallas significativas, como la playa V y la colina Achi Baba.<br \/>\n\u2981 <strong>Almuerzo:<\/strong> En un restaurante local.<br \/>\n\u2981 <strong>Tarde:<\/strong> Destacados del tour por el sector ANZAC: ANZAC Cove, Lone Pine Memorial, Chunuk Bair y el Cementerio del 57\u00ba Regimiento de Infanter\u00eda.<br \/>\n\u2981 <strong>Noche:<\/strong> Regreso a su hotel en Eceabat o \u00c7anakkale.<\/p>\n<p><strong>D\u00eda 3: Tour de la Antigua Ciudad de Troya y regreso a Estambul<\/strong><br \/>\n\u2981 <strong>Ma\u00f1ana:<\/strong> Desayuno y salida del hotel.<br \/>\n\u2981 Tour guiado por las ruinas antiguas de Troya, incluyendo:<br \/>\n\u2981 El Caballo de Troya<br \/>\n\u2981 Las murallas de la ciudad de Troya VI y VII<br \/>\n\u2981 El Templo de Atenea<br \/>\n\u2981 El Ba\u00f1o Romano y Ode\u00f3n<br \/>\n\u2981 La Puerta Escaeana y la Agora<br \/>\n\u2981 <strong>Tarde:<\/strong> Tiempo libre para explorar.<br \/>\n\u2981 <strong>Noche:<\/strong> Regreso a Estambul (llegada alrededor de las 22:00\u201322:30).<\/p>\n<p><strong>Lo que incluye el precio:<\/strong><br \/>\n\u2981 Alojamiento en hotel con desayuno.<br \/>\n\u2981 Tours guiados profesionales.<br \/>\n\u2981 Tarifas de entrada a todos los sitios.<br \/>\n\u2981 Transporte en autobuses con aire acondicionado.<br \/>\n\u2981 Almuerzo en el D\u00eda 2.<\/p>\n<p><strong>Lo que no incluye el precio:<\/strong><br \/>\n\u2981 Gastos personales.<br \/>\n\u2981 Desayuno en el D\u00eda 1 y todas las cenas.<br \/>\n\u2981 Bebidas durante el almuerzo.<\/p>\n","protected":false},"featured_media":4330,"comment_status":"open","ping_status":"closed","template":"","meta":[],"product_cat":[81],"product_tag":[],"class_list":{"0":"post-4323","1":"product","2":"type-product","3":"status-publish","4":"has-post-thumbnail","6":"product_cat-unc","8":"first","9":"instock","10":"sale","11":"shipping-taxable","12":"purchasable","13":"product-type-simple"},"aioseo_notices":[],"_links":{"self":[{"href":"https:\/\/checuplivebetter.com\/es\/wp-json\/wp\/v2\/product\/4323","targetHints":{"allow":["GET"]}}],"collection":[{"href":"https:\/\/checuplivebetter.com\/es\/wp-json\/wp\/v2\/product"}],"about":[{"href":"https:\/\/checuplivebetter.com\/es\/wp-json\/wp\/v2\/types\/product"}],"replies":[{"embeddable":true,"href":"https:\/\/checuplivebetter.com\/es\/wp-json\/wp\/v2\/comments?post=4323"}],"wp:featuredmedia":[{"embeddable":true,"href":"https:\/\/checuplivebetter.com\/es\/wp-json\/wp\/v2\/media\/4330"}],"wp:attachment":[{"href":"https:\/\/checuplivebetter.com\/es\/wp-json\/wp\/v2\/media?parent=4323"}],"wp:term":[{"taxonomy":"product_cat","embeddable":true,"href":"https:\/\/checuplivebetter.com\/es\/wp-json\/wp\/v2\/product_cat?post=4323"},{"taxonomy":"product_tag","embeddable":true,"href":"https:\/\/checuplivebetter.com\/es\/wp-json\/wp\/v2\/product_tag?post=4323"}],"curies":[{"name":"wp","href":"https:\/\/api.w.org\/{rel}","templated":true}]}}