{"id":4310,"date":"2024-12-05T10:13:14","date_gmt":"2024-12-05T10:13:14","guid":{"rendered":"https:\/\/checuplivebetter.com\/?post_type=product&#038;p=4310"},"modified":"2024-12-05T10:16:02","modified_gmt":"2024-12-05T10:16:02","slug":"tour-de-la-ciudad-antigua-de-efeso","status":"publish","type":"product","link":"https:\/\/checuplivebetter.com\/es\/urun\/tour-de-la-ciudad-antigua-de-efeso\/","title":{"rendered":"Tour de la Ciudad Antigua de \u00c9feso"},"content":{"rendered":"","protected":false},"excerpt":{"rendered":"<p><strong>Ephesus: Descubre las Maravillas Eternas \u2013 Tour de Un D\u00eda desde el Aeropuerto de Izmir<\/strong><br \/>\n<strong>Detalles del Tour:<\/strong><br \/>\n\u2981 <strong>Duraci\u00f3n:<\/strong> Todo el D\u00eda<br \/>\n\u2981 <strong>Tipo de Tour:<\/strong> Guiado en Grupo<br \/>\n\u2981 <strong>Transporte:<\/strong> Autob\u00fas<br \/>\n\u2981 <strong>Disponibilidad:<\/strong> Diario<br \/>\n\u2981 <strong>Salida:<\/strong> 09:30 AM<br \/>\n\u2981 <strong>Llegada:<\/strong> 04:00 PM<\/p>\n<p><strong>Itinerario<\/strong><br \/>\n<strong>Ma\u00f1ana: Llegada e Inicio del Tour<\/strong><br \/>\n\u2981 Llegada al Aeropuerto de Izmir Adnan Menderes (recomendado entre las 07:30 y 08:30 AM).<br \/>\n\u2981 Encuentro con su equipo de viaje en el aeropuerto y traslado a \u00c9feso.<\/p>\n<p><strong>Puntos destacados del Tour en \u00c9feso:<\/strong><br \/>\n\u2981 Biblioteca de Celsus<br \/>\n\u2981 Templo de Adriano<br \/>\n\u2981 Fuente de Trajano<br \/>\n\u2981 Callej\u00f3n de M\u00e1rmol Hist\u00f3rico<br \/>\n\u2981 Gran Teatro (Lugar de predicaci\u00f3n de San Pablo)<\/p>\n<p><strong>Almuerzo:<\/strong><br \/>\n\u2981 Disfrute de una comida deliciosa en un restaurante local.<\/p>\n<p><strong>Tarde: Visitas Adicionales<\/strong><br \/>\n\u2981 Visita la Mezquita Isabey.<br \/>\n\u2981 Explora la Casa de la Virgen Mar\u00eda, que se cree fue su \u00faltima residencia.<br \/>\n\u2981 Visita el Templo de Artemisa, una de las Siete Maravillas del Mundo Antiguo.<\/p>\n<p><strong>16:00 PM:<\/strong> Traslado de regreso al Aeropuerto de Izmir o opci\u00f3n de dejar en Sel\u00e7uk o Ku\u015fadas\u0131.<\/p>\n<p><strong>El precio incluye:<\/strong><br \/>\n\u2981 Recogida y traslado desde el Aeropuerto de Izmir<br \/>\n\u2981 Servicios de gu\u00edas profesionales<br \/>\n\u2981 Entradas a todas las atracciones<br \/>\n\u2981 Almuerzo en un restaurante local<br \/>\n\u2981 Transporte con aire acondicionado<br \/>\n\u2981 Estacionamiento y peajes<br \/>\n\u2981 Impuestos locales<\/p>\n<p><strong>El precio no incluye:<\/strong><br \/>\n\u2981 Gastos personales<br \/>\n\u2981 Bebidas durante el almuerzo<br \/>\n\u2981 Desayuno y cena<br \/>\n\u2981 Tours opcionales, como visitas a Pamukkale<\/p>\n<p><strong>Notas adicionales:<\/strong><br \/>\n\u2981 La hora de salida del vuelo debe ser despu\u00e9s de las 6:45 PM para el regreso.<br \/>\n\u2981 Se recomienda usar zapatos c\u00f3modos y un sombrero.<br \/>\n\u2981 Los horarios de recogida exactos se confirmar\u00e1n al realizar la reserva.<br \/>\n\u2981 El orden del itinerario puede variar para evitar la congesti\u00f3n.<\/p>\n","protected":false},"featured_media":4365,"comment_status":"open","ping_status":"closed","template":"","meta":[],"product_cat":[81],"product_tag":[],"class_list":{"0":"post-4310","1":"product","2":"type-product","3":"status-publish","4":"has-post-thumbnail","6":"product_cat-unc","8":"first","9":"instock","10":"sale","11":"shipping-taxable","12":"purchasable","13":"product-type-simple"},"aioseo_notices":[],"_links":{"self":[{"href":"https:\/\/checuplivebetter.com\/es\/wp-json\/wp\/v2\/product\/4310","targetHints":{"allow":["GET"]}}],"collection":[{"href":"https:\/\/checuplivebetter.com\/es\/wp-json\/wp\/v2\/product"}],"about":[{"href":"https:\/\/checuplivebetter.com\/es\/wp-json\/wp\/v2\/types\/product"}],"replies":[{"embeddable":true,"href":"https:\/\/checuplivebetter.com\/es\/wp-json\/wp\/v2\/comments?post=4310"}],"wp:featuredmedia":[{"embeddable":true,"href":"https:\/\/checuplivebetter.com\/es\/wp-json\/wp\/v2\/media\/4365"}],"wp:attachment":[{"href":"https:\/\/checuplivebetter.com\/es\/wp-json\/wp\/v2\/media?parent=4310"}],"wp:term":[{"taxonomy":"product_cat","embeddable":true,"href":"https:\/\/checuplivebetter.com\/es\/wp-json\/wp\/v2\/product_cat?post=4310"},{"taxonomy":"product_tag","embeddable":true,"href":"https:\/\/checuplivebetter.com\/es\/wp-json\/wp\/v2\/product_tag?post=4310"}],"curies":[{"name":"wp","href":"https:\/\/api.w.org\/{rel}","templated":true}]}}