{"id":4305,"date":"2024-12-05T10:07:46","date_gmt":"2024-12-05T10:07:46","guid":{"rendered":"https:\/\/checuplivebetter.com\/?post_type=product&#038;p=4305"},"modified":"2024-12-05T10:09:10","modified_gmt":"2024-12-05T10:09:10","slug":"paquete-de-tour-de-10-dias-los-destinos-mas-fascinantes-de-turquia","status":"publish","type":"product","link":"https:\/\/checuplivebetter.com\/es\/urun\/paquete-de-tour-de-10-dias-los-destinos-mas-fascinantes-de-turquia\/","title":{"rendered":"Paquete de Tour de 10 D\u00edas: Los Destinos M\u00e1s Fascinantes de Turqu\u00eda"},"content":{"rendered":"","protected":false},"excerpt":{"rendered":"<p><strong>Descubre Turqu\u00eda: Un Viaje a trav\u00e9s de Maravillas Eternas<\/strong><\/p>\n<p><strong>Detalles del Tour:<\/strong><br \/>\n\u2981 Duraci\u00f3n: 10 D\u00edas<br \/>\n\u2981 Tipo de Tour: Guiado en Grupo<br \/>\n\u2981 Transporte: Autob\u00fas + Avi\u00f3n<br \/>\n\u2981 Disponible: Diario<br \/>\n\u2981 Salida\/Llegada: Estambul<\/p>\n<p><strong>Itinerario<\/strong><br \/>\n<strong>D\u00eda 1: Llegada a Estambul<\/strong><br \/>\nLlegada al aeropuerto de Estambul y traslado al hotel. Registro en el hotel y tiempo libre para relajarse. Noche en Estambul.<br \/>\n<strong>D\u00eda 2: Tour Hist\u00f3rico de Estambul (D, A)<\/strong><br \/>\nComienza el d\u00eda con el desayuno en el hotel y luego un tour completo de un d\u00eda por la Estambul hist\u00f3rica:<br \/>\n\u2981 Santa Sof\u00eda<br \/>\n\u2981 Mezquita Azul<br \/>\n\u2981 Hip\u00f3dromo<br \/>\n\u2981 Palacio Topkapi<br \/>\n\u2981 Gran Bazar<br \/>\nRegreso al hotel despu\u00e9s del tour. Noche en Estambul.<br \/>\n<strong>D\u00eda 3: Crucero por el B\u00f3sforo (D)<\/strong><br \/>\nDesayuno en el hotel seguido de un tour de medio d\u00eda:<br \/>\n\u2981 Murallas de la Ciudad Bizantina<br \/>\n\u2981 Cuerno de Oro<br \/>\n\u2981 Mercado de Especias<br \/>\n\u2981 Crucero por el B\u00f3sforo entre Europa y Asia<br \/>\nTarde libre para explorar. Noche en Estambul.<br \/>\n<strong>D\u00eda 4: Vuelo a Capadocia y Tour por el Norte de Capadocia (A)<\/strong><br \/>\nTraslado temprano al aeropuerto para un vuelo a Kayseri o Nevsehir. A la llegada, visita:<br \/>\n\u2981 Valle de Devrent<br \/>\n\u2981 Pasabag<br \/>\n\u2981 Avanos<br \/>\n\u2981 G\u00f6reme<br \/>\n\u2981 Castillo de Uchisar<br \/>\nNoche en Capadocia.<br \/>\n<strong>D\u00eda 5: Tour por el Sur de Capadocia (D, A)<\/strong><br \/>\nExplora el sur de Capadocia, incluyendo:<br \/>\n\u2981 Ciudad Subterr\u00e1nea<br \/>\n\u2981 Valle Rojo<br \/>\n\u2981 Cavusin<br \/>\n\u2981 Ortahisar<br \/>\n\u2981 Valle de las Palomas<br \/>\nRegreso al hotel. Noche en Capadocia.<br \/>\n<strong>D\u00eda 6: Capadocia a Kusadasi (D)<\/strong><br \/>\nDesayuno y traslado al aeropuerto para un vuelo a Izmir. Al llegar, traslado a tu hotel en Kusadasi. Noche en Kusadasi.<br \/>\n<strong>D\u00eda 7: Tour a Pamukkale (D, A)<\/strong><br \/>\nViaje a Pamukkale para un tour guiado:<br \/>\n\u2981 Ciudad Antigua de Hier\u00e1polis<br \/>\n\u2981 Famosas Terrazas de Calcio<br \/>\n\u2981 Piscina T\u00e9rmica Antigua (entrada adicional)<br \/>\nRegreso a Kusadasi para pasar la noche.<br \/>\n<strong>D\u00eda 8: Ciudad Antigua de \u00c9feso y Casa de la Virgen Mar\u00eda (D, A)<\/strong><br \/>\nVisita a:<br \/>\n\u2981 Ciudad Antigua de \u00c9feso<br \/>\n\u2981 Templo de Artemisa<br \/>\n\u2981 Mezquita Isabey<br \/>\n\u2981 Casa de la Virgen Mar\u00eda<br \/>\nNoche en Kusadasi.<br \/>\n<strong>D\u00eda 9: Kusadasi a Estambul (D)<\/strong><br \/>\nCheck-out y traslado al aeropuerto de Izmir para un vuelo a Estambul. Tarde libre. Noche en Estambul.<br \/>\n<strong>D\u00eda 10: Vuelo de Regreso (D)<\/strong><br \/>\nDesayuno y check-out del hotel. Traslado al aeropuerto para tu vuelo de regreso.<\/p>\n<p><strong>El precio incluye:<\/strong><br \/>\n\u2981 Todos los traslados al aeropuerto<br \/>\n\u2981 Boletos de vuelos nacionales<br \/>\n\u2981 9 noches de alojamiento con desayuno<br \/>\n\u2981 Todos los tours guiados seg\u00fan el itinerario<br \/>\n\u2981 Comidas indicadas (D: Desayuno, A: Almuerzo)<br \/>\n\u2981 Tarifas de entrada<br \/>\n\u2981 Gu\u00edas locales profesionales<br \/>\n\u2981 Transporte con aire acondicionado<br \/>\n\u2981 Estacionamiento y peajes<br \/>\n\u2981 Impuestos locales<\/p>\n<p><strong>El precio no incluye:<\/strong><br \/>\n\u2981 Gastos personales<br \/>\n\u2981 Bebidas durante las comidas<br \/>\n\u2981 Cenas y comidas en d\u00edas libres<br \/>\n\u2981 Tours opcionales (por ejemplo, paseo en globo de aire caliente en Capadocia)<\/p>\n<p><strong>Observaciones:<\/strong><br \/>\n\u2981 Horarios exactos de recogida proporcionados al momento de la reserva.<br \/>\n\u2981 Est\u00e9 listo 15 minutos antes de la hora de recogida programada.<br \/>\n\u2981 Use zapatos c\u00f3modos y un sombrero para protecci\u00f3n solar.<br \/>\n\u2981 El itinerario puede cambiar para evitar congestiones.<\/p>\n","protected":false},"featured_media":4360,"comment_status":"open","ping_status":"closed","template":"","meta":[],"product_cat":[81],"product_tag":[],"class_list":{"0":"post-4305","1":"product","2":"type-product","3":"status-publish","4":"has-post-thumbnail","6":"product_cat-unc","8":"first","9":"instock","10":"sale","11":"shipping-taxable","12":"purchasable","13":"product-type-simple"},"aioseo_notices":[],"_links":{"self":[{"href":"https:\/\/checuplivebetter.com\/es\/wp-json\/wp\/v2\/product\/4305","targetHints":{"allow":["GET"]}}],"collection":[{"href":"https:\/\/checuplivebetter.com\/es\/wp-json\/wp\/v2\/product"}],"about":[{"href":"https:\/\/checuplivebetter.com\/es\/wp-json\/wp\/v2\/types\/product"}],"replies":[{"embeddable":true,"href":"https:\/\/checuplivebetter.com\/es\/wp-json\/wp\/v2\/comments?post=4305"}],"wp:featuredmedia":[{"embeddable":true,"href":"https:\/\/checuplivebetter.com\/es\/wp-json\/wp\/v2\/media\/4360"}],"wp:attachment":[{"href":"https:\/\/checuplivebetter.com\/es\/wp-json\/wp\/v2\/media?parent=4305"}],"wp:term":[{"taxonomy":"product_cat","embeddable":true,"href":"https:\/\/checuplivebetter.com\/es\/wp-json\/wp\/v2\/product_cat?post=4305"},{"taxonomy":"product_tag","embeddable":true,"href":"https:\/\/checuplivebetter.com\/es\/wp-json\/wp\/v2\/product_tag?post=4305"}],"curies":[{"name":"wp","href":"https:\/\/api.w.org\/{rel}","templated":true}]}}