{"id":4295,"date":"2024-12-05T09:56:29","date_gmt":"2024-12-05T09:56:29","guid":{"rendered":"https:\/\/checuplivebetter.com\/?post_type=product&#038;p=4295"},"modified":"2024-12-05T10:01:01","modified_gmt":"2024-12-05T10:01:01","slug":"expreso-del-este-de-turquia","status":"publish","type":"product","link":"https:\/\/checuplivebetter.com\/es\/urun\/expreso-del-este-de-turquia\/","title":{"rendered":"Expreso del Este de Turqu\u00eda"},"content":{"rendered":"","protected":false},"excerpt":{"rendered":"<p><strong>D\u00eda 1 &#8211; Estambul a Kars<\/strong><br \/>\n<strong>Destacados:<\/strong> Ruinas de Ani, R\u00edo Arpa\u00e7ay, Lago \u00c7\u0131ld\u0131r, Ciudad de Kars, Noche Cauc\u00e1sica<br \/>\n\u2981 Vuelo: Aeropuerto Sabiha G\u00f6k\u00e7en a Erzurum.<br \/>\n\u2981 Visita a los monumentos seljuk: \u00c7ifte Minareli y Yakutiye Medrese (vista panor\u00e1mica).<br \/>\n\u2981 Viaje panor\u00e1mico a trav\u00e9s de Pasinler y Horasan, cruzando las Monta\u00f1as Allahuekber hasta Sar\u0131kam\u0131\u015f.<br \/>\n\u2981 Visita al Monumento a los M\u00e1rtires de Sar\u0131kam\u0131\u015f.<br \/>\n\u2981 Explora las Ruinas de Ani: Murallas de la ciudad, Mezquita Menu\u00e7ehr y vista fronteriza de Arpa\u00e7ay.<br \/>\n\u2981 Disfruta de un paseo en trineo sobre el Lago \u00c7\u0131ld\u0131r congelado (estacional, extra) y un almuerzo con pescado fresco.<br \/>\n\u2981 Regreso a Kars para compras y turismo.<br \/>\n\u2981 Opcional: Programa Noche Cauc\u00e1sica (extra).<br \/>\nAlojamiento: Bed &amp; Breakfast<\/p>\n<p><strong>D\u00eda 2 &#8211; Tour por la Ciudad de Kars<\/strong><br \/>\n<strong>Destacados:<\/strong> Castillo de Kars, Mezquita K\u00fcmbet, Mezquita Fethiye, Kanl\u0131 Tabya<br \/>\n\u2981 Desayuno por la ma\u00f1ana en el hotel.<br \/>\n\u2981 Recorrido por las calles de Kars con arquitectura b\u00e1ltica.<br \/>\n\u2981 Visita al Castillo de Kars, Mezquita K\u00fcmbet y Mezquita Fethiye.<br \/>\n\u2981 Explora Kanl\u0131 Tabya y el Museo de la Historia de la Guerra del Frente Cauc\u00e1sico.<br \/>\n\u2981 Salida por la tarde en el Orient Express.<\/p>\n<p><strong>D\u00eda 3 &#8211; Erzincan, Kemaliye, Divri\u011fi y Sivas<\/strong><br \/>\n<strong>Destacados:<\/strong> Ca\u00f1\u00f3n Oscuro, Ta\u015fyol, Gran Mezquita de Divri\u011fi, Sala del Congreso de Sivas<br \/>\n\u2981 Llegada por la ma\u00f1ana a \u0130li\u00e7; excursi\u00f3n opcional a Kemaliye (extra).<br \/>\n\u2981 Descubre el Ca\u00f1\u00f3n Oscuro, Ta\u015fyol y L\u00f6khane.<br \/>\n\u2981 Contin\u00faa hacia Divri\u011fi para ver la Gran Mezquita, Patrimonio de la Humanidad (panor\u00e1mica).<br \/>\n\u2981 Explora las calles y bazares hist\u00f3ricos de Divri\u011fi.<br \/>\n\u2981 Viaje a Sivas para ver la Sala del Congreso, Buruciye, \u015eifaiye y Medresas de \u00c7ifte Minareli.<\/p>\n<p><strong>D\u00eda 4 &#8211; Ankara a Estambul<\/strong><br \/>\n\u2981 Llegada a la estaci\u00f3n de tren de Ankara.<br \/>\n\u2981 Transferencia al tren de alta velocidad hacia Estambul.<br \/>\n\u2981 Fin del tour y despedida.<br \/>\n<strong>Notas:<\/strong> Pueden ocurrir retrasos ferroviarios que est\u00e1n fuera de nuestro control.<\/p>\n<p><strong>Comidas:<\/strong><br \/>\n\u2981 D\u00eda 1: Desayuno &amp; Almuerzo (extra), Cena opcional.<br \/>\n\u2981 D\u00eda 2: Desayuno incluido; Almuerzo &amp; Cena (extra).<br \/>\n\u2981 D\u00eda 3: Todas las comidas (extra).<br \/>\n\u2981 D\u00eda 4: Desayuno (extra).<\/p>\n","protected":false},"featured_media":4350,"comment_status":"open","ping_status":"closed","template":"","meta":[],"product_cat":[81],"product_tag":[],"class_list":{"0":"post-4295","1":"product","2":"type-product","3":"status-publish","4":"has-post-thumbnail","6":"product_cat-unc","8":"first","9":"instock","10":"sale","11":"shipping-taxable","12":"purchasable","13":"product-type-simple"},"aioseo_notices":[],"_links":{"self":[{"href":"https:\/\/checuplivebetter.com\/es\/wp-json\/wp\/v2\/product\/4295","targetHints":{"allow":["GET"]}}],"collection":[{"href":"https:\/\/checuplivebetter.com\/es\/wp-json\/wp\/v2\/product"}],"about":[{"href":"https:\/\/checuplivebetter.com\/es\/wp-json\/wp\/v2\/types\/product"}],"replies":[{"embeddable":true,"href":"https:\/\/checuplivebetter.com\/es\/wp-json\/wp\/v2\/comments?post=4295"}],"wp:featuredmedia":[{"embeddable":true,"href":"https:\/\/checuplivebetter.com\/es\/wp-json\/wp\/v2\/media\/4350"}],"wp:attachment":[{"href":"https:\/\/checuplivebetter.com\/es\/wp-json\/wp\/v2\/media?parent=4295"}],"wp:term":[{"taxonomy":"product_cat","embeddable":true,"href":"https:\/\/checuplivebetter.com\/es\/wp-json\/wp\/v2\/product_cat?post=4295"},{"taxonomy":"product_tag","embeddable":true,"href":"https:\/\/checuplivebetter.com\/es\/wp-json\/wp\/v2\/product_tag?post=4295"}],"curies":[{"name":"wp","href":"https:\/\/api.w.org\/{rel}","templated":true}]}}