{"id":4284,"date":"2024-12-05T09:41:15","date_gmt":"2024-12-05T09:41:15","guid":{"rendered":"https:\/\/checuplivebetter.com\/?post_type=product&#038;p=4284"},"modified":"2024-12-05T09:45:44","modified_gmt":"2024-12-05T09:45:44","slug":"itinerario-del-tour-de-5-dias-por-el-sureste-de-anatolia","status":"publish","type":"product","link":"https:\/\/checuplivebetter.com\/es\/urun\/itinerario-del-tour-de-5-dias-por-el-sureste-de-anatolia\/","title":{"rendered":"Itinerario del Tour de 5 d\u00edas por el Sureste de Anatolia"},"content":{"rendered":"","protected":false},"excerpt":{"rendered":"<p><strong>D\u00eda 1: Gaziantep \u2013 Antalya \u2013 Adana<\/strong><br \/>\nPuntos destacados:<br \/>\n\u2981 Museo de Mosaicos de Gaziantep<br \/>\n\u2981 Bazaar de Cobre<br \/>\n\u2981 Castillo de Gaziantep<br \/>\n\u2981 Puente de Piedra<\/p>\n<p>Comience el d\u00eda con el check-in individual en el aeropuerto y luego un vuelo de Estambul a Adana. A la llegada, conozca a su gu\u00eda y veh\u00edculo de tour para comenzar a explorar el centro de la ciudad de Adana. Disfrute de las vistas panor\u00e1micas de la Mezquita Central Sabanc\u0131 y el Puente de Piedra antes de dirigirse hacia Gaziantep.<br \/>\nEn Gaziantep, visite el famoso Museo de Mosaicos de Zeugma, hogar de una vasta colecci\u00f3n de mosaicos que representan historias mitol\u00f3gicas y artefactos de la era romana. Luego, saboree un delicioso almuerzo con lo mejor de la gastronom\u00eda de Gaziantep. Contin\u00fae con un recorrido a pie por la ciudad vieja, visitando el Museo de la Cocina, las posadas hist\u00f3ricas, mezquitas y el Bazaar de Cobre. Disfrute de tiempo libre para hacer compras o seguir explorando con la ayuda de su gu\u00eda.<br \/>\nReg\u00edstrese en su hotel por la noche.<\/p>\n<p><strong>D\u00eda 2: Gaziantep \u2013 Diyarbak\u0131r \u2013 Ad\u0131yaman<\/strong><br \/>\nPuntos destacados:<br \/>\n\u2981 Monte Nemrut (opcional)<br \/>\n\u2981 Puente de Cendere<br \/>\n\u2981 Rumkale<br \/>\n\u2981 Halfeti<\/p>\n<p>Despu\u00e9s del desayuno en el hotel, visite Rumkale y las aldeas sumergidas a lo largo del r\u00edo \u00c9ufrates. Haga una parada en Halfeti para tomar un t\u00e9 y disfrutar de su pintoresco paisaje. Se pueden realizar paseos en barco por el \u00c9ufrates de manera opcional.<br \/>\nContin\u00fae hacia Ad\u0131yaman, donde tomar\u00e1 minibuses para ascender al Monte Nemrut (opcional), hogar de la monumental tumba del rey Ant\u00edoco. En el camino, visite el Tumulus Karaku\u015f, el Puente de Cendere y otros monumentos antiguos. Disfrute de las impresionantes estatuas y terrazas en la cima del Monte Nemrut antes de regresar al hotel para cenar y pasar la noche.<\/p>\n<p><strong>D\u00eda 3: Diyarbak\u0131r \u2013 Mardin<\/strong><br \/>\nPuntos destacados:<br \/>\n\u2981 Museo Cahit S\u0131tk\u0131 Taranc\u0131<br \/>\n\u2981 Murallas de la ciudad de Diyarbak\u0131r<br \/>\n\u2981 Posada Hasan Pa\u015fa<br \/>\n\u2981 Casa de hu\u00e9spedes de Midyat<br \/>\n\u2981 Taller de Telkari<br \/>\n\u2981 Hasankeyf<\/p>\n<p>Comience el d\u00eda visitando la Gran Mezquita de Diyarbak\u0131r (Ulu Camii), un importante hito isl\u00e1mico con un arte exquisito en piedra y madera. Luego, visite el Museo Cahit S\u0131tk\u0131 Taranc\u0131, que ofrece una visi\u00f3n de la arquitectura regional y la vida del poeta. Admire las vistas panor\u00e1micas de las murallas de la ciudad de Diyarbak\u0131r, incluyendo la puerta de Mardin y el Basti\u00f3n de Ke\u00e7i.<br \/>\nDir\u00edjase a Batman y explore las antiguas ruinas de Hasankeyf, incluidos su castillo, cuevas y la hist\u00f3rica Mezquita El R\u0131z\u0131k. Termine con una visita a Midyat, conocida por su artesan\u00eda en joyer\u00eda de Telkari y su arquitectura ic\u00f3nica. Pasa la noche en un hotel local.<\/p>\n<p><strong>D\u00eda 4: Mardin \u2013 \u015eanl\u0131urfa<\/strong><br \/>\nPuntos destacados:<br \/>\n\u2981 Monasterio Deyrulzafaran<br \/>\n\u2981 Medersa K\u0131s\u0131miye<br \/>\n\u2981 Calles antiguas de Mardin<br \/>\n\u2981 G\u00f6beklitepe<br \/>\n\u2981 Noche Tradicional S\u0131ra (opcional)<\/p>\n<p>Comience el d\u00eda con la visita al Monasterio Deyrulzafaran, un antiguo sitio con el Templo de Sin, la Tumba de los Patriarcas y el Santuario Sagrado. Luego, contin\u00fae hacia la Medersa K\u0131s\u0131miye, un hermoso ejemplo de arquitectura Artuklu con vistas panor\u00e1micas de las llanuras mesopot\u00e1micas. Pasee por las hist\u00f3ricas calles de Mardin y descubra monumentos como la Iglesia K\u0131rklar, Abbaras y el edificio ic\u00f3nico de la Antigua Oficina Postal.<br \/>\nM\u00e1s tarde, visite G\u00f6beklitepe, el complejo de templos m\u00e1s antiguo conocido del mundo, y aprenda sobre su historia neol\u00edtica y su importancia cultural. Por la noche, rel\u00e1jese en su hotel o \u00fanase a una noche tradicional S\u0131ra opcional, que incluye m\u00fasica y cocina local.<\/p>\n<p><strong>D\u00eda 5: \u015eanl\u0131urfa \u2013 Adana<\/strong><br \/>\nPuntos destacados:<br \/>\n\u2981 Mezquita Halil-\u00fcl Rahman<br \/>\n\u2981 Universidad de Harran<br \/>\n\u2981 Casas de colmena de Harran<br \/>\n\u2981 Cueva del Profeta Abraham<br \/>\n\u2981 Bal\u0131kl\u0131g\u00f6l (Lago de los Peces Sagrados)<\/p>\n<p>Concluya el tour visitando Bal\u0131kl\u0131g\u00f6l, donde explorar\u00e1 lugares sagrados como las mezquitas Halil-\u00fcl Rahman y Mevlid-i Halil, as\u00ed como la Cueva del Profeta Abraham. Contin\u00fae hacia Harran, conocida por sus antiguas casas de colmena y las ruinas de la universidad hist\u00f3rica.<br \/>\nDisfrute de un almuerzo antes de ser transferido al aeropuerto de Adana para su regreso.<\/p>\n<p><strong>Notas importantes:<\/strong><br \/>\n\u2981 Desayunos incluidos, almuerzo y cena no est\u00e1n incluidos en el paquete.<br \/>\n\u2981 Pol\u00edtica infantil: Aplica para ni\u00f1os de 7 a 12 a\u00f1os.<br \/>\n\u2981 Validez del tour: Este itinerario es v\u00e1lido desde el 27 de noviembre de 2024.<br \/>\n\u2981 Cancelaciones: Reembolso completo disponible para cancelaciones realizadas al menos 20 d\u00edas antes de la salida.<br \/>\n\u2981 Costos adicionales: Los tours y las comidas opcionales no est\u00e1n incluidos en el paquete.<br \/>\n\u00a1Esperamos darle la bienvenida en este viaje inolvidable!<\/p>\n","protected":false},"featured_media":4340,"comment_status":"open","ping_status":"closed","template":"","meta":[],"product_cat":[81],"product_tag":[],"class_list":{"0":"post-4284","1":"product","2":"type-product","3":"status-publish","4":"has-post-thumbnail","6":"product_cat-unc","8":"first","9":"instock","10":"sale","11":"shipping-taxable","12":"purchasable","13":"product-type-simple"},"aioseo_notices":[],"_links":{"self":[{"href":"https:\/\/checuplivebetter.com\/es\/wp-json\/wp\/v2\/product\/4284","targetHints":{"allow":["GET"]}}],"collection":[{"href":"https:\/\/checuplivebetter.com\/es\/wp-json\/wp\/v2\/product"}],"about":[{"href":"https:\/\/checuplivebetter.com\/es\/wp-json\/wp\/v2\/types\/product"}],"replies":[{"embeddable":true,"href":"https:\/\/checuplivebetter.com\/es\/wp-json\/wp\/v2\/comments?post=4284"}],"wp:featuredmedia":[{"embeddable":true,"href":"https:\/\/checuplivebetter.com\/es\/wp-json\/wp\/v2\/media\/4340"}],"wp:attachment":[{"href":"https:\/\/checuplivebetter.com\/es\/wp-json\/wp\/v2\/media?parent=4284"}],"wp:term":[{"taxonomy":"product_cat","embeddable":true,"href":"https:\/\/checuplivebetter.com\/es\/wp-json\/wp\/v2\/product_cat?post=4284"},{"taxonomy":"product_tag","embeddable":true,"href":"https:\/\/checuplivebetter.com\/es\/wp-json\/wp\/v2\/product_tag?post=4284"}],"curies":[{"name":"wp","href":"https:\/\/api.w.org\/{rel}","templated":true}]}}