{"id":4277,"date":"2024-12-05T09:18:32","date_gmt":"2024-12-05T09:18:32","guid":{"rendered":"https:\/\/checuplivebetter.com\/?post_type=product&#038;p=4277"},"modified":"2024-12-05T09:26:53","modified_gmt":"2024-12-05T09:26:53","slug":"itinerario-del-tour-de-7-dias-por-el-mar-negro","status":"publish","type":"product","link":"https:\/\/checuplivebetter.com\/es\/urun\/itinerario-del-tour-de-7-dias-por-el-mar-negro\/","title":{"rendered":"Itinerario del Tour de 7 D\u00edas por el Mar Negro"},"content":{"rendered":"","protected":false},"excerpt":{"rendered":"<p><strong>D\u00eda 1: Estambul<\/strong><br \/>\nSalida desde los puntos designados para un viaje nocturno a la regi\u00f3n del Mar Negro.<br \/>\nComidas: Cena en una instalaci\u00f3n de carretera (extra).<\/p>\n<p><strong>D\u00eda 2: Amasya &#8211; Ordu<\/strong><br \/>\nPuntos destacados:<br \/>\n\u2981 Museo Arqueol\u00f3gico de Amasya<br \/>\n\u2981 Complejo Sultan Beyazid II<br \/>\n\u2981 Parque \u015eehzadeler<br \/>\n\u2981 Meseta Per\u015fembe<\/p>\n<p>Disfrute de un recorrido guiado por Amasya y luego proceda a la Meseta Per\u015fembe para disfrutar de impresionantes vistas. Alojamiento y cena en el hotel.<br \/>\nComidas:<br \/>\n\u2981 Desayuno: En una instalaci\u00f3n de carretera (extra).<br \/>\n\u2981 Almuerzo: En un restaurante regional (extra).<br \/>\n\u2981 Cena: Incluida, en el hotel.<\/p>\n<p><strong>D\u00eda 3: Ordu &#8211; Trabzon<\/strong><br \/>\nPuntos destacados:<br \/>\n\u2981 Monasterio de S\u00fcmela<br \/>\n\u2981 Pabell\u00f3n Atat\u00fcrk<br \/>\n\u2981 Santa Sof\u00eda de Trabzon<br \/>\n\u2981 Cueva Karaca (extra)<\/p>\n<p>Descubra los monumentos y la naturaleza de Trabzon, incluido el famoso Monasterio de S\u00fcmela. Visita opcional a la Cueva Karaca. Alojamiento en Trabzon.<br \/>\nComidas:<br \/>\n\u2981 Desayuno: Incluido, en el hotel.<br \/>\n\u2981 Almuerzo: En un restaurante regional (extra).<br \/>\n\u2981 Cena: Incluida, en el hotel.<\/p>\n<p><strong>D\u00eda 4: Trabzon &#8211; Hopa<\/strong><br \/>\nPuntos destacados:<br \/>\n\u2981 Uzung\u00f6l<br \/>\n\u2981 Meseta Karaster (extra)<br \/>\n\u2981 Taller Textil de Rize<br \/>\n\u2981 Batum (extra)<\/p>\n<p>Explore Uzung\u00f6l y visite los talleres de textiles tradicionales en Rize. Tour nocturno opcional a Batum para una experiencia \u00fanica. Alojamiento en Hopa.<br \/>\nComidas:<br \/>\n\u2981 Desayuno: Incluido, en el hotel.<br \/>\n\u2981 Almuerzo: En un restaurante regional (extra).<br \/>\n\u2981 Cena: Incluida, en el hotel.<\/p>\n<p><strong>D\u00eda 5: Rize<\/strong><br \/>\nPuntos destacados:<br \/>\n\u2981 Meseta Ayder<br \/>\n\u2981 Bor\u00e7ka Karag\u00f6l (extra)<br \/>\n\u2981 Zilkale y Cascada Palovit (extra)<\/p>\n<p>Visite mesetas y sitios naturales ic\u00f3nicos. Tours opcionales a Zilkale, la Cascada Palovit y Bor\u00e7ka Karag\u00f6l. Alojamiento en Rize.<br \/>\nComidas:<br \/>\n\u2981 Desayuno: Incluido, en el hotel.<br \/>\n\u2981 Almuerzo: En un restaurante regional (extra).<br \/>\n\u2981 Cena: Incluida, en el hotel.<\/p>\n<p><strong>D\u00eda 6: Rize &#8211; Ordu<\/strong><br \/>\nPuntos destacados:<br \/>\n\u2981 Jardines de T\u00e9 \u00c7e\u00e7eva (extra)<br \/>\n\u2981 Parque Natural Kuzalan<br \/>\n\u2981 Telef\u00e9rico de Boztepe (extra)<\/p>\n<p>Admire los impresionantes jardines de t\u00e9 y formaciones naturales en el Parque Kuzalan y en Mavi G\u00f6l. Visite Boztepe en Ordu para vistas espectaculares. Alojamiento en Ordu.<br \/>\nComidas:<br \/>\n\u2981 Desayuno: Incluido, en el hotel.<br \/>\n\u2981 Almuerzo: En un restaurante regional (extra).<br \/>\n\u2981 Cena: Incluida, en el hotel.<\/p>\n<p><strong>D\u00eda 7: Ordu &#8211; Samsun &#8211; Estambul<\/strong><br \/>\nPuntos destacados:<br \/>\n\u2981 Ferry de Band\u0131rma<br \/>\n\u2981 Monumento Onur<\/p>\n<p>Explore los principales lugares de inter\u00e9s de Samsun antes de regresar a Estambul, concluyendo el tour.<br \/>\nComidas:<br \/>\n\u2981 Desayuno: Incluido, en el hotel.<br \/>\n\u2981 Almuerzo: En un restaurante regional (extra).<br \/>\n\u2981 Cena: En una instalaci\u00f3n de carretera (extra).<\/p>\n<p><strong>Informaci\u00f3n Importante<\/strong><br \/>\n\u2981 Los almuerzos y los tours opcionales no est\u00e1n incluidos en el paquete.<br \/>\n\u2981 El cruce de la frontera a Batum requiere un nuevo DNI (con chip) o pasaporte.<br \/>\n\u2981 Los viajeros menores de 18 a\u00f1os deben presentar una carta de consentimiento notariada si viajan sin ambos padres.<br \/>\n<strong>Nota:<\/strong> El itinerario est\u00e1 sujeto a cambios debido a las condiciones meteorol\u00f3gicas y de viaje.<\/p>\n","protected":false},"featured_media":4335,"comment_status":"open","ping_status":"closed","template":"","meta":[],"product_cat":[81],"product_tag":[],"class_list":{"0":"post-4277","1":"product","2":"type-product","3":"status-publish","4":"has-post-thumbnail","6":"product_cat-unc","8":"first","9":"instock","10":"sale","11":"shipping-taxable","12":"purchasable","13":"product-type-simple"},"aioseo_notices":[],"_links":{"self":[{"href":"https:\/\/checuplivebetter.com\/es\/wp-json\/wp\/v2\/product\/4277","targetHints":{"allow":["GET"]}}],"collection":[{"href":"https:\/\/checuplivebetter.com\/es\/wp-json\/wp\/v2\/product"}],"about":[{"href":"https:\/\/checuplivebetter.com\/es\/wp-json\/wp\/v2\/types\/product"}],"replies":[{"embeddable":true,"href":"https:\/\/checuplivebetter.com\/es\/wp-json\/wp\/v2\/comments?post=4277"}],"wp:featuredmedia":[{"embeddable":true,"href":"https:\/\/checuplivebetter.com\/es\/wp-json\/wp\/v2\/media\/4335"}],"wp:attachment":[{"href":"https:\/\/checuplivebetter.com\/es\/wp-json\/wp\/v2\/media?parent=4277"}],"wp:term":[{"taxonomy":"product_cat","embeddable":true,"href":"https:\/\/checuplivebetter.com\/es\/wp-json\/wp\/v2\/product_cat?post=4277"},{"taxonomy":"product_tag","embeddable":true,"href":"https:\/\/checuplivebetter.com\/es\/wp-json\/wp\/v2\/product_tag?post=4277"}],"curies":[{"name":"wp","href":"https:\/\/api.w.org\/{rel}","templated":true}]}}