{"id":4170,"date":"2024-11-09T09:12:53","date_gmt":"2024-11-09T09:12:53","guid":{"rendered":"https:\/\/checuplivebetter.com\/?post_type=product&#038;p=4170"},"modified":"2024-11-09T09:14:15","modified_gmt":"2024-11-09T09:14:15","slug":"implantes-dentales-all-on-four","status":"publish","type":"product","link":"https:\/\/checuplivebetter.com\/es\/urun\/implantes-dentales-all-on-four\/","title":{"rendered":"Implantes Dentales All-on-Four"},"content":{"rendered":"","protected":false},"excerpt":{"rendered":"<p>El tratamiento All-on-Four es una soluci\u00f3n avanzada de implantes dentales en la que se colocan cuatro implantes en el hueso maxilar para soportar una pr\u00f3tesis fija en pacientes ed\u00e9ntulos. Este m\u00e9todo es m\u00e1s r\u00e1pido y menos invasivo en comparaci\u00f3n con los procedimientos tradicionales de implantes. All-on-Four proporciona un aspecto y funci\u00f3n naturales, ofreciendo una soluci\u00f3n c\u00f3moda y permanente.<\/p>\n","protected":false},"featured_media":4215,"comment_status":"open","ping_status":"closed","template":"","meta":[],"product_cat":[160],"product_tag":[],"class_list":{"0":"post-4170","1":"product","2":"type-product","3":"status-publish","4":"has-post-thumbnail","6":"product_cat-tratamientos-dentales","8":"first","9":"instock","10":"sale","11":"shipping-taxable","12":"purchasable","13":"product-type-simple"},"aioseo_notices":[],"_links":{"self":[{"href":"https:\/\/checuplivebetter.com\/es\/wp-json\/wp\/v2\/product\/4170","targetHints":{"allow":["GET"]}}],"collection":[{"href":"https:\/\/checuplivebetter.com\/es\/wp-json\/wp\/v2\/product"}],"about":[{"href":"https:\/\/checuplivebetter.com\/es\/wp-json\/wp\/v2\/types\/product"}],"replies":[{"embeddable":true,"href":"https:\/\/checuplivebetter.com\/es\/wp-json\/wp\/v2\/comments?post=4170"}],"wp:featuredmedia":[{"embeddable":true,"href":"https:\/\/checuplivebetter.com\/es\/wp-json\/wp\/v2\/media\/4215"}],"wp:attachment":[{"href":"https:\/\/checuplivebetter.com\/es\/wp-json\/wp\/v2\/media?parent=4170"}],"wp:term":[{"taxonomy":"product_cat","embeddable":true,"href":"https:\/\/checuplivebetter.com\/es\/wp-json\/wp\/v2\/product_cat?post=4170"},{"taxonomy":"product_tag","embeddable":true,"href":"https:\/\/checuplivebetter.com\/es\/wp-json\/wp\/v2\/product_tag?post=4170"}],"curies":[{"name":"wp","href":"https:\/\/api.w.org\/{rel}","templated":true}]}}