{"id":4148,"date":"2024-11-09T09:03:10","date_gmt":"2024-11-09T09:03:10","guid":{"rendered":"https:\/\/checuplivebetter.com\/?post_type=product&#038;p=4148"},"modified":"2024-12-05T14:20:49","modified_gmt":"2024-12-05T14:20:49","slug":"mesoterapia-facial-3-sesiones-f5-ambar-l-5x10-ml","status":"publish","type":"product","link":"https:\/\/checuplivebetter.com\/es\/urun\/mesoterapia-facial-3-sesiones-f5-ambar-l-5x10-ml\/","title":{"rendered":"Mesoterapia Facial 3 Sesiones"},"content":{"rendered":"","protected":false},"excerpt":{"rendered":"<p>Este tratamiento de mesoterapia consta de 3 sesiones dise\u00f1adas para rejuvenecer y revitalizar la piel utilizando soluciones formuladas especialmente. La combinaci\u00f3n de F5, \u00c1mbar y L mejora la elasticidad de la piel, reduce las l\u00edneas finas y las arrugas, y unifica el tono de la piel. Cada aplicaci\u00f3n de 10 ml proporciona hidrataci\u00f3n intensiva y una infusi\u00f3n de vitaminas, ideal para lograr una apariencia juvenil y saludable.<\/p>\n","protected":false},"featured_media":4246,"comment_status":"open","ping_status":"closed","template":"","meta":[],"product_cat":[156],"product_tag":[],"class_list":{"0":"post-4148","1":"product","2":"type-product","3":"status-publish","4":"has-post-thumbnail","6":"product_cat-estetica-facial","8":"first","9":"instock","10":"sale","11":"shipping-taxable","12":"purchasable","13":"product-type-simple"},"aioseo_notices":[],"_links":{"self":[{"href":"https:\/\/checuplivebetter.com\/es\/wp-json\/wp\/v2\/product\/4148","targetHints":{"allow":["GET"]}}],"collection":[{"href":"https:\/\/checuplivebetter.com\/es\/wp-json\/wp\/v2\/product"}],"about":[{"href":"https:\/\/checuplivebetter.com\/es\/wp-json\/wp\/v2\/types\/product"}],"replies":[{"embeddable":true,"href":"https:\/\/checuplivebetter.com\/es\/wp-json\/wp\/v2\/comments?post=4148"}],"wp:featuredmedia":[{"embeddable":true,"href":"https:\/\/checuplivebetter.com\/es\/wp-json\/wp\/v2\/media\/4246"}],"wp:attachment":[{"href":"https:\/\/checuplivebetter.com\/es\/wp-json\/wp\/v2\/media?parent=4148"}],"wp:term":[{"taxonomy":"product_cat","embeddable":true,"href":"https:\/\/checuplivebetter.com\/es\/wp-json\/wp\/v2\/product_cat?post=4148"},{"taxonomy":"product_tag","embeddable":true,"href":"https:\/\/checuplivebetter.com\/es\/wp-json\/wp\/v2\/product_tag?post=4148"}],"curies":[{"name":"wp","href":"https:\/\/api.w.org\/{rel}","templated":true}]}}