{"id":4132,"date":"2024-11-09T08:54:42","date_gmt":"2024-11-09T08:54:42","guid":{"rendered":"https:\/\/checuplivebetter.com\/?post_type=product&#038;p=4132"},"modified":"2024-11-09T08:56:42","modified_gmt":"2024-11-09T08:56:42","slug":"relleno-de-ojeras-1-ml-juvederm","status":"publish","type":"product","link":"https:\/\/checuplivebetter.com\/es\/urun\/relleno-de-ojeras-1-ml-juvederm\/","title":{"rendered":"Relleno de Ojeras 1 ML (Juvederm)"},"content":{"rendered":"","protected":false},"excerpt":{"rendered":"<p>El relleno de ojeras a base de Juvederm es un producto de \u00e1cido hialur\u00f3nico utilizado para tratar la p\u00e9rdida de volumen y las ojeras bajo los ojos. La aplicaci\u00f3n de 1 ml devuelve la plenitud y vitalidad al \u00e1rea de los ojos, reduciendo la apariencia de cansancio y creando un aspecto m\u00e1s juvenil. Los resultados suelen durar de 6 a 12 meses y ofrecen un resultado natural.<br \/>\nEste relleno es ideal para quienes desean reducir las l\u00edneas finas y las sombras bajo los ojos.<\/p>\n","protected":false},"featured_media":4380,"comment_status":"open","ping_status":"closed","template":"","meta":[],"product_cat":[152],"product_tag":[],"class_list":{"0":"post-4132","1":"product","2":"type-product","3":"status-publish","4":"has-post-thumbnail","6":"product_cat-estetica-medica","8":"first","9":"instock","10":"sale","11":"shipping-taxable","12":"purchasable","13":"product-type-simple"},"aioseo_notices":[],"_links":{"self":[{"href":"https:\/\/checuplivebetter.com\/es\/wp-json\/wp\/v2\/product\/4132","targetHints":{"allow":["GET"]}}],"collection":[{"href":"https:\/\/checuplivebetter.com\/es\/wp-json\/wp\/v2\/product"}],"about":[{"href":"https:\/\/checuplivebetter.com\/es\/wp-json\/wp\/v2\/types\/product"}],"replies":[{"embeddable":true,"href":"https:\/\/checuplivebetter.com\/es\/wp-json\/wp\/v2\/comments?post=4132"}],"wp:featuredmedia":[{"embeddable":true,"href":"https:\/\/checuplivebetter.com\/es\/wp-json\/wp\/v2\/media\/4380"}],"wp:attachment":[{"href":"https:\/\/checuplivebetter.com\/es\/wp-json\/wp\/v2\/media?parent=4132"}],"wp:term":[{"taxonomy":"product_cat","embeddable":true,"href":"https:\/\/checuplivebetter.com\/es\/wp-json\/wp\/v2\/product_cat?post=4132"},{"taxonomy":"product_tag","embeddable":true,"href":"https:\/\/checuplivebetter.com\/es\/wp-json\/wp\/v2\/product_tag?post=4132"}],"curies":[{"name":"wp","href":"https:\/\/api.w.org\/{rel}","templated":true}]}}