{"id":4127,"date":"2024-11-09T08:52:37","date_gmt":"2024-11-09T08:52:37","guid":{"rendered":"https:\/\/checuplivebetter.com\/?post_type=product&#038;p=4127"},"modified":"2024-11-09T08:53:55","modified_gmt":"2024-11-09T08:53:55","slug":"relleno-labial-1-ml-juvederm-ultra-3-4","status":"publish","type":"product","link":"https:\/\/checuplivebetter.com\/es\/urun\/relleno-labial-1-ml-juvederm-ultra-3-4\/","title":{"rendered":"Relleno Labial 1 ML (Juvederm Ultra 3-4)"},"content":{"rendered":"","protected":false},"excerpt":{"rendered":"<p>Juvederm Ultra 3-4 es un relleno a base de \u00e1cido hialur\u00f3nico utilizado para a\u00f1adir volumen y crear un aspecto natural en los labios. La aplicaci\u00f3n de 1 ml realza los contornos de los labios, proporciona plenitud y ayuda a mantener el equilibrio de humedad de la piel. Suaviza las l\u00edneas finas y ofrece resultados suaves y flexibles, que suelen durar de 6 a 12 meses.<br \/>\nEste producto es una excelente opci\u00f3n para quienes buscan resultados naturales y atractivos en la mejora de labios.<\/p>\n","protected":false},"featured_media":4375,"comment_status":"open","ping_status":"closed","template":"","meta":[],"product_cat":[152],"product_tag":[],"class_list":{"0":"post-4127","1":"product","2":"type-product","3":"status-publish","4":"has-post-thumbnail","6":"product_cat-estetica-medica","8":"first","9":"instock","10":"sale","11":"shipping-taxable","12":"purchasable","13":"product-type-simple"},"aioseo_notices":[],"_links":{"self":[{"href":"https:\/\/checuplivebetter.com\/es\/wp-json\/wp\/v2\/product\/4127","targetHints":{"allow":["GET"]}}],"collection":[{"href":"https:\/\/checuplivebetter.com\/es\/wp-json\/wp\/v2\/product"}],"about":[{"href":"https:\/\/checuplivebetter.com\/es\/wp-json\/wp\/v2\/types\/product"}],"replies":[{"embeddable":true,"href":"https:\/\/checuplivebetter.com\/es\/wp-json\/wp\/v2\/comments?post=4127"}],"wp:featuredmedia":[{"embeddable":true,"href":"https:\/\/checuplivebetter.com\/es\/wp-json\/wp\/v2\/media\/4375"}],"wp:attachment":[{"href":"https:\/\/checuplivebetter.com\/es\/wp-json\/wp\/v2\/media?parent=4127"}],"wp:term":[{"taxonomy":"product_cat","embeddable":true,"href":"https:\/\/checuplivebetter.com\/es\/wp-json\/wp\/v2\/product_cat?post=4127"},{"taxonomy":"product_tag","embeddable":true,"href":"https:\/\/checuplivebetter.com\/es\/wp-json\/wp\/v2\/product_tag?post=4127"}],"curies":[{"name":"wp","href":"https:\/\/api.w.org\/{rel}","templated":true}]}}