{"id":4122,"date":"2024-11-09T08:50:03","date_gmt":"2024-11-09T08:50:03","guid":{"rendered":"https:\/\/checuplivebetter.com\/?post_type=product&#038;p=4122"},"modified":"2024-11-09T08:51:48","modified_gmt":"2024-11-09T08:51:48","slug":"cliteroplastia-cirugia-del-clitoris","status":"publish","type":"product","link":"https:\/\/checuplivebetter.com\/es\/urun\/cliteroplastia-cirugia-del-clitoris\/","title":{"rendered":"Cliteroplastia (Cirug\u00eda del Cl\u00edtoris)"},"content":{"rendered":"","protected":false},"excerpt":{"rendered":"<p>La cliteroplastia es un procedimiento quir\u00fargico destinado a mejorar la apariencia y la funci\u00f3n del cl\u00edtoris. Esta operaci\u00f3n implica la eliminaci\u00f3n del exceso de piel del capuch\u00f3n clitoriano, abordando preocupaciones est\u00e9ticas y mejorando la satisfacci\u00f3n sexual. Ofrece resultados naturales y satisfactorios con un per\u00edodo de recuperaci\u00f3n corto.<\/p>\n","protected":false},"featured_media":4241,"comment_status":"open","ping_status":"closed","template":"","meta":[],"product_cat":[154],"product_tag":[],"class_list":{"0":"post-4122","1":"product","2":"type-product","3":"status-publish","4":"has-post-thumbnail","6":"product_cat-estetica-vaginal","8":"first","9":"instock","10":"sale","11":"shipping-taxable","12":"purchasable","13":"product-type-simple"},"aioseo_notices":[],"_links":{"self":[{"href":"https:\/\/checuplivebetter.com\/es\/wp-json\/wp\/v2\/product\/4122","targetHints":{"allow":["GET"]}}],"collection":[{"href":"https:\/\/checuplivebetter.com\/es\/wp-json\/wp\/v2\/product"}],"about":[{"href":"https:\/\/checuplivebetter.com\/es\/wp-json\/wp\/v2\/types\/product"}],"replies":[{"embeddable":true,"href":"https:\/\/checuplivebetter.com\/es\/wp-json\/wp\/v2\/comments?post=4122"}],"wp:featuredmedia":[{"embeddable":true,"href":"https:\/\/checuplivebetter.com\/es\/wp-json\/wp\/v2\/media\/4241"}],"wp:attachment":[{"href":"https:\/\/checuplivebetter.com\/es\/wp-json\/wp\/v2\/media?parent=4122"}],"wp:term":[{"taxonomy":"product_cat","embeddable":true,"href":"https:\/\/checuplivebetter.com\/es\/wp-json\/wp\/v2\/product_cat?post=4122"},{"taxonomy":"product_tag","embeddable":true,"href":"https:\/\/checuplivebetter.com\/es\/wp-json\/wp\/v2\/product_tag?post=4122"}],"curies":[{"name":"wp","href":"https:\/\/api.w.org\/{rel}","templated":true}]}}