{"id":4115,"date":"2024-11-09T08:47:56","date_gmt":"2024-11-09T08:47:56","guid":{"rendered":"https:\/\/checuplivebetter.com\/?post_type=product&#038;p=4115"},"modified":"2024-11-09T08:49:12","modified_gmt":"2024-11-09T08:49:12","slug":"monoplastia-cirugia-del-monte-de-venus","status":"publish","type":"product","link":"https:\/\/checuplivebetter.com\/es\/urun\/monoplastia-cirugia-del-monte-de-venus\/","title":{"rendered":"Monoplastia (Cirug\u00eda del Monte de Venus)"},"content":{"rendered":"","protected":false},"excerpt":{"rendered":"<p>La monoplastia es un procedimiento quir\u00fargico que elimina el exceso de grasa y la flacidez en el \u00e1rea p\u00fabica para crear una apariencia m\u00e1s suave y est\u00e9ticamente agradable. Esta intervenci\u00f3n se realiza a menudo mediante liposucci\u00f3n y t\u00e9cnicas de estiramiento de la piel, mejorando la simetr\u00eda y el contorno corporal. La recuperaci\u00f3n suele ser corta y ofrece resultados duraderos.<\/p>\n","protected":false},"featured_media":4220,"comment_status":"open","ping_status":"closed","template":"","meta":[],"product_cat":[154],"product_tag":[],"class_list":{"0":"post-4115","1":"product","2":"type-product","3":"status-publish","4":"has-post-thumbnail","6":"product_cat-estetica-vaginal","8":"first","9":"instock","10":"sale","11":"shipping-taxable","12":"purchasable","13":"product-type-simple"},"aioseo_notices":[],"_links":{"self":[{"href":"https:\/\/checuplivebetter.com\/es\/wp-json\/wp\/v2\/product\/4115","targetHints":{"allow":["GET"]}}],"collection":[{"href":"https:\/\/checuplivebetter.com\/es\/wp-json\/wp\/v2\/product"}],"about":[{"href":"https:\/\/checuplivebetter.com\/es\/wp-json\/wp\/v2\/types\/product"}],"replies":[{"embeddable":true,"href":"https:\/\/checuplivebetter.com\/es\/wp-json\/wp\/v2\/comments?post=4115"}],"wp:featuredmedia":[{"embeddable":true,"href":"https:\/\/checuplivebetter.com\/es\/wp-json\/wp\/v2\/media\/4220"}],"wp:attachment":[{"href":"https:\/\/checuplivebetter.com\/es\/wp-json\/wp\/v2\/media?parent=4115"}],"wp:term":[{"taxonomy":"product_cat","embeddable":true,"href":"https:\/\/checuplivebetter.com\/es\/wp-json\/wp\/v2\/product_cat?post=4115"},{"taxonomy":"product_tag","embeddable":true,"href":"https:\/\/checuplivebetter.com\/es\/wp-json\/wp\/v2\/product_tag?post=4115"}],"curies":[{"name":"wp","href":"https:\/\/api.w.org\/{rel}","templated":true}]}}