{"id":4109,"date":"2024-11-09T08:45:28","date_gmt":"2024-11-09T08:45:28","guid":{"rendered":"https:\/\/checuplivebetter.com\/?post_type=product&#038;p=4109"},"modified":"2024-11-09T08:46:58","modified_gmt":"2024-11-09T08:46:58","slug":"vaginoplastia-cirugia-de-rejuvenecimiento-vaginal","status":"publish","type":"product","link":"https:\/\/checuplivebetter.com\/es\/urun\/vaginoplastia-cirugia-de-rejuvenecimiento-vaginal\/","title":{"rendered":"Vaginoplastia (Cirug\u00eda de Rejuvenecimiento Vaginal)"},"content":{"rendered":"","protected":false},"excerpt":{"rendered":"<p>La vaginoplastia es un procedimiento quir\u00fargico que busca mejorar la firmeza del canal vaginal y corregir deformidades estructurales. Aborda la laxitud causada por el parto o el envejecimiento, aumentando la satisfacci\u00f3n sexual y la confianza. La vaginoplastia ofrece resultados permanentes y satisfactorios con un per\u00edodo de recuperaci\u00f3n relativamente corto.<\/p>\n","protected":false},"featured_media":4190,"comment_status":"open","ping_status":"closed","template":"","meta":[],"product_cat":[154],"product_tag":[],"class_list":{"0":"post-4109","1":"product","2":"type-product","3":"status-publish","4":"has-post-thumbnail","6":"product_cat-estetica-vaginal","8":"first","9":"instock","10":"sale","11":"shipping-taxable","12":"purchasable","13":"product-type-simple"},"aioseo_notices":[],"_links":{"self":[{"href":"https:\/\/checuplivebetter.com\/es\/wp-json\/wp\/v2\/product\/4109","targetHints":{"allow":["GET"]}}],"collection":[{"href":"https:\/\/checuplivebetter.com\/es\/wp-json\/wp\/v2\/product"}],"about":[{"href":"https:\/\/checuplivebetter.com\/es\/wp-json\/wp\/v2\/types\/product"}],"replies":[{"embeddable":true,"href":"https:\/\/checuplivebetter.com\/es\/wp-json\/wp\/v2\/comments?post=4109"}],"wp:featuredmedia":[{"embeddable":true,"href":"https:\/\/checuplivebetter.com\/es\/wp-json\/wp\/v2\/media\/4190"}],"wp:attachment":[{"href":"https:\/\/checuplivebetter.com\/es\/wp-json\/wp\/v2\/media?parent=4109"}],"wp:term":[{"taxonomy":"product_cat","embeddable":true,"href":"https:\/\/checuplivebetter.com\/es\/wp-json\/wp\/v2\/product_cat?post=4109"},{"taxonomy":"product_tag","embeddable":true,"href":"https:\/\/checuplivebetter.com\/es\/wp-json\/wp\/v2\/product_tag?post=4109"}],"curies":[{"name":"wp","href":"https:\/\/api.w.org\/{rel}","templated":true}]}}