{"id":3986,"date":"2024-11-08T21:44:00","date_gmt":"2024-11-08T21:44:00","guid":{"rendered":"https:\/\/checuplivebetter.com\/?post_type=product&#038;p=3986"},"modified":"2024-11-10T08:12:49","modified_gmt":"2024-11-10T08:12:49","slug":"abdominoplastia-liposuccion-de-abdomen","status":"publish","type":"product","link":"https:\/\/checuplivebetter.com\/es\/urun\/abdominoplastia-liposuccion-de-abdomen\/","title":{"rendered":"Abdominoplastia (Liposucci\u00f3n de Abdomen)"},"content":{"rendered":"","protected":false},"excerpt":{"rendered":"<p>La abdominoplastia es un procedimiento quir\u00fargico que elimina el exceso de piel y grasa en el \u00e1rea abdominal, proporcionando un aspecto m\u00e1s firme y plano. Tambi\u00e9n repara el tejido muscular para crear una forma corporal m\u00e1s est\u00e9tica. Este procedimiento es especialmente beneficioso para abordar la flacidez abdominal despu\u00e9s de la p\u00e9rdida de peso o el embarazo, brindando resultados naturales y duraderos.<\/p>\n","protected":false},"featured_media":4180,"comment_status":"open","ping_status":"closed","template":"","meta":[],"product_cat":[155],"product_tag":[],"class_list":{"0":"post-3986","1":"product","2":"type-product","3":"status-publish","4":"has-post-thumbnail","6":"product_cat-estetica-corporal","8":"first","9":"instock","10":"sale","11":"shipping-taxable","12":"purchasable","13":"product-type-simple"},"aioseo_notices":[],"_links":{"self":[{"href":"https:\/\/checuplivebetter.com\/es\/wp-json\/wp\/v2\/product\/3986","targetHints":{"allow":["GET"]}}],"collection":[{"href":"https:\/\/checuplivebetter.com\/es\/wp-json\/wp\/v2\/product"}],"about":[{"href":"https:\/\/checuplivebetter.com\/es\/wp-json\/wp\/v2\/types\/product"}],"replies":[{"embeddable":true,"href":"https:\/\/checuplivebetter.com\/es\/wp-json\/wp\/v2\/comments?post=3986"}],"wp:featuredmedia":[{"embeddable":true,"href":"https:\/\/checuplivebetter.com\/es\/wp-json\/wp\/v2\/media\/4180"}],"wp:attachment":[{"href":"https:\/\/checuplivebetter.com\/es\/wp-json\/wp\/v2\/media?parent=3986"}],"wp:term":[{"taxonomy":"product_cat","embeddable":true,"href":"https:\/\/checuplivebetter.com\/es\/wp-json\/wp\/v2\/product_cat?post=3986"},{"taxonomy":"product_tag","embeddable":true,"href":"https:\/\/checuplivebetter.com\/es\/wp-json\/wp\/v2\/product_tag?post=3986"}],"curies":[{"name":"wp","href":"https:\/\/api.w.org\/{rel}","templated":true}]}}