{"id":3980,"date":"2024-11-08T21:41:25","date_gmt":"2024-11-08T21:41:25","guid":{"rendered":"https:\/\/checuplivebetter.com\/?post_type=product&#038;p=3980"},"modified":"2024-11-10T08:10:44","modified_gmt":"2024-11-10T08:10:44","slug":"bichectomia-cirugia-de-reduccion-de-mejillas","status":"publish","type":"product","link":"https:\/\/checuplivebetter.com\/es\/urun\/bichectomia-cirugia-de-reduccion-de-mejillas\/","title":{"rendered":"Bichectom\u00eda (Cirug\u00eda de Reducci\u00f3n de Mejillas)"},"content":{"rendered":"","protected":false},"excerpt":{"rendered":"<p>La bichectom\u00eda es un procedimiento quir\u00fargico que elimina el exceso de grasa de las mejillas para crear contornos faciales m\u00e1s definidos. Esta operaci\u00f3n es una opci\u00f3n ideal para quienes buscan un aspecto facial m\u00e1s delgado y est\u00e9ticamente atractivo. Proporciona resultados naturales y atractivos con un tiempo de recuperaci\u00f3n corto.<\/p>\n","protected":false},"featured_media":4175,"comment_status":"open","ping_status":"closed","template":"","meta":[],"product_cat":[156],"product_tag":[],"class_list":{"0":"post-3980","1":"product","2":"type-product","3":"status-publish","4":"has-post-thumbnail","6":"product_cat-estetica-facial","8":"first","9":"instock","10":"sale","11":"shipping-taxable","12":"purchasable","13":"product-type-simple"},"aioseo_notices":[],"_links":{"self":[{"href":"https:\/\/checuplivebetter.com\/es\/wp-json\/wp\/v2\/product\/3980","targetHints":{"allow":["GET"]}}],"collection":[{"href":"https:\/\/checuplivebetter.com\/es\/wp-json\/wp\/v2\/product"}],"about":[{"href":"https:\/\/checuplivebetter.com\/es\/wp-json\/wp\/v2\/types\/product"}],"replies":[{"embeddable":true,"href":"https:\/\/checuplivebetter.com\/es\/wp-json\/wp\/v2\/comments?post=3980"}],"wp:featuredmedia":[{"embeddable":true,"href":"https:\/\/checuplivebetter.com\/es\/wp-json\/wp\/v2\/media\/4175"}],"wp:attachment":[{"href":"https:\/\/checuplivebetter.com\/es\/wp-json\/wp\/v2\/media?parent=3980"}],"wp:term":[{"taxonomy":"product_cat","embeddable":true,"href":"https:\/\/checuplivebetter.com\/es\/wp-json\/wp\/v2\/product_cat?post=3980"},{"taxonomy":"product_tag","embeddable":true,"href":"https:\/\/checuplivebetter.com\/es\/wp-json\/wp\/v2\/product_tag?post=3980"}],"curies":[{"name":"wp","href":"https:\/\/api.w.org\/{rel}","templated":true}]}}