{"id":3970,"date":"2024-11-08T21:36:18","date_gmt":"2024-11-08T21:36:18","guid":{"rendered":"https:\/\/checuplivebetter.com\/?post_type=product&#038;p=3970"},"modified":"2024-11-09T08:23:31","modified_gmt":"2024-11-09T08:23:31","slug":"aumento-de-senos","status":"publish","type":"product","link":"https:\/\/checuplivebetter.com\/es\/urun\/aumento-de-senos\/","title":{"rendered":"Aumento de Senos"},"content":{"rendered":"","protected":false},"excerpt":{"rendered":"<p>El aumento de senos es un procedimiento quir\u00fargico dise\u00f1ado para aumentar el tama\u00f1o del busto y mejorar su forma. Este procedimiento se realiza mediante implantes o transferencia de grasa, proporcionando una silueta corporal m\u00e1s voluminosa y equilibrada. El aumento de senos es una opci\u00f3n segura y efectiva para quienes buscan una apariencia m\u00e1s proporcionada.<\/p>\n","protected":false},"featured_media":4017,"comment_status":"open","ping_status":"closed","template":"","meta":[],"product_cat":[155],"product_tag":[],"class_list":{"0":"post-3970","1":"product","2":"type-product","3":"status-publish","4":"has-post-thumbnail","6":"product_cat-estetica-corporal","8":"first","9":"instock","10":"sale","11":"shipping-taxable","12":"purchasable","13":"product-type-simple"},"aioseo_notices":[],"_links":{"self":[{"href":"https:\/\/checuplivebetter.com\/es\/wp-json\/wp\/v2\/product\/3970","targetHints":{"allow":["GET"]}}],"collection":[{"href":"https:\/\/checuplivebetter.com\/es\/wp-json\/wp\/v2\/product"}],"about":[{"href":"https:\/\/checuplivebetter.com\/es\/wp-json\/wp\/v2\/types\/product"}],"replies":[{"embeddable":true,"href":"https:\/\/checuplivebetter.com\/es\/wp-json\/wp\/v2\/comments?post=3970"}],"wp:featuredmedia":[{"embeddable":true,"href":"https:\/\/checuplivebetter.com\/es\/wp-json\/wp\/v2\/media\/4017"}],"wp:attachment":[{"href":"https:\/\/checuplivebetter.com\/es\/wp-json\/wp\/v2\/media?parent=3970"}],"wp:term":[{"taxonomy":"product_cat","embeddable":true,"href":"https:\/\/checuplivebetter.com\/es\/wp-json\/wp\/v2\/product_cat?post=3970"},{"taxonomy":"product_tag","embeddable":true,"href":"https:\/\/checuplivebetter.com\/es\/wp-json\/wp\/v2\/product_tag?post=3970"}],"curies":[{"name":"wp","href":"https:\/\/api.w.org\/{rel}","templated":true}]}}