{"id":3965,"date":"2024-11-08T21:33:23","date_gmt":"2024-11-08T21:33:23","guid":{"rendered":"https:\/\/checuplivebetter.com\/?post_type=product&#038;p=3965"},"modified":"2024-11-09T08:21:38","modified_gmt":"2024-11-09T08:21:38","slug":"rinoplastia-cirugia-de-nariz","status":"publish","type":"product","link":"https:\/\/checuplivebetter.com\/es\/urun\/rinoplastia-cirugia-de-nariz\/","title":{"rendered":"Rinoplastia (Cirug\u00eda de Nariz)"},"content":{"rendered":"","protected":false},"excerpt":{"rendered":"<p>La rinoplastia es un procedimiento quir\u00fargico dise\u00f1ado para remodelar o corregir la nariz con fines est\u00e9ticos o funcionales. Puede refinar el tama\u00f1o, la forma y la simetr\u00eda de la nariz, mejorando la armon\u00eda facial y, si es necesario, facilitando la respiraci\u00f3n. El procedimiento proporciona resultados de aspecto natural con un per\u00edodo de recuperaci\u00f3n que generalmente es suave y manejable.<\/p>\n","protected":false},"featured_media":4088,"comment_status":"open","ping_status":"closed","template":"","meta":[],"product_cat":[156],"product_tag":[],"class_list":{"0":"post-3965","1":"product","2":"type-product","3":"status-publish","4":"has-post-thumbnail","6":"product_cat-estetica-facial","8":"first","9":"instock","10":"sale","11":"shipping-taxable","12":"purchasable","13":"product-type-simple"},"aioseo_notices":[],"_links":{"self":[{"href":"https:\/\/checuplivebetter.com\/es\/wp-json\/wp\/v2\/product\/3965","targetHints":{"allow":["GET"]}}],"collection":[{"href":"https:\/\/checuplivebetter.com\/es\/wp-json\/wp\/v2\/product"}],"about":[{"href":"https:\/\/checuplivebetter.com\/es\/wp-json\/wp\/v2\/types\/product"}],"replies":[{"embeddable":true,"href":"https:\/\/checuplivebetter.com\/es\/wp-json\/wp\/v2\/comments?post=3965"}],"wp:featuredmedia":[{"embeddable":true,"href":"https:\/\/checuplivebetter.com\/es\/wp-json\/wp\/v2\/media\/4088"}],"wp:attachment":[{"href":"https:\/\/checuplivebetter.com\/es\/wp-json\/wp\/v2\/media?parent=3965"}],"wp:term":[{"taxonomy":"product_cat","embeddable":true,"href":"https:\/\/checuplivebetter.com\/es\/wp-json\/wp\/v2\/product_cat?post=3965"},{"taxonomy":"product_tag","embeddable":true,"href":"https:\/\/checuplivebetter.com\/es\/wp-json\/wp\/v2\/product_tag?post=3965"}],"curies":[{"name":"wp","href":"https:\/\/api.w.org\/{rel}","templated":true}]}}