{"id":3960,"date":"2024-11-08T21:31:26","date_gmt":"2024-11-08T21:31:26","guid":{"rendered":"https:\/\/checuplivebetter.com\/?post_type=product&#038;p=3960"},"modified":"2024-11-09T08:28:28","modified_gmt":"2024-11-09T08:28:28","slug":"lifting-de-cuello-cervicoplastia","status":"publish","type":"product","link":"https:\/\/checuplivebetter.com\/es\/urun\/lifting-de-cuello-cervicoplastia\/","title":{"rendered":"Lifting de Cuello (Cervicoplastia)"},"content":{"rendered":"","protected":false},"excerpt":{"rendered":"<p>El lifting de cuello elimina la flacidez y las arrugas en la zona del cuello, proporcionando una apariencia m\u00e1s juvenil y firme. Este procedimiento mejora la l\u00ednea de la mand\u00edbula y elimina el exceso de piel para mejorar el aspecto est\u00e9tico. Con cicatrices m\u00ednimas y un per\u00edodo de recuperaci\u00f3n r\u00e1pido, el lifting de cuello ofrece resultados naturales y duraderos, y es una parte complementaria del rejuvenecimiento facial.<\/p>\n","protected":false},"featured_media":4037,"comment_status":"open","ping_status":"closed","template":"","meta":[],"product_cat":[156],"product_tag":[],"class_list":{"0":"post-3960","1":"product","2":"type-product","3":"status-publish","4":"has-post-thumbnail","6":"product_cat-estetica-facial","8":"first","9":"instock","10":"sale","11":"shipping-taxable","12":"purchasable","13":"product-type-simple"},"aioseo_notices":[],"_links":{"self":[{"href":"https:\/\/checuplivebetter.com\/es\/wp-json\/wp\/v2\/product\/3960","targetHints":{"allow":["GET"]}}],"collection":[{"href":"https:\/\/checuplivebetter.com\/es\/wp-json\/wp\/v2\/product"}],"about":[{"href":"https:\/\/checuplivebetter.com\/es\/wp-json\/wp\/v2\/types\/product"}],"replies":[{"embeddable":true,"href":"https:\/\/checuplivebetter.com\/es\/wp-json\/wp\/v2\/comments?post=3960"}],"wp:featuredmedia":[{"embeddable":true,"href":"https:\/\/checuplivebetter.com\/es\/wp-json\/wp\/v2\/media\/4037"}],"wp:attachment":[{"href":"https:\/\/checuplivebetter.com\/es\/wp-json\/wp\/v2\/media?parent=3960"}],"wp:term":[{"taxonomy":"product_cat","embeddable":true,"href":"https:\/\/checuplivebetter.com\/es\/wp-json\/wp\/v2\/product_cat?post=3960"},{"taxonomy":"product_tag","embeddable":true,"href":"https:\/\/checuplivebetter.com\/es\/wp-json\/wp\/v2\/product_tag?post=3960"}],"curies":[{"name":"wp","href":"https:\/\/api.w.org\/{rel}","templated":true}]}}