{"id":3908,"date":"2024-11-08T21:00:17","date_gmt":"2024-11-08T21:00:17","guid":{"rendered":"https:\/\/checuplivebetter.com\/?post_type=product&#038;p=3908"},"modified":"2024-11-08T21:00:17","modified_gmt":"2024-11-08T21:00:17","slug":"ilasik-goz-lazer-tedavisi","status":"publish","type":"product","link":"https:\/\/checuplivebetter.com\/es\/urun\/ilasik-goz-lazer-tedavisi\/","title":{"rendered":"iLASIK G\u00f6z Lazer Tedavisi"},"content":{"rendered":"<p>iLASIK, ki\u015fiye \u00f6zel bir tedavi plan\u0131 ile refraktif kusurlar\u0131 (miyop, hipermetrop, astigmat) d\u00fczeltmek i\u00e7in en geli\u015fmi\u015f teknolojiyi kullanan, g\u00fcvenli ve etkili bir lazer g\u00f6z ameliyat\u0131d\u0131r. Dalga cephesi teknolojisi ve ki\u015fisel g\u00f6z yap\u0131n\u0131za \u00f6zel \u00f6l\u00e7\u00fcmlerle ger\u00e7ekle\u015ftirilen bu i\u015flem, daha net ve hassas sonu\u00e7lar sunar. \u0130yile\u015fme s\u00fcresi k\u0131sad\u0131r ve konforlu bir deneyim sa\u011flar. iLASIK, en iyi g\u00f6rme kalitesini elde etmek isteyenler i\u00e7in ideal bir \u00e7\u00f6z\u00fcmd\u00fcr.<\/p>\n","protected":false},"excerpt":{"rendered":"<p>iLASIK, ki\u015fiye \u00f6zel bir tedavi plan\u0131 ile refraktif kusurlar\u0131 (miyop, hipermetrop, astigmat) d\u00fczeltmek i\u00e7in en geli\u015fmi\u015f teknolojiyi kullanan, g\u00fcvenli ve etkili bir lazer g\u00f6z ameliyat\u0131d\u0131r. Dalga cephesi teknolojisi ve ki\u015fisel g\u00f6z yap\u0131n\u0131za \u00f6zel \u00f6l\u00e7\u00fcmlerle ger\u00e7ekle\u015ftirilen bu i\u015flem, daha net ve hassas sonu\u00e7lar sunar. \u0130yile\u015fme s\u00fcresi k\u0131sad\u0131r ve konforlu bir deneyim sa\u011flar. iLASIK, en iyi g\u00f6rme [&hellip;]<\/p>\n","protected":false},"featured_media":0,"comment_status":"open","ping_status":"closed","template":"","meta":[],"product_cat":[80],"product_tag":[],"class_list":{"0":"post-3908","1":"product","2":"type-product","3":"status-publish","5":"product_cat-sin-categorizar","7":"first","8":"instock","9":"sale","10":"shipping-taxable","11":"purchasable","12":"product-type-simple"},"aioseo_notices":[],"_links":{"self":[{"href":"https:\/\/checuplivebetter.com\/es\/wp-json\/wp\/v2\/product\/3908","targetHints":{"allow":["GET"]}}],"collection":[{"href":"https:\/\/checuplivebetter.com\/es\/wp-json\/wp\/v2\/product"}],"about":[{"href":"https:\/\/checuplivebetter.com\/es\/wp-json\/wp\/v2\/types\/product"}],"replies":[{"embeddable":true,"href":"https:\/\/checuplivebetter.com\/es\/wp-json\/wp\/v2\/comments?post=3908"}],"wp:attachment":[{"href":"https:\/\/checuplivebetter.com\/es\/wp-json\/wp\/v2\/media?parent=3908"}],"wp:term":[{"taxonomy":"product_cat","embeddable":true,"href":"https:\/\/checuplivebetter.com\/es\/wp-json\/wp\/v2\/product_cat?post=3908"},{"taxonomy":"product_tag","embeddable":true,"href":"https:\/\/checuplivebetter.com\/es\/wp-json\/wp\/v2\/product_tag?post=3908"}],"curies":[{"name":"wp","href":"https:\/\/api.w.org\/{rel}","templated":true}]}}