{"id":3865,"date":"2024-11-08T16:38:07","date_gmt":"2024-11-08T16:38:07","guid":{"rendered":"https:\/\/checuplivebetter.com\/?post_type=product&#038;p=3865"},"modified":"2024-11-28T10:09:19","modified_gmt":"2024-11-28T10:09:19","slug":"ekonomik-sac-ekim-paketi","status":"publish","type":"product","link":"https:\/\/checuplivebetter.com\/es\/urun\/ekonomik-sac-ekim-paketi\/","title":{"rendered":"Ekonomik Sa\u00e7 Ekim Paketi"},"content":{"rendered":"","protected":false},"excerpt":{"rendered":"<p>Uygun fiyatla kaliteli sa\u00e7 ekimi hizmeti sunan Ekonomik Paket, 3 y\u0131ld\u0131zl\u0131 otelde konaklama ve grup transferleri i\u00e7erir. Alan\u0131nda uzman doktorlar taraf\u0131ndan ger\u00e7ekle\u015ftirilen i\u015flem ve operasyon sonras\u0131 temel bak\u0131m ile b\u00fct\u00e7esini korumak isteyenler i\u00e7in ideal.<\/p>\n<p>&nbsp;<\/p>\n","protected":false},"featured_media":3860,"comment_status":"open","ping_status":"closed","template":"","meta":[],"product_cat":[122],"product_tag":[],"class_list":{"0":"post-3865","1":"product","2":"type-product","3":"status-publish","4":"has-post-thumbnail","6":"product_cat-sac-ekimi","8":"first","9":"instock","10":"sale","11":"shipping-taxable","12":"purchasable","13":"product-type-simple"},"aioseo_notices":[],"_links":{"self":[{"href":"https:\/\/checuplivebetter.com\/es\/wp-json\/wp\/v2\/product\/3865","targetHints":{"allow":["GET"]}}],"collection":[{"href":"https:\/\/checuplivebetter.com\/es\/wp-json\/wp\/v2\/product"}],"about":[{"href":"https:\/\/checuplivebetter.com\/es\/wp-json\/wp\/v2\/types\/product"}],"replies":[{"embeddable":true,"href":"https:\/\/checuplivebetter.com\/es\/wp-json\/wp\/v2\/comments?post=3865"}],"wp:featuredmedia":[{"embeddable":true,"href":"https:\/\/checuplivebetter.com\/es\/wp-json\/wp\/v2\/media\/3860"}],"wp:attachment":[{"href":"https:\/\/checuplivebetter.com\/es\/wp-json\/wp\/v2\/media?parent=3865"}],"wp:term":[{"taxonomy":"product_cat","embeddable":true,"href":"https:\/\/checuplivebetter.com\/es\/wp-json\/wp\/v2\/product_cat?post=3865"},{"taxonomy":"product_tag","embeddable":true,"href":"https:\/\/checuplivebetter.com\/es\/wp-json\/wp\/v2\/product_tag?post=3865"}],"curies":[{"name":"wp","href":"https:\/\/api.w.org\/{rel}","templated":true}]}}