{"id":4322,"date":"2024-12-05T10:21:50","date_gmt":"2024-12-05T10:21:50","guid":{"rendered":"https:\/\/checuplivebetter.com\/?post_type=product&#038;p=4322"},"modified":"2024-12-05T10:22:37","modified_gmt":"2024-12-05T10:22:37","slug":"3-tages-gallipoli-und-troja-tour-ab-istanbul","status":"publish","type":"product","link":"https:\/\/checuplivebetter.com\/de\/urun\/3-tages-gallipoli-und-troja-tour-ab-istanbul\/","title":{"rendered":"3-Tages Gallipoli und Troja Tour ab Istanbul"},"content":{"rendered":"","protected":false},"excerpt":{"rendered":"<p><strong>\u00dcberblick:<\/strong><br \/>\nEntdecken Sie die Geschichte und Legenden von Gallipoli und Troja mit einer komfortablen 3-t\u00e4gigen gef\u00fchrten Tour. Erkunden Sie die Halbinsel Gallipoli mit dem Cape Helles und den ANZAC-Sektoren und besuchen Sie die antike Stadt Troja, die Heimat des legend\u00e4ren Trojanischen Pferdes.<\/p>\n<p><strong>Tag 1: Istanbul nach Gallipoli<\/strong><br \/>\n\u2981 <strong>Morgen:<\/strong> Abholung vom Hotel (Taksim, Sultanahmet und angrenzende Regionen)<br \/>\n\u2981 <strong>Stopp:<\/strong> Fr\u00fchst\u00fcck auf dem Weg (auf eigene Kosten)<br \/>\n\u2981 <strong>Mittag:<\/strong> Ankunft in Gallipoli und Check-in im Hotel.<br \/>\n\u2981 <strong>Nachmittag:<\/strong> Freizeit zum Entspannen oder Erkunden.<br \/>\n\u2981 <strong>Abend:<\/strong> \u00dcbernachtung in Eceabat oder \u00c7anakkale.<\/p>\n<p><strong>Tag 2: Gallipoli Cape Helles und ANZAC Sektoren Tour<\/strong><br \/>\n\u2981 <strong>Morgen:<\/strong> Ganzt\u00e4gige gef\u00fchrte Tour in Gallipoli.<br \/>\n\u2981 Besuchen Sie das Cape Helles Denkmal, die Kilitbahir Festung, das T\u00fcrkische Denkmal und mehr.<br \/>\n\u2981 Erfahren Sie mehr \u00fcber bedeutende Schlachtfelder wie V Beach und den Achi Baba H\u00fcgel.<br \/>\n\u2981 <strong>Mittag:<\/strong> Mittagessen in einem lokalen Restaurant.<br \/>\n\u2981 <strong>Nachmittag:<\/strong> ANZAC Sektor Tour H\u00f6hepunkte: ANZAC Cove, Lone Pine Memorial, Chunuk Bair und der Friedhof des 57. Infanterieregiments.<br \/>\n\u2981 <strong>Abend:<\/strong> R\u00fcckkehr zu Ihrem Hotel in Eceabat oder \u00c7anakkale.<\/p>\n<p><strong>Tag 3: Troja Antike Stadt Tour &amp; R\u00fcckkehr nach Istanbul<\/strong><br \/>\n\u2981 <strong>Morgen:<\/strong> Fr\u00fchst\u00fcck und Check-out aus dem Hotel.<br \/>\n\u2981 Gef\u00fchrte Tour der antiken Ruinen von Troja, einschlie\u00dflich:<br \/>\n\u2981 Das Trojanische Pferd<br \/>\n\u2981 Die Stadtmauern von Troja VI und VII<br \/>\n\u2981 Der Tempel der Athena<br \/>\n\u2981 Das R\u00f6mische Bad und Odeon<br \/>\n\u2981 Das Scaean Tor und die Agora<br \/>\n\u2981 <strong>Nachmittag:<\/strong> Freizeit zum Erkunden.<br \/>\n\u2981 <strong>Abend:<\/strong> R\u00fcckfahrt nach Istanbul (Ankunft ca. 22:00\u201322:30).<\/p>\n<p><strong>Inklusive Leistungen:<\/strong><br \/>\n\u2981 Hotel\u00fcbernachtungen mit Fr\u00fchst\u00fcck.<br \/>\n\u2981 Professionelle gef\u00fchrte Touren.<br \/>\n\u2981 Eintrittspreise f\u00fcr alle Sehensw\u00fcrdigkeiten.<br \/>\n\u2981 Transport in klimatisierten Bussen.<br \/>\n\u2981 Mittagessen am 2. Tag.<\/p>\n<p><strong>Nicht enthalten:<\/strong><br \/>\n\u2981 Pers\u00f6nliche Ausgaben.<br \/>\n\u2981 Fr\u00fchst\u00fcck am 1. Tag und alle Abendessen.<br \/>\n\u2981 Getr\u00e4nke zum Mittagessen.<\/p>\n","protected":false},"featured_media":4329,"comment_status":"open","ping_status":"closed","template":"","meta":[],"product_cat":[164],"product_tag":[],"class_list":{"0":"post-4322","1":"product","2":"type-product","3":"status-publish","4":"has-post-thumbnail","6":"product_cat-inlandsreisen-in-der-tuerkei","8":"first","9":"instock","10":"sale","11":"shipping-taxable","12":"purchasable","13":"product-type-simple"},"aioseo_notices":[],"_links":{"self":[{"href":"https:\/\/checuplivebetter.com\/de\/wp-json\/wp\/v2\/product\/4322","targetHints":{"allow":["GET"]}}],"collection":[{"href":"https:\/\/checuplivebetter.com\/de\/wp-json\/wp\/v2\/product"}],"about":[{"href":"https:\/\/checuplivebetter.com\/de\/wp-json\/wp\/v2\/types\/product"}],"replies":[{"embeddable":true,"href":"https:\/\/checuplivebetter.com\/de\/wp-json\/wp\/v2\/comments?post=4322"}],"wp:featuredmedia":[{"embeddable":true,"href":"https:\/\/checuplivebetter.com\/de\/wp-json\/wp\/v2\/media\/4329"}],"wp:attachment":[{"href":"https:\/\/checuplivebetter.com\/de\/wp-json\/wp\/v2\/media?parent=4322"}],"wp:term":[{"taxonomy":"product_cat","embeddable":true,"href":"https:\/\/checuplivebetter.com\/de\/wp-json\/wp\/v2\/product_cat?post=4322"},{"taxonomy":"product_tag","embeddable":true,"href":"https:\/\/checuplivebetter.com\/de\/wp-json\/wp\/v2\/product_tag?post=4322"}],"curies":[{"name":"wp","href":"https:\/\/api.w.org\/{rel}","templated":true}]}}