{"id":4314,"date":"2024-12-05T10:17:50","date_gmt":"2024-12-05T10:17:50","guid":{"rendered":"https:\/\/checuplivebetter.com\/?post_type=product&#038;p=4314"},"modified":"2024-12-05T10:18:47","modified_gmt":"2024-12-05T10:18:47","slug":"pamukkale-hierapolis-tagestour","status":"publish","type":"product","link":"https:\/\/checuplivebetter.com\/de\/urun\/pamukkale-hierapolis-tagestour\/","title":{"rendered":"Pamukkale &#038; Hierapolis Tagestour"},"content":{"rendered":"","protected":false},"excerpt":{"rendered":"<p><strong>Schritt in die Geschichte: Pamukkale &amp; Hierapolis Tagestour vom Flughafen Denizli<\/strong><\/p>\n<p><strong>Tour-\u00dcberblick:<\/strong><br \/>\n\u2981 <strong>Dauer:<\/strong> Ganzt\u00e4gig<br \/>\n\u2981 <strong>Abfahrt:<\/strong> Flughafen Denizli \u00c7ardak (07:00\u201308:30 Uhr Fl\u00fcge)<br \/>\n\u2981 <strong>R\u00fcckkehr:<\/strong> Flughafen Denizli \u00c7ardak (Fl\u00fcge nach 17:00 Uhr)<\/p>\n<p><strong>Tour-Highlights:<\/strong><br \/>\n\u2981 Abholung vom Flughafen Denizli mit pers\u00f6nlichem Service.<br \/>\n\u2981 Entdecken Sie die antike Stadt Hierapolis: Antikes Theater, Friedhof und Ruinen.<br \/>\n\u2981 Besuchen Sie die ikonischen wei\u00dfen Travertin-Terrassen von Pamukkale (Kalksteinterrassen).<br \/>\n\u2981 Freizeit zum Entspannen oder Schwimmen im Thermalbecken von Kleopatra (gegen Aufpreis).<br \/>\n<strong>Optional:<\/strong> Transfer zu nahegelegenen Zielen wie Fethiye, Antalya oder Istanbul.<\/p>\n<p><strong>Inklusive Dienstleistungen:<\/strong><br \/>\n\u2981 Flughafentransfers (Abholung\/R\u00fcckgabe)<br \/>\n\u2981 Professioneller Guide<br \/>\n\u2981 Eintrittsgeb\u00fchren<br \/>\n\u2981 Mittagessen in einem lokalen Restaurant<br \/>\n\u2981 Klimatisierter Transport<br \/>\n\u2981 Parkgeb\u00fchren und Stra\u00dfengeb\u00fchren<\/p>\n<p><strong>Nicht inbegriffen:<\/strong><br \/>\n\u2981 Pers\u00f6nliche Ausgaben<br \/>\n\u2981 Getr\u00e4nke beim Mittagessen<br \/>\n\u2981 Eintritt zum Kleopatras Pool<\/p>\n<p><strong>Hinweise:<\/strong><br \/>\n\u2981 Bequeme Schuhe und ein Hut werden empfohlen.<br \/>\n\u2981 Die Reihenfolge der Reiseroute kann ge\u00e4ndert werden, um Menschenmengen zu vermeiden.<br \/>\n\u2981 Bitte seien Sie 15 Minuten vor der geplanten Abholzeit am Abholpunkt.<\/p>\n","protected":false},"featured_media":0,"comment_status":"open","ping_status":"closed","template":"","meta":[],"product_cat":[164],"product_tag":[],"class_list":{"0":"post-4314","1":"product","2":"type-product","3":"status-publish","5":"product_cat-inlandsreisen-in-der-tuerkei","7":"first","8":"instock","9":"sale","10":"shipping-taxable","11":"purchasable","12":"product-type-simple"},"aioseo_notices":[],"_links":{"self":[{"href":"https:\/\/checuplivebetter.com\/de\/wp-json\/wp\/v2\/product\/4314","targetHints":{"allow":["GET"]}}],"collection":[{"href":"https:\/\/checuplivebetter.com\/de\/wp-json\/wp\/v2\/product"}],"about":[{"href":"https:\/\/checuplivebetter.com\/de\/wp-json\/wp\/v2\/types\/product"}],"replies":[{"embeddable":true,"href":"https:\/\/checuplivebetter.com\/de\/wp-json\/wp\/v2\/comments?post=4314"}],"wp:attachment":[{"href":"https:\/\/checuplivebetter.com\/de\/wp-json\/wp\/v2\/media?parent=4314"}],"wp:term":[{"taxonomy":"product_cat","embeddable":true,"href":"https:\/\/checuplivebetter.com\/de\/wp-json\/wp\/v2\/product_cat?post=4314"},{"taxonomy":"product_tag","embeddable":true,"href":"https:\/\/checuplivebetter.com\/de\/wp-json\/wp\/v2\/product_tag?post=4314"}],"curies":[{"name":"wp","href":"https:\/\/api.w.org\/{rel}","templated":true}]}}