{"id":4309,"date":"2024-12-05T10:13:14","date_gmt":"2024-12-05T10:13:14","guid":{"rendered":"https:\/\/checuplivebetter.com\/?post_type=product&#038;p=4309"},"modified":"2024-12-05T10:15:21","modified_gmt":"2024-12-05T10:15:21","slug":"ephesos-antike-stadt-tour","status":"publish","type":"product","link":"https:\/\/checuplivebetter.com\/de\/urun\/ephesos-antike-stadt-tour\/","title":{"rendered":"Ephesos Antike Stadt Tour"},"content":{"rendered":"","protected":false},"excerpt":{"rendered":"<p><strong>Entdecken Sie die zeitlosen Wunder von Ephesos: Tagesausflug vom Flughafen Izmir<\/strong><br \/>\n<strong>Tour-Details:<\/strong><br \/>\n\u2981 <strong>Dauer:<\/strong> Ganzt\u00e4gig<br \/>\n\u2981 <strong>Tour-Typ:<\/strong> Gruppenf\u00fchrung<br \/>\n\u2981 <strong>Transport:<\/strong> Mit dem Bus<br \/>\n\u2981 <strong>Verf\u00fcgbarkeit:<\/strong> T\u00e4glich<br \/>\n\u2981 <strong>Abfahrt:<\/strong> 09:30 Uhr<br \/>\n\u2981 <strong>Ankunft:<\/strong> 16:00 Uhr<\/p>\n<p><strong>Tagesprogramm<\/strong><br \/>\n<strong>Morgen:<\/strong> Ankunft und Beginn der Tour<br \/>\n\u2981 Ankunft am Flughafen Izmir Adnan Menderes (empfohlen zwischen 07:30 und 08:30 Uhr).<br \/>\n\u2981 Treffen mit Ihrem Reiseleiter am Flughafen und Transfer nach Ephesos.<\/p>\n<p><strong>H\u00f6hepunkte der Ephesos-Tour:<\/strong><br \/>\n\u2981 Celsus-Bibliothek<br \/>\n\u2981 Hadrian-Tempel<br \/>\n\u2981 Trajan-Brunnen<br \/>\n\u2981 Historische Marmorsstra\u00dfe<br \/>\n\u2981 Gro\u00dfes Theater (Predigtst\u00e4tte von St. Paul)<\/p>\n<p><strong>Mittagessen:<\/strong><br \/>\n\u2981 Genie\u00dfen Sie eine k\u00f6stliche Mahlzeit in einem lokalen Restaurant.<\/p>\n<p><strong>Nachmittag:<\/strong> Weitere Besichtigungen<br \/>\n\u2981 Besuchen Sie die Isabey-Moschee.<br \/>\n\u2981 Erkunden Sie das Haus der Jungfrau Maria, das als ihr letzter Wohnsitz gilt.<br \/>\n\u2981 Besichtigen Sie den Artemis-Tempel, eines der sieben Weltwunder der Antike.<\/p>\n<p><strong>16:00 Uhr:<\/strong> R\u00fccktransfer zum Flughafen Izmir oder optionale Abgabe in Sel\u00e7uk oder Ku\u015fadas\u0131.<\/p>\n<p><strong>Im Preis enthalten:<\/strong><br \/>\n\u2981 Abholung und R\u00fccktransfer vom Flughafen Izmir<br \/>\n\u2981 Professionelle F\u00fchrungsdienste<br \/>\n\u2981 Eintrittsgeb\u00fchren f\u00fcr alle Sehensw\u00fcrdigkeiten<br \/>\n\u2981 Mittagessen in einem lokalen Restaurant<br \/>\n\u2981 Klimatisierter Transport<br \/>\n\u2981 Parkgeb\u00fchren und Stra\u00dfengeb\u00fchren<br \/>\n\u2981 Lokale Steuern<\/p>\n<p><strong>Nicht im Preis enthalten:<\/strong><br \/>\n\u2981 Pers\u00f6nliche Ausgaben<br \/>\n\u2981 Getr\u00e4nke zum Mittagessen<br \/>\n\u2981 Fr\u00fchst\u00fcck und Abendessen<br \/>\n\u2981 Optionale Ausfl\u00fcge, wie z.B. Pamukkale-Besuche<\/p>\n<p><strong>Zus\u00e4tzliche Hinweise:<\/strong><br \/>\n\u2981 Die R\u00fcckflugzeit muss nach 18:45 Uhr liegen.<br \/>\n\u2981 Bequeme Schuhe und ein Hut werden empfohlen.<br \/>\n\u2981 Die genaue Abholzeit wird bei der Buchung best\u00e4tigt.<br \/>\n\u2981 Die Reihenfolge der Tour kann ge\u00e4ndert werden, um Menschenmengen zu vermeiden.<\/p>\n","protected":false},"featured_media":4364,"comment_status":"open","ping_status":"closed","template":"","meta":[],"product_cat":[164],"product_tag":[],"class_list":{"0":"post-4309","1":"product","2":"type-product","3":"status-publish","4":"has-post-thumbnail","6":"product_cat-inlandsreisen-in-der-tuerkei","8":"first","9":"instock","10":"sale","11":"shipping-taxable","12":"purchasable","13":"product-type-simple"},"aioseo_notices":[],"_links":{"self":[{"href":"https:\/\/checuplivebetter.com\/de\/wp-json\/wp\/v2\/product\/4309","targetHints":{"allow":["GET"]}}],"collection":[{"href":"https:\/\/checuplivebetter.com\/de\/wp-json\/wp\/v2\/product"}],"about":[{"href":"https:\/\/checuplivebetter.com\/de\/wp-json\/wp\/v2\/types\/product"}],"replies":[{"embeddable":true,"href":"https:\/\/checuplivebetter.com\/de\/wp-json\/wp\/v2\/comments?post=4309"}],"wp:featuredmedia":[{"embeddable":true,"href":"https:\/\/checuplivebetter.com\/de\/wp-json\/wp\/v2\/media\/4364"}],"wp:attachment":[{"href":"https:\/\/checuplivebetter.com\/de\/wp-json\/wp\/v2\/media?parent=4309"}],"wp:term":[{"taxonomy":"product_cat","embeddable":true,"href":"https:\/\/checuplivebetter.com\/de\/wp-json\/wp\/v2\/product_cat?post=4309"},{"taxonomy":"product_tag","embeddable":true,"href":"https:\/\/checuplivebetter.com\/de\/wp-json\/wp\/v2\/product_tag?post=4309"}],"curies":[{"name":"wp","href":"https:\/\/api.w.org\/{rel}","templated":true}]}}