{"id":4304,"date":"2024-12-05T10:07:46","date_gmt":"2024-12-05T10:07:46","guid":{"rendered":"https:\/\/checuplivebetter.com\/?post_type=product&#038;p=4304"},"modified":"2024-12-05T10:08:46","modified_gmt":"2024-12-05T10:08:46","slug":"10-taegiges-faszinierendes-tuerkei-highlight-tour-paket","status":"publish","type":"product","link":"https:\/\/checuplivebetter.com\/de\/urun\/10-taegiges-faszinierendes-tuerkei-highlight-tour-paket\/","title":{"rendered":"10-T\u00e4giges Faszinierendes T\u00fcrkei-Highlight-Tour-Paket"},"content":{"rendered":"","protected":false},"excerpt":{"rendered":"<p><strong>Entdecke die T\u00fcrkei: Eine Reise durch zeitlose Wunder<\/strong><\/p>\n<p><strong>Tour-Details:<\/strong><br \/>\n\u2981 Dauer: 10 Tage<br \/>\n\u2981 Tour-Typ: Gruppengef\u00fchrt<br \/>\n\u2981 Transport: Mit Bus + Flugzeug<br \/>\n\u2981 Verf\u00fcgbar: T\u00e4glich<br \/>\n\u2981 Abreise\/Ankunft: Istanbul<\/p>\n<p><strong>Reiseverlauf<\/strong><br \/>\n<strong>Tag 1: Ankunft in Istanbul<\/strong><br \/>\nAnkunft am Flughafen Istanbul und Transfer zu Ihrem Hotel. Check-in und Freizeit zur Erholung. \u00dcbernachtung in Istanbul.<br \/>\n<strong>Tag 2: Historische Istanbul-Tour (F, M)<\/strong><br \/>\nStarten Sie den Tag mit einem Fr\u00fchst\u00fcck im Hotel, gefolgt von einer ganzt\u00e4gigen historischen Istanbul-Tour:<br \/>\n\u2981 Hagia Sophia<br \/>\n\u2981 Blaue Moschee<br \/>\n\u2981 Hippodrom<br \/>\n\u2981 Topkapi-Palast<br \/>\n\u2981 Gro\u00dfer Basar<br \/>\nR\u00fcckkehr zum Hotel nach der Tour. \u00dcbernachtung in Istanbul.<br \/>\n<strong>Tag 3: Bosporus Sightseeing-Kreuzfahrt (F)<\/strong><br \/>\nFr\u00fchst\u00fcck im Hotel, gefolgt von einer halbt\u00e4gigen Tour:<br \/>\n\u2981 Byzantinische Stadtmauern<br \/>\n\u2981 Goldenes Horn<br \/>\n\u2981 Gew\u00fcrzbasar<br \/>\n\u2981 Bosporus-Kreuzfahrt zwischen Europa und Asien<br \/>\nFreier Nachmittag zur Erkundung. \u00dcbernachtung in Istanbul.<br \/>\n<strong>Tag 4: Flug nach Kappadokien und Nord-Kappadokien-Tour (M)<\/strong><br \/>\nFr\u00fcher Transfer zum Flughafen und Flug nach Kayseri oder Nevsehir. Nach der Ankunft:<br \/>\n\u2981 Devrent-Tal<br \/>\n\u2981 Pasabag<br \/>\n\u2981 Avanos<br \/>\n\u2981 G\u00f6reme<br \/>\n\u2981 Uchisar-Schloss<br \/>\n\u00dcbernachtung in Kappadokien.<br \/>\n<strong>Tag 5: S\u00fcd-Kappadokien-Tour (F, M)<\/strong><br \/>\nErkundung des s\u00fcdlichen Kappadokiens:<br \/>\n\u2981 Unterirdische Stadt<br \/>\n\u2981 Rote Tal<br \/>\n\u2981 Cavusin<br \/>\n\u2981 Ortahisar<br \/>\n\u2981 Taubental<br \/>\nR\u00fcckkehr zum Hotel. \u00dcbernachtung in Kappadokien.<br \/>\n<strong>Tag 6: Kappadokien nach Kusadasi (F)<\/strong><br \/>\nFr\u00fchst\u00fcck und Transfer zum Flughafen f\u00fcr einen Flug nach Izmir. Nach der Ankunft Transfer zu Ihrem Hotel in Kusadasi. \u00dcbernachtung in Kusadasi.<br \/>\n<strong>Tag 7: Pamukkale-Tour (F, M)<\/strong><br \/>\nFahrt nach Pamukkale und F\u00fchrung durch:<br \/>\n\u2981 Hierapolis antike Stadt<br \/>\n\u2981 Ber\u00fchmte Kalkterrassen<br \/>\n\u2981 Antikes Thermalbecken (Eintritt extra)<br \/>\nR\u00fcckkehr nach Kusadasi zur \u00dcbernachtung.<br \/>\n<strong>Tag 8: Antikes Ephesus &amp; Jungfrau Maria Haus (F, M)<\/strong><br \/>\nBesuch von:<br \/>\n\u2981 Antikes Ephesus<br \/>\n\u2981 Artemis-Tempel<br \/>\n\u2981 Isabey-Moschee<br \/>\n\u2981 Haus der Jungfrau Maria<br \/>\n\u00dcbernachtung in Kusadasi.<br \/>\n<strong>Tag 9: Kusadasi nach Istanbul (F)<\/strong><br \/>\nCheck-out und Transfer zum Flughafen Izmir f\u00fcr einen Flug nach Istanbul. Der restliche Tag steht zur freien Verf\u00fcgung. \u00dcbernachtung in Istanbul.<br \/>\n<strong>Tag 10: R\u00fcckflug (F)<\/strong><br \/>\nFr\u00fchst\u00fcck und Check-out vom Hotel. Transfer zum Flughafen f\u00fcr Ihren R\u00fcckflug.<\/p>\n<p><strong>Preis enth\u00e4lt:<\/strong><br \/>\n\u2981 Alle Flughafen-Transfers<br \/>\n\u2981 Inlandsflug-Tickets<br \/>\n\u2981 9 \u00dcbernachtungen mit Fr\u00fchst\u00fcck<br \/>\n\u2981 Alle gef\u00fchrten Touren gem\u00e4\u00df Reiseplan<br \/>\n\u2981 Mahlzeiten wie angegeben (F: Fr\u00fchst\u00fcck, M: Mittagessen)<br \/>\n\u2981 Eintrittsgelder<br \/>\n\u2981 Professionelle lokale Guides<br \/>\n\u2981 Klimatisierte Transportmittel<br \/>\n\u2981 Parkgeb\u00fchren und Stra\u00dfentullen<br \/>\n\u2981 Lokale Steuern<\/p>\n<p><strong>Preis enth\u00e4lt nicht:<\/strong><br \/>\n\u2981 Pers\u00f6nliche Ausgaben<br \/>\n\u2981 Getr\u00e4nke w\u00e4hrend der Mahlzeiten<br \/>\n\u2981 Abendessen und Mahlzeiten an freien Tagen<br \/>\n\u2981 Optionale Ausfl\u00fcge (z.B. Hei\u00dfluftballonfahrt in Kappadokien)<\/p>\n<p><strong>Hinweise:<\/strong><br \/>\n\u2981 Genaue Abholzeiten werden bei der Buchung angegeben.<br \/>\n\u2981 Seien Sie 15 Minuten vor der geplanten Abholung bereit.<br \/>\n\u2981 Tragen Sie bequeme Schuhe und einen Hut zum Sonnenschutz.<br \/>\n\u2981 Der Reiseverlauf kann ge\u00e4ndert werden, um \u00dcberf\u00fcllung zu vermeiden.<\/p>\n","protected":false},"featured_media":4359,"comment_status":"open","ping_status":"closed","template":"","meta":[],"product_cat":[164],"product_tag":[],"class_list":{"0":"post-4304","1":"product","2":"type-product","3":"status-publish","4":"has-post-thumbnail","6":"product_cat-inlandsreisen-in-der-tuerkei","8":"first","9":"instock","10":"sale","11":"shipping-taxable","12":"purchasable","13":"product-type-simple"},"aioseo_notices":[],"_links":{"self":[{"href":"https:\/\/checuplivebetter.com\/de\/wp-json\/wp\/v2\/product\/4304","targetHints":{"allow":["GET"]}}],"collection":[{"href":"https:\/\/checuplivebetter.com\/de\/wp-json\/wp\/v2\/product"}],"about":[{"href":"https:\/\/checuplivebetter.com\/de\/wp-json\/wp\/v2\/types\/product"}],"replies":[{"embeddable":true,"href":"https:\/\/checuplivebetter.com\/de\/wp-json\/wp\/v2\/comments?post=4304"}],"wp:featuredmedia":[{"embeddable":true,"href":"https:\/\/checuplivebetter.com\/de\/wp-json\/wp\/v2\/media\/4359"}],"wp:attachment":[{"href":"https:\/\/checuplivebetter.com\/de\/wp-json\/wp\/v2\/media?parent=4304"}],"wp:term":[{"taxonomy":"product_cat","embeddable":true,"href":"https:\/\/checuplivebetter.com\/de\/wp-json\/wp\/v2\/product_cat?post=4304"},{"taxonomy":"product_tag","embeddable":true,"href":"https:\/\/checuplivebetter.com\/de\/wp-json\/wp\/v2\/product_tag?post=4304"}],"curies":[{"name":"wp","href":"https:\/\/api.w.org\/{rel}","templated":true}]}}