{"id":4294,"date":"2024-12-05T09:56:29","date_gmt":"2024-12-05T09:56:29","guid":{"rendered":"https:\/\/checuplivebetter.com\/?post_type=product&#038;p=4294"},"modified":"2024-12-05T09:59:52","modified_gmt":"2024-12-05T09:59:52","slug":"tuerkei-oestlicher-express","status":"publish","type":"product","link":"https:\/\/checuplivebetter.com\/de\/urun\/tuerkei-oestlicher-express\/","title":{"rendered":"T\u00fcrkei \u00d6stlicher Express"},"content":{"rendered":"","protected":false},"excerpt":{"rendered":"<p><strong>Tag 1 &#8211; Istanbul nach Kars<\/strong><br \/>\n<strong>Highlights:<\/strong> Ani Ruinen, Arpa\u00e7ay Fluss, See \u00c7\u0131ld\u0131r, Kars Stadt, Kaukasische Nacht<br \/>\n\u2981 Flug: Sabiha G\u00f6k\u00e7en Flughafen nach Erzurum.<br \/>\n\u2981 Besichtigung von Seljukischen Sehensw\u00fcrdigkeiten: \u00c7ifte Minareli und Yakutiye Medrese (panoramatische Aussicht).<br \/>\n\u2981 Malerische Fahrt \u00fcber Pasinler und Horasan, durch die Allahuekber Berge nach Sar\u0131kam\u0131\u015f.<br \/>\n\u2981 Besuch des Sar\u0131kam\u0131\u015f M\u00e4rtyrerdenkmals.<br \/>\n\u2981 Erkundung der Ani Ruinen: Stadtmauern, Menu\u00e7ehr Moschee und Arpa\u00e7ay Grenzansicht.<br \/>\n\u2981 Genie\u00dfen Sie eine Schlittenfahrt auf dem zugefrorenen \u00c7\u0131ld\u0131r See (saisonal, extra) und ein frisches Fischmittagessen.<br \/>\n\u2981 R\u00fcckkehr nach Kars zum Einkaufen und Sightseeing.<br \/>\n\u2981 Optional: Kaukasische Nacht (extra).<br \/>\nUnterkunft: Bed &amp; Breakfast<\/p>\n<p><strong>Tag 2 &#8211; Kars Stadttour<\/strong><br \/>\n<strong>Highlights:<\/strong> Kars Burg, K\u00fcmbet Moschee, Fethiye Moschee, Kanl\u0131 Tabya<br \/>\n\u2981 Fr\u00fchst\u00fcck im Hotel.<br \/>\n\u2981 Spaziergang durch die Stra\u00dfen von Kars mit Baltischer Architektur.<br \/>\n\u2981 Besuch der Kars Burg, K\u00fcmbet Moschee und Fethiye Moschee.<br \/>\n\u2981 Erkundung der Kanl\u0131 Tabya und des Kaukasischen Frontkriegs-Museums.<br \/>\n\u2981 Abends Abfahrt mit dem Orient Express.<\/p>\n<p><strong>Tag 3 &#8211; Erzincan, Kemaliye, Divri\u011fi und Sivas<\/strong><br \/>\n<strong>Highlights:<\/strong> Dunkle Schlucht, Ta\u015fyol, Divri\u011fi Gro\u00dfe Moschee, Sivas Kongresshalle<br \/>\n\u2981 Morgenankunft in \u0130li\u00e7; optionaler Ausflug nach Kemaliye (extra).<br \/>\n\u2981 Entdeckung der Dunklen Schlucht, Ta\u015fyol und L\u00f6khane.<br \/>\n\u2981 Weiterfahrt nach Divri\u011fi zur UNESCO-gesch\u00fctzten Gro\u00dfen Moschee (panoramarisch).<br \/>\n\u2981 Erkundung der historischen Stra\u00dfen und Basare in Divri\u011fi.<br \/>\n\u2981 Reise nach Sivas f\u00fcr Kongresshalle, Buruciye, \u015eifaiye und die \u00c7ifte Minareli Medressen.<\/p>\n<p><strong>Tag 4 &#8211; Ankara nach Istanbul<\/strong><br \/>\n\u2981 Ankunft am Bahnhof Ankara.<br \/>\n\u2981 Transfer zu einem Hochgeschwindigkeitszug nach Istanbul.<br \/>\n\u2981 Ende der Tour und Abschied.<br \/>\n<strong>Hinweise:<\/strong> Zugversp\u00e4tungen sind m\u00f6glich und au\u00dferhalb unserer Kontrolle.<\/p>\n<p><strong>Mahlzeiten:<\/strong><br \/>\n\u2981 Tag 1: Fr\u00fchst\u00fcck &amp; Mittagessen (extra), Abendessen optional.<br \/>\n\u2981 Tag 2: Fr\u00fchst\u00fcck inklusive; Mittagessen &amp; Abendessen (extra).<br \/>\n\u2981 Tag 3: Alle Mahlzeiten (extra).<br \/>\n\u2981 Tag 4: Fr\u00fchst\u00fcck (extra).<\/p>\n","protected":false},"featured_media":4349,"comment_status":"open","ping_status":"closed","template":"","meta":[],"product_cat":[164],"product_tag":[],"class_list":{"0":"post-4294","1":"product","2":"type-product","3":"status-publish","4":"has-post-thumbnail","6":"product_cat-inlandsreisen-in-der-tuerkei","8":"first","9":"instock","10":"sale","11":"shipping-taxable","12":"purchasable","13":"product-type-simple"},"aioseo_notices":[],"_links":{"self":[{"href":"https:\/\/checuplivebetter.com\/de\/wp-json\/wp\/v2\/product\/4294","targetHints":{"allow":["GET"]}}],"collection":[{"href":"https:\/\/checuplivebetter.com\/de\/wp-json\/wp\/v2\/product"}],"about":[{"href":"https:\/\/checuplivebetter.com\/de\/wp-json\/wp\/v2\/types\/product"}],"replies":[{"embeddable":true,"href":"https:\/\/checuplivebetter.com\/de\/wp-json\/wp\/v2\/comments?post=4294"}],"wp:featuredmedia":[{"embeddable":true,"href":"https:\/\/checuplivebetter.com\/de\/wp-json\/wp\/v2\/media\/4349"}],"wp:attachment":[{"href":"https:\/\/checuplivebetter.com\/de\/wp-json\/wp\/v2\/media?parent=4294"}],"wp:term":[{"taxonomy":"product_cat","embeddable":true,"href":"https:\/\/checuplivebetter.com\/de\/wp-json\/wp\/v2\/product_cat?post=4294"},{"taxonomy":"product_tag","embeddable":true,"href":"https:\/\/checuplivebetter.com\/de\/wp-json\/wp\/v2\/product_tag?post=4294"}],"curies":[{"name":"wp","href":"https:\/\/api.w.org\/{rel}","templated":true}]}}