{"id":4276,"date":"2024-12-05T09:18:32","date_gmt":"2024-12-05T09:18:32","guid":{"rendered":"https:\/\/checuplivebetter.com\/?post_type=product&#038;p=4276"},"modified":"2024-12-05T09:26:08","modified_gmt":"2024-12-05T09:26:08","slug":"7-taegige-schwarzes-meer-tour-reiseroute","status":"publish","type":"product","link":"https:\/\/checuplivebetter.com\/de\/urun\/7-taegige-schwarzes-meer-tour-reiseroute\/","title":{"rendered":"7-T\u00e4gige Schwarzes Meer Tour Reiseroute"},"content":{"rendered":"","protected":false},"excerpt":{"rendered":"<p><strong>Tag 1: Istanbul<\/strong><br \/>\nAbfahrt von den vorgesehenen Punkten f\u00fcr eine \u00dcbernachtfahrt in die Schwarzmeerregion.<br \/>\nMahlzeiten: Abendessen an einer Rastst\u00e4tte (extra).<\/p>\n<p><strong>Tag 2: Amasya &#8211; Ordu<\/strong><br \/>\nH\u00f6hepunkte:<br \/>\n\u2981 Amasya Arch\u00e4ologisches Museum<br \/>\n\u2981 Sultan Beyazid II. Komplex<br \/>\n\u2981 \u015eehzadeler Park<br \/>\n\u2981 Per\u015fembe Plateau<\/p>\n<p>Genie\u00dfen Sie eine gef\u00fchrte Tour durch Amasya und fahren Sie anschlie\u00dfend zum Per\u015fembe Plateau f\u00fcr atemberaubende Ausblicke. \u00dcbernachtung und Abendessen im Hotel.<br \/>\nMahlzeiten:<br \/>\n\u2981 Fr\u00fchst\u00fcck: An einer Rastst\u00e4tte (extra).<br \/>\n\u2981 Mittagessen: In einem regionalen Restaurant (extra).<br \/>\n\u2981 Abendessen: Im Hotel inklusive.<\/p>\n<p><strong>Tag 3: Ordu &#8211; Trabzon<\/strong><br \/>\nH\u00f6hepunkte:<br \/>\n\u2981 S\u00fcmela Kloster<br \/>\n\u2981 Atat\u00fcrk Pavillon<br \/>\n\u2981 Hagia Sophia von Trabzon<br \/>\n\u2981 Karaca H\u00f6hle (extra)<\/p>\n<p>Entdecken Sie die Sehensw\u00fcrdigkeiten und Natur von Trabzon, einschlie\u00dflich eines Besuchs des ber\u00fchmten S\u00fcmela Klosters. Optionale Besichtigung der Karaca H\u00f6hle. \u00dcbernachtung in Trabzon.<br \/>\nMahlzeiten:<br \/>\n\u2981 Fr\u00fchst\u00fcck: Im Hotel inklusive.<br \/>\n\u2981 Mittagessen: In einem regionalen Restaurant (extra).<br \/>\n\u2981 Abendessen: Im Hotel inklusive.<\/p>\n<p><strong>Tag 4: Trabzon &#8211; Hopa<\/strong><br \/>\nH\u00f6hepunkte:<br \/>\n\u2981 Uzung\u00f6l<br \/>\n\u2981 Karaster Plateau (extra)<br \/>\n\u2981 Rize Textilwerkstatt<br \/>\n\u2981 Batum (extra)<\/p>\n<p>Erkunden Sie Uzung\u00f6l und besuchen Sie traditionelle Textilwerkst\u00e4tten in Rize. Optionale Nachttour nach Batum f\u00fcr ein einzigartiges Erlebnis. \u00dcbernachtung in Hopa.<br \/>\nMahlzeiten:<br \/>\n\u2981 Fr\u00fchst\u00fcck: Im Hotel inklusive.<br \/>\n\u2981 Mittagessen: In einem regionalen Restaurant (extra).<br \/>\n\u2981 Abendessen: Im Hotel inklusive.<\/p>\n<p><strong>Tag 5: Rize<\/strong><br \/>\nH\u00f6hepunkte:<br \/>\n\u2981 Ayder Plateau<br \/>\n\u2981 Bor\u00e7ka Karag\u00f6l (extra)<br \/>\n\u2981 Zilkale &amp; Palovit Wasserfall (extra)<\/p>\n<p>Besuchen Sie ikonische Plateaus und Natursehensw\u00fcrdigkeiten. Optionale Touren zu Zilkale, Palovit Wasserfall und Bor\u00e7ka Karag\u00f6l. \u00dcbernachtung in Rize.<br \/>\nMahlzeiten:<br \/>\n\u2981 Fr\u00fchst\u00fcck: Im Hotel inklusive.<br \/>\n\u2981 Mittagessen: In einem regionalen Restaurant (extra).<br \/>\n\u2981 Abendessen: Im Hotel inklusive.<\/p>\n<p><strong>Tag 6: Rize &#8211; Ordu<\/strong><br \/>\nH\u00f6hepunkte:<br \/>\n\u2981 \u00c7e\u00e7eva Teeg\u00e4rten (extra)<br \/>\n\u2981 Kuzalan Naturpark<br \/>\n\u2981 Boztepe Seilbahn (extra)<\/p>\n<p>Genie\u00dfen Sie die atemberaubenden Teeg\u00e4rten und nat\u00fcrlichen Formationen im Kuzalan Park und am Mavi G\u00f6l. Besuchen Sie Boztepe in Ordu f\u00fcr einen atemberaubenden Ausblick. \u00dcbernachtung in Ordu.<br \/>\nMahlzeiten:<br \/>\n\u2981 Fr\u00fchst\u00fcck: Im Hotel inklusive.<br \/>\n\u2981 Mittagessen: In einem regionalen Restaurant (extra).<br \/>\n\u2981 Abendessen: Im Hotel inklusive.<\/p>\n<p><strong>Tag 7: Ordu &#8211; Samsun &#8211; Istanbul<\/strong><br \/>\nH\u00f6hepunkte:<br \/>\n\u2981 Band\u0131rma F\u00e4hre<br \/>\n\u2981 Onur Denkmal<\/p>\n<p>Erkunden Sie die wichtigsten Sehensw\u00fcrdigkeiten von Samsun, bevor Sie nach Istanbul zur\u00fcckkehren und die Tour abschlie\u00dfen.<br \/>\nMahlzeiten:<br \/>\n\u2981 Fr\u00fchst\u00fcck: Im Hotel inklusive.<br \/>\n\u2981 Mittagessen: In einem regionalen Restaurant (extra).<br \/>\n\u2981 Abendessen: An einer Rastst\u00e4tte (extra).<\/p>\n<p><strong>Wichtige Informationen<\/strong><br \/>\n\u2981 Mittagessen und optionale Touren sind nicht im Paket enthalten.<br \/>\n\u2981 Der Grenz\u00fcbertritt nach Batum erfordert einen neuen Ausweis (mit Chip) oder einen Reisepass.<br \/>\n\u2981 Reisende unter 18 Jahren m\u00fcssen eine notariell beglaubigte Einverst\u00e4ndniserkl\u00e4rung vorlegen, wenn sie ohne beide Eltern reisen.<br \/>\n<strong>Hinweis:<\/strong> Die Reiseroute kann aufgrund von Wetter- und Reisebedingungen ge\u00e4ndert werden.<\/p>\n","protected":false},"featured_media":4334,"comment_status":"open","ping_status":"closed","template":"","meta":[],"product_cat":[164],"product_tag":[],"class_list":{"0":"post-4276","1":"product","2":"type-product","3":"status-publish","4":"has-post-thumbnail","6":"product_cat-inlandsreisen-in-der-tuerkei","8":"first","9":"instock","10":"sale","11":"shipping-taxable","12":"purchasable","13":"product-type-simple"},"aioseo_notices":[],"_links":{"self":[{"href":"https:\/\/checuplivebetter.com\/de\/wp-json\/wp\/v2\/product\/4276","targetHints":{"allow":["GET"]}}],"collection":[{"href":"https:\/\/checuplivebetter.com\/de\/wp-json\/wp\/v2\/product"}],"about":[{"href":"https:\/\/checuplivebetter.com\/de\/wp-json\/wp\/v2\/types\/product"}],"replies":[{"embeddable":true,"href":"https:\/\/checuplivebetter.com\/de\/wp-json\/wp\/v2\/comments?post=4276"}],"wp:featuredmedia":[{"embeddable":true,"href":"https:\/\/checuplivebetter.com\/de\/wp-json\/wp\/v2\/media\/4334"}],"wp:attachment":[{"href":"https:\/\/checuplivebetter.com\/de\/wp-json\/wp\/v2\/media?parent=4276"}],"wp:term":[{"taxonomy":"product_cat","embeddable":true,"href":"https:\/\/checuplivebetter.com\/de\/wp-json\/wp\/v2\/product_cat?post=4276"},{"taxonomy":"product_tag","embeddable":true,"href":"https:\/\/checuplivebetter.com\/de\/wp-json\/wp\/v2\/product_tag?post=4276"}],"curies":[{"name":"wp","href":"https:\/\/api.w.org\/{rel}","templated":true}]}}