{"id":4168,"date":"2024-11-09T09:12:53","date_gmt":"2024-11-09T09:12:53","guid":{"rendered":"https:\/\/checuplivebetter.com\/?post_type=product&#038;p=4168"},"modified":"2024-11-09T09:13:28","modified_gmt":"2024-11-09T09:13:28","slug":"all-on-four-zahnimplantate","status":"publish","type":"product","link":"https:\/\/checuplivebetter.com\/de\/urun\/all-on-four-zahnimplantate\/","title":{"rendered":"All-on-Four Zahnimplantate"},"content":{"rendered":"","protected":false},"excerpt":{"rendered":"<p>Die All-on-Four-Behandlung ist eine fortschrittliche L\u00f6sung f\u00fcr zahnlose Patienten, bei der vier Implantate in den Kieferknochen eingesetzt werden, um eine festsitzende Prothese zu tragen. Diese Methode ist im Vergleich zu herk\u00f6mmlichen Implantatverfahren schneller abgeschlossen und weniger invasiv. All-on-Four bietet ein nat\u00fcrliches Aussehen und Funktion und stellt eine komfortable und dauerhafte L\u00f6sung dar.<\/p>\n","protected":false},"featured_media":4214,"comment_status":"open","ping_status":"closed","template":"","meta":[],"product_cat":[159],"product_tag":[],"class_list":{"0":"post-4168","1":"product","2":"type-product","3":"status-publish","4":"has-post-thumbnail","6":"product_cat-zahnbehandlungen","8":"first","9":"instock","10":"sale","11":"shipping-taxable","12":"purchasable","13":"product-type-simple"},"aioseo_notices":[],"_links":{"self":[{"href":"https:\/\/checuplivebetter.com\/de\/wp-json\/wp\/v2\/product\/4168","targetHints":{"allow":["GET"]}}],"collection":[{"href":"https:\/\/checuplivebetter.com\/de\/wp-json\/wp\/v2\/product"}],"about":[{"href":"https:\/\/checuplivebetter.com\/de\/wp-json\/wp\/v2\/types\/product"}],"replies":[{"embeddable":true,"href":"https:\/\/checuplivebetter.com\/de\/wp-json\/wp\/v2\/comments?post=4168"}],"wp:featuredmedia":[{"embeddable":true,"href":"https:\/\/checuplivebetter.com\/de\/wp-json\/wp\/v2\/media\/4214"}],"wp:attachment":[{"href":"https:\/\/checuplivebetter.com\/de\/wp-json\/wp\/v2\/media?parent=4168"}],"wp:term":[{"taxonomy":"product_cat","embeddable":true,"href":"https:\/\/checuplivebetter.com\/de\/wp-json\/wp\/v2\/product_cat?post=4168"},{"taxonomy":"product_tag","embeddable":true,"href":"https:\/\/checuplivebetter.com\/de\/wp-json\/wp\/v2\/product_tag?post=4168"}],"curies":[{"name":"wp","href":"https:\/\/api.w.org\/{rel}","templated":true}]}}