{"id":4152,"date":"2024-11-09T09:05:01","date_gmt":"2024-11-09T09:05:01","guid":{"rendered":"https:\/\/checuplivebetter.com\/?post_type=product&#038;p=4152"},"modified":"2024-11-09T09:06:05","modified_gmt":"2024-11-09T09:06:05","slug":"botox","status":"publish","type":"product","link":"https:\/\/checuplivebetter.com\/de\/urun\/botox\/","title":{"rendered":"Botox"},"content":{"rendered":"","protected":false},"excerpt":{"rendered":"<p>Botox ist eine \u00e4sthetische Behandlung, die feine Linien und Falten auf der Stirn, zwischen den Augenbrauen und um die Augen reduziert und f\u00fcr ein glatteres, jugendlicheres Aussehen sorgt. Diese Injektion wirkt auf die Gesichtsmuskeln, bewahrt die nat\u00fcrlichen Gesichtsausdr\u00fccke und verleiht der Haut ein frisches Aussehen. Die Wirkung h\u00e4lt in der Regel 4-6 Monate an.<\/p>\n","protected":false},"featured_media":4235,"comment_status":"open","ping_status":"closed","template":"","meta":[],"product_cat":[145],"product_tag":[],"class_list":{"0":"post-4152","1":"product","2":"type-product","3":"status-publish","4":"has-post-thumbnail","6":"product_cat-medizinische-aesthetik","8":"first","9":"instock","10":"sale","11":"shipping-taxable","12":"purchasable","13":"product-type-simple"},"aioseo_notices":[],"_links":{"self":[{"href":"https:\/\/checuplivebetter.com\/de\/wp-json\/wp\/v2\/product\/4152","targetHints":{"allow":["GET"]}}],"collection":[{"href":"https:\/\/checuplivebetter.com\/de\/wp-json\/wp\/v2\/product"}],"about":[{"href":"https:\/\/checuplivebetter.com\/de\/wp-json\/wp\/v2\/types\/product"}],"replies":[{"embeddable":true,"href":"https:\/\/checuplivebetter.com\/de\/wp-json\/wp\/v2\/comments?post=4152"}],"wp:featuredmedia":[{"embeddable":true,"href":"https:\/\/checuplivebetter.com\/de\/wp-json\/wp\/v2\/media\/4235"}],"wp:attachment":[{"href":"https:\/\/checuplivebetter.com\/de\/wp-json\/wp\/v2\/media?parent=4152"}],"wp:term":[{"taxonomy":"product_cat","embeddable":true,"href":"https:\/\/checuplivebetter.com\/de\/wp-json\/wp\/v2\/product_cat?post=4152"},{"taxonomy":"product_tag","embeddable":true,"href":"https:\/\/checuplivebetter.com\/de\/wp-json\/wp\/v2\/product_tag?post=4152"}],"curies":[{"name":"wp","href":"https:\/\/api.w.org\/{rel}","templated":true}]}}