{"id":4146,"date":"2024-11-09T09:03:10","date_gmt":"2024-11-09T09:03:10","guid":{"rendered":"https:\/\/checuplivebetter.com\/?post_type=product&#038;p=4146"},"modified":"2024-12-05T14:20:26","modified_gmt":"2024-12-05T14:20:26","slug":"gesichtsmesotherapie-3-sitzungen-f5-amber-l-5x10-ml","status":"publish","type":"product","link":"https:\/\/checuplivebetter.com\/de\/urun\/gesichtsmesotherapie-3-sitzungen-f5-amber-l-5x10-ml\/","title":{"rendered":"Gesichtsmesotherapie 3 Sitzungen"},"content":{"rendered":"","protected":false},"excerpt":{"rendered":"<p>ML Diese Mesotherapiebehandlung umfasst 3 Sitzungen zur Verj\u00fcngung und Revitalisierung der Haut mit speziell formulierten L\u00f6sungen. Die Kombination aus F5, Amber und L verbessert die Hautelastizit\u00e4t, reduziert feine Linien und Falten und gleicht den Hautton aus. Jede 10-ml-Anwendung bietet intensive Feuchtigkeit und Vitaminzufuhr und ist ideal f\u00fcr ein jugendliches und gesundes Aussehen.<\/p>\n","protected":false},"featured_media":4245,"comment_status":"open","ping_status":"closed","template":"","meta":[],"product_cat":[149],"product_tag":[],"class_list":{"0":"post-4146","1":"product","2":"type-product","3":"status-publish","4":"has-post-thumbnail","6":"product_cat-gesichtsaesthetik","8":"first","9":"instock","10":"sale","11":"shipping-taxable","12":"purchasable","13":"product-type-simple"},"aioseo_notices":[],"_links":{"self":[{"href":"https:\/\/checuplivebetter.com\/de\/wp-json\/wp\/v2\/product\/4146","targetHints":{"allow":["GET"]}}],"collection":[{"href":"https:\/\/checuplivebetter.com\/de\/wp-json\/wp\/v2\/product"}],"about":[{"href":"https:\/\/checuplivebetter.com\/de\/wp-json\/wp\/v2\/types\/product"}],"replies":[{"embeddable":true,"href":"https:\/\/checuplivebetter.com\/de\/wp-json\/wp\/v2\/comments?post=4146"}],"wp:featuredmedia":[{"embeddable":true,"href":"https:\/\/checuplivebetter.com\/de\/wp-json\/wp\/v2\/media\/4245"}],"wp:attachment":[{"href":"https:\/\/checuplivebetter.com\/de\/wp-json\/wp\/v2\/media?parent=4146"}],"wp:term":[{"taxonomy":"product_cat","embeddable":true,"href":"https:\/\/checuplivebetter.com\/de\/wp-json\/wp\/v2\/product_cat?post=4146"},{"taxonomy":"product_tag","embeddable":true,"href":"https:\/\/checuplivebetter.com\/de\/wp-json\/wp\/v2\/product_tag?post=4146"}],"curies":[{"name":"wp","href":"https:\/\/api.w.org\/{rel}","templated":true}]}}