{"id":4130,"date":"2024-11-09T08:54:42","date_gmt":"2024-11-09T08:54:42","guid":{"rendered":"https:\/\/checuplivebetter.com\/?post_type=product&#038;p=4130"},"modified":"2024-11-09T08:55:57","modified_gmt":"2024-11-09T08:55:57","slug":"unterspritzung-augenringe-1-ml-juvederm","status":"publish","type":"product","link":"https:\/\/checuplivebetter.com\/de\/urun\/unterspritzung-augenringe-1-ml-juvederm\/","title":{"rendered":"Unterspritzung Augenringe 1 ML (Juvederm)"},"content":{"rendered":"","protected":false},"excerpt":{"rendered":"<p>Die Juvederm-basierte Unterspritzung f\u00fcr die Augenpartie ist ein Hyalurons\u00e4ure-F\u00fcllstoff, der Volumenverlust und dunkle Ringe unter den Augen behandelt. Die 1-ml-Anwendung verleiht der Augenpartie F\u00fclle und Frische, reduziert m\u00fcde Ausstrahlung und sorgt f\u00fcr ein jugendlicheres Erscheinungsbild. Die Wirkung h\u00e4lt in der Regel 6-12 Monate an und bietet nat\u00fcrliche Ergebnisse.<br \/>\nDiese Unterspritzung ist ideal f\u00fcr alle, die feine Linien und Schatten unter den Augen mildern m\u00f6chten.<\/p>\n","protected":false},"featured_media":4379,"comment_status":"open","ping_status":"closed","template":"","meta":[],"product_cat":[145],"product_tag":[],"class_list":{"0":"post-4130","1":"product","2":"type-product","3":"status-publish","4":"has-post-thumbnail","6":"product_cat-medizinische-aesthetik","8":"first","9":"instock","10":"sale","11":"shipping-taxable","12":"purchasable","13":"product-type-simple"},"aioseo_notices":[],"_links":{"self":[{"href":"https:\/\/checuplivebetter.com\/de\/wp-json\/wp\/v2\/product\/4130","targetHints":{"allow":["GET"]}}],"collection":[{"href":"https:\/\/checuplivebetter.com\/de\/wp-json\/wp\/v2\/product"}],"about":[{"href":"https:\/\/checuplivebetter.com\/de\/wp-json\/wp\/v2\/types\/product"}],"replies":[{"embeddable":true,"href":"https:\/\/checuplivebetter.com\/de\/wp-json\/wp\/v2\/comments?post=4130"}],"wp:featuredmedia":[{"embeddable":true,"href":"https:\/\/checuplivebetter.com\/de\/wp-json\/wp\/v2\/media\/4379"}],"wp:attachment":[{"href":"https:\/\/checuplivebetter.com\/de\/wp-json\/wp\/v2\/media?parent=4130"}],"wp:term":[{"taxonomy":"product_cat","embeddable":true,"href":"https:\/\/checuplivebetter.com\/de\/wp-json\/wp\/v2\/product_cat?post=4130"},{"taxonomy":"product_tag","embeddable":true,"href":"https:\/\/checuplivebetter.com\/de\/wp-json\/wp\/v2\/product_tag?post=4130"}],"curies":[{"name":"wp","href":"https:\/\/api.w.org\/{rel}","templated":true}]}}