{"id":4119,"date":"2024-11-09T08:50:03","date_gmt":"2024-11-09T08:50:03","guid":{"rendered":"https:\/\/checuplivebetter.com\/?post_type=product&#038;p=4119"},"modified":"2024-11-09T08:51:07","modified_gmt":"2024-11-09T08:51:07","slug":"kliteroplastik-klitorisoperation","status":"publish","type":"product","link":"https:\/\/checuplivebetter.com\/de\/urun\/kliteroplastik-klitorisoperation\/","title":{"rendered":"Kliteroplastik (Klitorisoperation)"},"content":{"rendered":"","protected":false},"excerpt":{"rendered":"<p>Die Kliteroplastik ist ein chirurgischer Eingriff zur Verbesserung des Aussehens und der Funktion der Klitoris. Diese Operation umfasst die Entfernung \u00fcbersch\u00fcssiger Haut vom Klitorish\u00e4ubchen, um \u00e4sthetische Bedenken zu beheben und die sexuelle Zufriedenheit zu steigern. Sie bietet nat\u00fcrliche und zufriedenstellende Ergebnisse bei einer kurzen Erholungszeit.<\/p>\n","protected":false},"featured_media":4240,"comment_status":"open","ping_status":"closed","template":"","meta":[],"product_cat":[147],"product_tag":[],"class_list":{"0":"post-4119","1":"product","2":"type-product","3":"status-publish","4":"has-post-thumbnail","6":"product_cat-vaginale-aesthetik","8":"first","9":"instock","10":"sale","11":"shipping-taxable","12":"purchasable","13":"product-type-simple"},"aioseo_notices":[],"_links":{"self":[{"href":"https:\/\/checuplivebetter.com\/de\/wp-json\/wp\/v2\/product\/4119","targetHints":{"allow":["GET"]}}],"collection":[{"href":"https:\/\/checuplivebetter.com\/de\/wp-json\/wp\/v2\/product"}],"about":[{"href":"https:\/\/checuplivebetter.com\/de\/wp-json\/wp\/v2\/types\/product"}],"replies":[{"embeddable":true,"href":"https:\/\/checuplivebetter.com\/de\/wp-json\/wp\/v2\/comments?post=4119"}],"wp:featuredmedia":[{"embeddable":true,"href":"https:\/\/checuplivebetter.com\/de\/wp-json\/wp\/v2\/media\/4240"}],"wp:attachment":[{"href":"https:\/\/checuplivebetter.com\/de\/wp-json\/wp\/v2\/media?parent=4119"}],"wp:term":[{"taxonomy":"product_cat","embeddable":true,"href":"https:\/\/checuplivebetter.com\/de\/wp-json\/wp\/v2\/product_cat?post=4119"},{"taxonomy":"product_tag","embeddable":true,"href":"https:\/\/checuplivebetter.com\/de\/wp-json\/wp\/v2\/product_tag?post=4119"}],"curies":[{"name":"wp","href":"https:\/\/api.w.org\/{rel}","templated":true}]}}