{"id":3995,"date":"2024-11-08T21:49:40","date_gmt":"2024-11-08T21:49:40","guid":{"rendered":"https:\/\/checuplivebetter.com\/?post_type=product&#038;p=3995"},"modified":"2024-11-10T08:14:25","modified_gmt":"2024-11-10T08:14:25","slug":"six-pack-operation-bauchmuskelkonturierung","status":"publish","type":"product","link":"https:\/\/checuplivebetter.com\/de\/urun\/six-pack-operation-bauchmuskelkonturierung\/","title":{"rendered":"Six-Pack-Operation (Bauchmuskelkonturierung)"},"content":{"rendered":"","protected":false},"excerpt":{"rendered":"<p>Die Six-Pack-Operation ist ein kosmetischer Eingriff, der den Bauchbereich formt, um ein definiertes und athletisches Aussehen zu erzielen. Durch die Entfernung von \u00fcbersch\u00fcssigem Fett und das Hervorheben der Muskeln entsteht ein nat\u00fcrlicher Six-Pack-Look. Diese Operation ist ideal f\u00fcr diejenigen, die durch Sport und Di\u00e4t allein keine Ergebnisse erzielen k\u00f6nnen.<\/p>\n","protected":false},"featured_media":4209,"comment_status":"open","ping_status":"closed","template":"","meta":[],"product_cat":[148],"product_tag":[],"class_list":{"0":"post-3995","1":"product","2":"type-product","3":"status-publish","4":"has-post-thumbnail","6":"product_cat-koerperaesthetik","8":"first","9":"instock","10":"sale","11":"shipping-taxable","12":"purchasable","13":"product-type-simple"},"aioseo_notices":[],"_links":{"self":[{"href":"https:\/\/checuplivebetter.com\/de\/wp-json\/wp\/v2\/product\/3995","targetHints":{"allow":["GET"]}}],"collection":[{"href":"https:\/\/checuplivebetter.com\/de\/wp-json\/wp\/v2\/product"}],"about":[{"href":"https:\/\/checuplivebetter.com\/de\/wp-json\/wp\/v2\/types\/product"}],"replies":[{"embeddable":true,"href":"https:\/\/checuplivebetter.com\/de\/wp-json\/wp\/v2\/comments?post=3995"}],"wp:featuredmedia":[{"embeddable":true,"href":"https:\/\/checuplivebetter.com\/de\/wp-json\/wp\/v2\/media\/4209"}],"wp:attachment":[{"href":"https:\/\/checuplivebetter.com\/de\/wp-json\/wp\/v2\/media?parent=3995"}],"wp:term":[{"taxonomy":"product_cat","embeddable":true,"href":"https:\/\/checuplivebetter.com\/de\/wp-json\/wp\/v2\/product_cat?post=3995"},{"taxonomy":"product_tag","embeddable":true,"href":"https:\/\/checuplivebetter.com\/de\/wp-json\/wp\/v2\/product_tag?post=3995"}],"curies":[{"name":"wp","href":"https:\/\/api.w.org\/{rel}","templated":true}]}}