{"id":3990,"date":"2024-11-08T21:47:44","date_gmt":"2024-11-08T21:47:44","guid":{"rendered":"https:\/\/checuplivebetter.com\/?post_type=product&#038;p=3990"},"modified":"2024-11-08T21:48:18","modified_gmt":"2024-11-08T21:48:18","slug":"360-grad-abdominoplastik-komplette-bauchstraffung","status":"publish","type":"product","link":"https:\/\/checuplivebetter.com\/de\/urun\/360-grad-abdominoplastik-komplette-bauchstraffung\/","title":{"rendered":"360-Grad-Abdominoplastik (Komplette Bauchstraffung)"},"content":{"rendered":"<p>Die 360-Grad-Abdominoplastik ist ein umfassender chirurgischer Eingriff, der \u00fcbersch\u00fcssige Haut und Fett im Bauch-, Taillen- und R\u00fcckenbereich entfernt und die gesamte K\u00f6rperkontur verbessert. Dieser Eingriff strafft die Bauchmuskeln und formt eine definiertere Taille. Er ist ideal, um Hauterschlaffungen nach einem gro\u00dfen Gewichtsverlust zu behandeln und bietet nat\u00fcrliche, langanhaltende Ergebnisse.<\/p>\n","protected":false},"excerpt":{"rendered":"<p>Die 360-Grad-Abdominoplastik ist ein umfassender chirurgischer Eingriff, der \u00fcbersch\u00fcssige Haut und Fett im Bauch-, Taillen- und R\u00fcckenbereich entfernt und die gesamte K\u00f6rperkontur verbessert. Dieser Eingriff strafft die Bauchmuskeln und formt eine definiertere Taille. Er ist ideal, um Hauterschlaffungen nach einem gro\u00dfen Gewichtsverlust zu behandeln und bietet nat\u00fcrliche, langanhaltende Ergebnisse.<\/p>\n","protected":false},"featured_media":4184,"comment_status":"open","ping_status":"closed","template":"","meta":[],"product_cat":[148],"product_tag":[],"class_list":{"0":"post-3990","1":"product","2":"type-product","3":"status-publish","4":"has-post-thumbnail","6":"product_cat-koerperaesthetik","8":"first","9":"instock","10":"sale","11":"shipping-taxable","12":"purchasable","13":"product-type-simple"},"aioseo_notices":[],"_links":{"self":[{"href":"https:\/\/checuplivebetter.com\/de\/wp-json\/wp\/v2\/product\/3990","targetHints":{"allow":["GET"]}}],"collection":[{"href":"https:\/\/checuplivebetter.com\/de\/wp-json\/wp\/v2\/product"}],"about":[{"href":"https:\/\/checuplivebetter.com\/de\/wp-json\/wp\/v2\/types\/product"}],"replies":[{"embeddable":true,"href":"https:\/\/checuplivebetter.com\/de\/wp-json\/wp\/v2\/comments?post=3990"}],"wp:featuredmedia":[{"embeddable":true,"href":"https:\/\/checuplivebetter.com\/de\/wp-json\/wp\/v2\/media\/4184"}],"wp:attachment":[{"href":"https:\/\/checuplivebetter.com\/de\/wp-json\/wp\/v2\/media?parent=3990"}],"wp:term":[{"taxonomy":"product_cat","embeddable":true,"href":"https:\/\/checuplivebetter.com\/de\/wp-json\/wp\/v2\/product_cat?post=3990"},{"taxonomy":"product_tag","embeddable":true,"href":"https:\/\/checuplivebetter.com\/de\/wp-json\/wp\/v2\/product_tag?post=3990"}],"curies":[{"name":"wp","href":"https:\/\/api.w.org\/{rel}","templated":true}]}}