{"id":3983,"date":"2024-11-08T21:44:00","date_gmt":"2024-11-08T21:44:00","guid":{"rendered":"https:\/\/checuplivebetter.com\/?post_type=product&#038;p=3983"},"modified":"2024-11-08T21:44:38","modified_gmt":"2024-11-08T21:44:38","slug":"abdominoplastik-bauchstraffung","status":"publish","type":"product","link":"https:\/\/checuplivebetter.com\/de\/urun\/abdominoplastik-bauchstraffung\/","title":{"rendered":"Abdominoplastik (Bauchstraffung)"},"content":{"rendered":"<p>Die Abdominoplastik ist ein chirurgischer Eingriff, der \u00fcbersch\u00fcssige Haut und Fettgewebe im Bauchbereich entfernt und eine straffere und flachere Erscheinung erm\u00f6glicht. Gleichzeitig wird das Muskelgewebe repariert, um eine \u00e4sthetisch ansprechendere K\u00f6rperform zu schaffen. Diese Operation ist besonders geeignet, um Baucherschlaffungen nach Gewichtsverlust oder Schwangerschaft zu beseitigen, und bietet nat\u00fcrliche und langanhaltende Ergebnisse.<\/p>\n","protected":false},"excerpt":{"rendered":"<p>Die Abdominoplastik ist ein chirurgischer Eingriff, der \u00fcbersch\u00fcssige Haut und Fettgewebe im Bauchbereich entfernt und eine straffere und flachere Erscheinung erm\u00f6glicht. Gleichzeitig wird das Muskelgewebe repariert, um eine \u00e4sthetisch ansprechendere K\u00f6rperform zu schaffen. Diese Operation ist besonders geeignet, um Baucherschlaffungen nach Gewichtsverlust oder Schwangerschaft zu beseitigen, und bietet nat\u00fcrliche und langanhaltende Ergebnisse.<\/p>\n","protected":false},"featured_media":4179,"comment_status":"open","ping_status":"closed","template":"","meta":[],"product_cat":[148],"product_tag":[],"class_list":{"0":"post-3983","1":"product","2":"type-product","3":"status-publish","4":"has-post-thumbnail","6":"product_cat-koerperaesthetik","8":"first","9":"instock","10":"sale","11":"shipping-taxable","12":"purchasable","13":"product-type-simple"},"aioseo_notices":[],"_links":{"self":[{"href":"https:\/\/checuplivebetter.com\/de\/wp-json\/wp\/v2\/product\/3983","targetHints":{"allow":["GET"]}}],"collection":[{"href":"https:\/\/checuplivebetter.com\/de\/wp-json\/wp\/v2\/product"}],"about":[{"href":"https:\/\/checuplivebetter.com\/de\/wp-json\/wp\/v2\/types\/product"}],"replies":[{"embeddable":true,"href":"https:\/\/checuplivebetter.com\/de\/wp-json\/wp\/v2\/comments?post=3983"}],"wp:featuredmedia":[{"embeddable":true,"href":"https:\/\/checuplivebetter.com\/de\/wp-json\/wp\/v2\/media\/4179"}],"wp:attachment":[{"href":"https:\/\/checuplivebetter.com\/de\/wp-json\/wp\/v2\/media?parent=3983"}],"wp:term":[{"taxonomy":"product_cat","embeddable":true,"href":"https:\/\/checuplivebetter.com\/de\/wp-json\/wp\/v2\/product_cat?post=3983"},{"taxonomy":"product_tag","embeddable":true,"href":"https:\/\/checuplivebetter.com\/de\/wp-json\/wp\/v2\/product_tag?post=3983"}],"curies":[{"name":"wp","href":"https:\/\/api.w.org\/{rel}","templated":true}]}}