{"id":3978,"date":"2024-11-08T21:41:25","date_gmt":"2024-11-08T21:41:25","guid":{"rendered":"https:\/\/checuplivebetter.com\/?post_type=product&#038;p=3978"},"modified":"2024-11-10T08:10:12","modified_gmt":"2024-11-10T08:10:12","slug":"bichektomie-wangenfettentfernung","status":"publish","type":"product","link":"https:\/\/checuplivebetter.com\/de\/urun\/bichektomie-wangenfettentfernung\/","title":{"rendered":"Bichektomie (Wangenfettentfernung)"},"content":{"rendered":"","protected":false},"excerpt":{"rendered":"<p>Die Bichektomie ist ein chirurgischer Eingriff, bei dem \u00fcbersch\u00fcssiges Fettgewebe aus den Wangen entfernt wird, um die Gesichtsz\u00fcge zu definieren. Diese Operation ist ideal f\u00fcr alle, die ein schlankeres und \u00e4sthetisch ansprechendes Gesicht w\u00fcnschen. Sie bietet nat\u00fcrliche und attraktive Ergebnisse mit einer kurzen Erholungszeit.<\/p>\n","protected":false},"featured_media":4174,"comment_status":"open","ping_status":"closed","template":"","meta":[],"product_cat":[149],"product_tag":[],"class_list":{"0":"post-3978","1":"product","2":"type-product","3":"status-publish","4":"has-post-thumbnail","6":"product_cat-gesichtsaesthetik","8":"first","9":"instock","10":"sale","11":"shipping-taxable","12":"purchasable","13":"product-type-simple"},"aioseo_notices":[],"_links":{"self":[{"href":"https:\/\/checuplivebetter.com\/de\/wp-json\/wp\/v2\/product\/3978","targetHints":{"allow":["GET"]}}],"collection":[{"href":"https:\/\/checuplivebetter.com\/de\/wp-json\/wp\/v2\/product"}],"about":[{"href":"https:\/\/checuplivebetter.com\/de\/wp-json\/wp\/v2\/types\/product"}],"replies":[{"embeddable":true,"href":"https:\/\/checuplivebetter.com\/de\/wp-json\/wp\/v2\/comments?post=3978"}],"wp:featuredmedia":[{"embeddable":true,"href":"https:\/\/checuplivebetter.com\/de\/wp-json\/wp\/v2\/media\/4174"}],"wp:attachment":[{"href":"https:\/\/checuplivebetter.com\/de\/wp-json\/wp\/v2\/media?parent=3978"}],"wp:term":[{"taxonomy":"product_cat","embeddable":true,"href":"https:\/\/checuplivebetter.com\/de\/wp-json\/wp\/v2\/product_cat?post=3978"},{"taxonomy":"product_tag","embeddable":true,"href":"https:\/\/checuplivebetter.com\/de\/wp-json\/wp\/v2\/product_tag?post=3978"}],"curies":[{"name":"wp","href":"https:\/\/api.w.org\/{rel}","templated":true}]}}