{"id":3973,"date":"2024-11-08T21:38:22","date_gmt":"2024-11-08T21:38:22","guid":{"rendered":"https:\/\/checuplivebetter.com\/?post_type=product&#038;p=3973"},"modified":"2024-11-09T08:26:07","modified_gmt":"2024-11-09T08:26:07","slug":"brustverkleinerung","status":"publish","type":"product","link":"https:\/\/checuplivebetter.com\/de\/urun\/brustverkleinerung\/","title":{"rendered":"Brustverkleinerung"},"content":{"rendered":"","protected":false},"excerpt":{"rendered":"<p>Die Brustverkleinerung ist ein chirurgischer Eingriff, der dazu dient, k\u00f6rperliche Beschwerden und \u00e4sthetische Bedenken durch zu gro\u00dfe und schwere Br\u00fcste zu lindern. Diese Operation verkleinert die Brustgr\u00f6\u00dfe und sorgt gleichzeitig f\u00fcr ein symmetrisches und \u00e4sthetisches Erscheinungsbild. Eine Brustverkleinerung kann die Lebensqualit\u00e4t erheblich verbessern, indem sie Schmerzen in Schultern, Nacken und R\u00fccken reduziert<\/p>\n","protected":false},"featured_media":4092,"comment_status":"open","ping_status":"closed","template":"","meta":[],"product_cat":[148],"product_tag":[],"class_list":{"0":"post-3973","1":"product","2":"type-product","3":"status-publish","4":"has-post-thumbnail","6":"product_cat-koerperaesthetik","8":"first","9":"instock","10":"sale","11":"shipping-taxable","12":"purchasable","13":"product-type-simple"},"aioseo_notices":[],"_links":{"self":[{"href":"https:\/\/checuplivebetter.com\/de\/wp-json\/wp\/v2\/product\/3973","targetHints":{"allow":["GET"]}}],"collection":[{"href":"https:\/\/checuplivebetter.com\/de\/wp-json\/wp\/v2\/product"}],"about":[{"href":"https:\/\/checuplivebetter.com\/de\/wp-json\/wp\/v2\/types\/product"}],"replies":[{"embeddable":true,"href":"https:\/\/checuplivebetter.com\/de\/wp-json\/wp\/v2\/comments?post=3973"}],"wp:featuredmedia":[{"embeddable":true,"href":"https:\/\/checuplivebetter.com\/de\/wp-json\/wp\/v2\/media\/4092"}],"wp:attachment":[{"href":"https:\/\/checuplivebetter.com\/de\/wp-json\/wp\/v2\/media?parent=3973"}],"wp:term":[{"taxonomy":"product_cat","embeddable":true,"href":"https:\/\/checuplivebetter.com\/de\/wp-json\/wp\/v2\/product_cat?post=3973"},{"taxonomy":"product_tag","embeddable":true,"href":"https:\/\/checuplivebetter.com\/de\/wp-json\/wp\/v2\/product_tag?post=3973"}],"curies":[{"name":"wp","href":"https:\/\/api.w.org\/{rel}","templated":true}]}}