{"id":3968,"date":"2024-11-08T21:36:18","date_gmt":"2024-11-08T21:36:18","guid":{"rendered":"https:\/\/checuplivebetter.com\/?post_type=product&#038;p=3968"},"modified":"2024-11-09T08:22:59","modified_gmt":"2024-11-09T08:22:59","slug":"brustvergroesserung","status":"publish","type":"product","link":"https:\/\/checuplivebetter.com\/de\/urun\/brustvergroesserung\/","title":{"rendered":"Brustvergr\u00f6\u00dferung"},"content":{"rendered":"","protected":false},"excerpt":{"rendered":"<p>Die Brustvergr\u00f6\u00dferung ist ein chirurgischer Eingriff zur Vergr\u00f6\u00dferung des Brustvolumens und Verbesserung der Form. Diese Operation wird entweder mit Implantaten oder mit k\u00f6rpereigenem Fett durchgef\u00fchrt. Die Brustvergr\u00f6\u00dferung ist eine sichere und effektive Option f\u00fcr diejenigen, die eine vollere und harmonischere K\u00f6rperkontur erreichen m\u00f6chten.<\/p>\n","protected":false},"featured_media":4016,"comment_status":"open","ping_status":"closed","template":"","meta":[],"product_cat":[148],"product_tag":[],"class_list":{"0":"post-3968","1":"product","2":"type-product","3":"status-publish","4":"has-post-thumbnail","6":"product_cat-koerperaesthetik","8":"first","9":"instock","10":"sale","11":"shipping-taxable","12":"purchasable","13":"product-type-simple"},"aioseo_notices":[],"_links":{"self":[{"href":"https:\/\/checuplivebetter.com\/de\/wp-json\/wp\/v2\/product\/3968","targetHints":{"allow":["GET"]}}],"collection":[{"href":"https:\/\/checuplivebetter.com\/de\/wp-json\/wp\/v2\/product"}],"about":[{"href":"https:\/\/checuplivebetter.com\/de\/wp-json\/wp\/v2\/types\/product"}],"replies":[{"embeddable":true,"href":"https:\/\/checuplivebetter.com\/de\/wp-json\/wp\/v2\/comments?post=3968"}],"wp:featuredmedia":[{"embeddable":true,"href":"https:\/\/checuplivebetter.com\/de\/wp-json\/wp\/v2\/media\/4016"}],"wp:attachment":[{"href":"https:\/\/checuplivebetter.com\/de\/wp-json\/wp\/v2\/media?parent=3968"}],"wp:term":[{"taxonomy":"product_cat","embeddable":true,"href":"https:\/\/checuplivebetter.com\/de\/wp-json\/wp\/v2\/product_cat?post=3968"},{"taxonomy":"product_tag","embeddable":true,"href":"https:\/\/checuplivebetter.com\/de\/wp-json\/wp\/v2\/product_tag?post=3968"}],"curies":[{"name":"wp","href":"https:\/\/api.w.org\/{rel}","templated":true}]}}