{"id":3963,"date":"2024-11-08T21:33:23","date_gmt":"2024-11-08T21:33:23","guid":{"rendered":"https:\/\/checuplivebetter.com\/?post_type=product&#038;p=3963"},"modified":"2024-11-09T08:21:01","modified_gmt":"2024-11-09T08:21:01","slug":"rhinoplastik-nasenoperation","status":"publish","type":"product","link":"https:\/\/checuplivebetter.com\/de\/urun\/rhinoplastik-nasenoperation\/","title":{"rendered":"Rhinoplastik (Nasenoperation)"},"content":{"rendered":"","protected":false},"excerpt":{"rendered":"<p>Die Rhinoplastik ist ein chirurgischer Eingriff zur Umformung oder Korrektur der Nase aus \u00e4sthetischen oder funktionalen Gr\u00fcnden. Sie kann die Gr\u00f6\u00dfe, Form und Symmetrie der Nase verfeinern und so die Gesichtsharmonie verbessern und, falls erforderlich, die Atmung erleichtern. Der Eingriff bietet nat\u00fcrliche Ergebnisse mit einer in der Regel unkomplizierten Erholungsphase.<\/p>\n","protected":false},"featured_media":4087,"comment_status":"open","ping_status":"closed","template":"","meta":[],"product_cat":[149],"product_tag":[],"class_list":{"0":"post-3963","1":"product","2":"type-product","3":"status-publish","4":"has-post-thumbnail","6":"product_cat-gesichtsaesthetik","8":"first","9":"instock","10":"sale","11":"shipping-taxable","12":"purchasable","13":"product-type-simple"},"aioseo_notices":[],"_links":{"self":[{"href":"https:\/\/checuplivebetter.com\/de\/wp-json\/wp\/v2\/product\/3963","targetHints":{"allow":["GET"]}}],"collection":[{"href":"https:\/\/checuplivebetter.com\/de\/wp-json\/wp\/v2\/product"}],"about":[{"href":"https:\/\/checuplivebetter.com\/de\/wp-json\/wp\/v2\/types\/product"}],"replies":[{"embeddable":true,"href":"https:\/\/checuplivebetter.com\/de\/wp-json\/wp\/v2\/comments?post=3963"}],"wp:featuredmedia":[{"embeddable":true,"href":"https:\/\/checuplivebetter.com\/de\/wp-json\/wp\/v2\/media\/4087"}],"wp:attachment":[{"href":"https:\/\/checuplivebetter.com\/de\/wp-json\/wp\/v2\/media?parent=3963"}],"wp:term":[{"taxonomy":"product_cat","embeddable":true,"href":"https:\/\/checuplivebetter.com\/de\/wp-json\/wp\/v2\/product_cat?post=3963"},{"taxonomy":"product_tag","embeddable":true,"href":"https:\/\/checuplivebetter.com\/de\/wp-json\/wp\/v2\/product_tag?post=3963"}],"curies":[{"name":"wp","href":"https:\/\/api.w.org\/{rel}","templated":true}]}}