{"id":3958,"date":"2024-11-08T21:31:26","date_gmt":"2024-11-08T21:31:26","guid":{"rendered":"https:\/\/checuplivebetter.com\/?post_type=product&#038;p=3958"},"modified":"2024-11-09T08:27:56","modified_gmt":"2024-11-09T08:27:56","slug":"halsstraffung-cervicoplastik","status":"publish","type":"product","link":"https:\/\/checuplivebetter.com\/de\/urun\/halsstraffung-cervicoplastik\/","title":{"rendered":"Halsstraffung (Cervicoplastik)"},"content":{"rendered":"","protected":false},"excerpt":{"rendered":"<p>Eine Halsstraffung entfernt Hauterschlaffungen und Falten im Halsbereich und sorgt f\u00fcr ein j\u00fcngeres und strafferes Aussehen. Dieser Eingriff definiert die Kieferlinie und entfernt \u00fcbersch\u00fcssige Haut, um das \u00e4sthetische Erscheinungsbild zu verbessern. Mit minimalen Narben und einer kurzen Erholungszeit bietet die Halsstraffung nat\u00fcrliche und langanhaltende Ergebnisse und ist ein erg\u00e4nzender Teil der Gesichtsverj\u00fcngung.<\/p>\n","protected":false},"featured_media":4036,"comment_status":"open","ping_status":"closed","template":"","meta":[],"product_cat":[149],"product_tag":[],"class_list":{"0":"post-3958","1":"product","2":"type-product","3":"status-publish","4":"has-post-thumbnail","6":"product_cat-gesichtsaesthetik","8":"first","9":"instock","10":"sale","11":"shipping-taxable","12":"purchasable","13":"product-type-simple"},"aioseo_notices":[],"_links":{"self":[{"href":"https:\/\/checuplivebetter.com\/de\/wp-json\/wp\/v2\/product\/3958","targetHints":{"allow":["GET"]}}],"collection":[{"href":"https:\/\/checuplivebetter.com\/de\/wp-json\/wp\/v2\/product"}],"about":[{"href":"https:\/\/checuplivebetter.com\/de\/wp-json\/wp\/v2\/types\/product"}],"replies":[{"embeddable":true,"href":"https:\/\/checuplivebetter.com\/de\/wp-json\/wp\/v2\/comments?post=3958"}],"wp:featuredmedia":[{"embeddable":true,"href":"https:\/\/checuplivebetter.com\/de\/wp-json\/wp\/v2\/media\/4036"}],"wp:attachment":[{"href":"https:\/\/checuplivebetter.com\/de\/wp-json\/wp\/v2\/media?parent=3958"}],"wp:term":[{"taxonomy":"product_cat","embeddable":true,"href":"https:\/\/checuplivebetter.com\/de\/wp-json\/wp\/v2\/product_cat?post=3958"},{"taxonomy":"product_tag","embeddable":true,"href":"https:\/\/checuplivebetter.com\/de\/wp-json\/wp\/v2\/product_tag?post=3958"}],"curies":[{"name":"wp","href":"https:\/\/api.w.org\/{rel}","templated":true}]}}