{"id":3953,"date":"2024-11-08T21:28:44","date_gmt":"2024-11-08T21:28:44","guid":{"rendered":"https:\/\/checuplivebetter.com\/?post_type=product&#038;p=3953"},"modified":"2024-11-09T08:18:16","modified_gmt":"2024-11-09T08:18:16","slug":"gesichtsstraffung-facelift","status":"publish","type":"product","link":"https:\/\/checuplivebetter.com\/de\/urun\/gesichtsstraffung-facelift\/","title":{"rendered":"Gesichtsstraffung (Facelift)"},"content":{"rendered":"","protected":false},"excerpt":{"rendered":"<p>Eine Gesichtsstraffung beseitigt altersbedingte Hauterschlaffung und Falten im Gesichts- und Halsbereich und sorgt f\u00fcr ein j\u00fcngeres und frischeres Aussehen. Dieser Eingriff strafft die Gesichtskonturen und entfernt \u00fcbersch\u00fcssige Haut, wodurch das \u00e4sthetische Erscheinungsbild verbessert wird. Mit minimalen Narben und einer kurzen Erholungszeit bietet sie nat\u00fcrliche und langanhaltende Ergebnisse.<\/p>\n","protected":false},"featured_media":4082,"comment_status":"open","ping_status":"closed","template":"","meta":[],"product_cat":[149],"product_tag":[],"class_list":{"0":"post-3953","1":"product","2":"type-product","3":"status-publish","4":"has-post-thumbnail","6":"product_cat-gesichtsaesthetik","8":"first","9":"instock","10":"sale","11":"shipping-taxable","12":"purchasable","13":"product-type-simple"},"aioseo_notices":[],"_links":{"self":[{"href":"https:\/\/checuplivebetter.com\/de\/wp-json\/wp\/v2\/product\/3953","targetHints":{"allow":["GET"]}}],"collection":[{"href":"https:\/\/checuplivebetter.com\/de\/wp-json\/wp\/v2\/product"}],"about":[{"href":"https:\/\/checuplivebetter.com\/de\/wp-json\/wp\/v2\/types\/product"}],"replies":[{"embeddable":true,"href":"https:\/\/checuplivebetter.com\/de\/wp-json\/wp\/v2\/comments?post=3953"}],"wp:featuredmedia":[{"embeddable":true,"href":"https:\/\/checuplivebetter.com\/de\/wp-json\/wp\/v2\/media\/4082"}],"wp:attachment":[{"href":"https:\/\/checuplivebetter.com\/de\/wp-json\/wp\/v2\/media?parent=3953"}],"wp:term":[{"taxonomy":"product_cat","embeddable":true,"href":"https:\/\/checuplivebetter.com\/de\/wp-json\/wp\/v2\/product_cat?post=3953"},{"taxonomy":"product_tag","embeddable":true,"href":"https:\/\/checuplivebetter.com\/de\/wp-json\/wp\/v2\/product_tag?post=3953"}],"curies":[{"name":"wp","href":"https:\/\/api.w.org\/{rel}","templated":true}]}}