{"id":3942,"date":"2024-11-08T21:22:20","date_gmt":"2024-11-08T21:22:20","guid":{"rendered":"https:\/\/checuplivebetter.com\/?post_type=product&#038;p=3942"},"modified":"2024-11-09T08:33:07","modified_gmt":"2024-11-09T08:33:07","slug":"panoptix-trifokale-torische-intraokularlinse","status":"publish","type":"product","link":"https:\/\/checuplivebetter.com\/de\/urun\/panoptix-trifokale-torische-intraokularlinse\/","title":{"rendered":"PanOptix Trifokale Torische Intraokularlinse"},"content":{"rendered":"","protected":false},"excerpt":{"rendered":"<p>Die PanOptix Trifokale Torische Linse korrigiert Astigmatismus und bietet nach einer Kataraktoperation klare Sicht in der N\u00e4he, in der Zwischenentfernung und in der Ferne. Mit fortschrittlicher diffraktiver Technologie verteilt sie das Licht effektiv f\u00fcr eine \u00fcberlegene visuelle Leistung im Alltag. Diese Linse ist f\u00fcr ihre hohe Patientenzufriedenheit bekannt, reduziert den Bedarf an Brillen erheblich und bietet ein umfassendes Seherlebnis.<\/p>\n","protected":false},"featured_media":4021,"comment_status":"open","ping_status":"closed","template":"","meta":[],"product_cat":[144],"product_tag":[],"class_list":{"0":"post-3942","1":"product","2":"type-product","3":"status-publish","4":"has-post-thumbnail","6":"product_cat-augenbehandlungen","8":"first","9":"instock","10":"sale","11":"shipping-taxable","12":"purchasable","13":"product-type-simple"},"aioseo_notices":[],"_links":{"self":[{"href":"https:\/\/checuplivebetter.com\/de\/wp-json\/wp\/v2\/product\/3942","targetHints":{"allow":["GET"]}}],"collection":[{"href":"https:\/\/checuplivebetter.com\/de\/wp-json\/wp\/v2\/product"}],"about":[{"href":"https:\/\/checuplivebetter.com\/de\/wp-json\/wp\/v2\/types\/product"}],"replies":[{"embeddable":true,"href":"https:\/\/checuplivebetter.com\/de\/wp-json\/wp\/v2\/comments?post=3942"}],"wp:featuredmedia":[{"embeddable":true,"href":"https:\/\/checuplivebetter.com\/de\/wp-json\/wp\/v2\/media\/4021"}],"wp:attachment":[{"href":"https:\/\/checuplivebetter.com\/de\/wp-json\/wp\/v2\/media?parent=3942"}],"wp:term":[{"taxonomy":"product_cat","embeddable":true,"href":"https:\/\/checuplivebetter.com\/de\/wp-json\/wp\/v2\/product_cat?post=3942"},{"taxonomy":"product_tag","embeddable":true,"href":"https:\/\/checuplivebetter.com\/de\/wp-json\/wp\/v2\/product_tag?post=3942"}],"curies":[{"name":"wp","href":"https:\/\/api.w.org\/{rel}","templated":true}]}}