{"id":3915,"date":"2024-11-08T21:03:32","date_gmt":"2024-11-08T21:03:32","guid":{"rendered":"https:\/\/checuplivebetter.com\/?post_type=product&#038;p=3915"},"modified":"2024-11-09T08:30:46","modified_gmt":"2024-11-09T08:30:46","slug":"ilasik-augenlaserbehandlung-2","status":"publish","type":"product","link":"https:\/\/checuplivebetter.com\/de\/urun\/ilasik-augenlaserbehandlung-2\/","title":{"rendered":"iLASIK-Augenlaserbehandlung"},"content":{"rendered":"","protected":false},"excerpt":{"rendered":"<p>iLASIK ist eine sichere und effektive Laser-Augenchirurgie, die modernste Technologie nutzt, um refraktive Fehler (Myopie, Hyperopie, Astigmatismus) mit einem individuellen Behandlungsplan zu korrigieren. Mit Wellenfront-Technologie und ma\u00dfgeschneiderten Messungen, die speziell auf die Augenstruktur abgestimmt sind, liefert dieses Verfahren klarere und pr\u00e4zisere Ergebnisse. Die Erholungszeit ist kurz und sorgt f\u00fcr eine komfortable Erfahrung. iLASIK ist ideal f\u00fcr diejenigen, die die bestm\u00f6gliche Sehqualit\u00e4t anstreben.<\/p>\n","protected":false},"featured_media":4026,"comment_status":"open","ping_status":"closed","template":"","meta":[],"product_cat":[144],"product_tag":[],"class_list":{"0":"post-3915","1":"product","2":"type-product","3":"status-publish","4":"has-post-thumbnail","6":"product_cat-augenbehandlungen","8":"first","9":"instock","10":"sale","11":"shipping-taxable","12":"purchasable","13":"product-type-simple"},"aioseo_notices":[],"_links":{"self":[{"href":"https:\/\/checuplivebetter.com\/de\/wp-json\/wp\/v2\/product\/3915","targetHints":{"allow":["GET"]}}],"collection":[{"href":"https:\/\/checuplivebetter.com\/de\/wp-json\/wp\/v2\/product"}],"about":[{"href":"https:\/\/checuplivebetter.com\/de\/wp-json\/wp\/v2\/types\/product"}],"replies":[{"embeddable":true,"href":"https:\/\/checuplivebetter.com\/de\/wp-json\/wp\/v2\/comments?post=3915"}],"wp:featuredmedia":[{"embeddable":true,"href":"https:\/\/checuplivebetter.com\/de\/wp-json\/wp\/v2\/media\/4026"}],"wp:attachment":[{"href":"https:\/\/checuplivebetter.com\/de\/wp-json\/wp\/v2\/media?parent=3915"}],"wp:term":[{"taxonomy":"product_cat","embeddable":true,"href":"https:\/\/checuplivebetter.com\/de\/wp-json\/wp\/v2\/product_cat?post=3915"},{"taxonomy":"product_tag","embeddable":true,"href":"https:\/\/checuplivebetter.com\/de\/wp-json\/wp\/v2\/product_tag?post=3915"}],"curies":[{"name":"wp","href":"https:\/\/api.w.org\/{rel}","templated":true}]}}