{"id":3881,"date":"2024-11-08T20:32:18","date_gmt":"2024-11-08T20:32:18","guid":{"rendered":"https:\/\/checuplivebetter.com\/urun\/ekonomik-sac-ekimi-paketi\/"},"modified":"2024-11-08T20:34:20","modified_gmt":"2024-11-08T20:34:20","slug":"ekonomik-sac-ekimi-paketi","status":"publish","type":"product","link":"https:\/\/checuplivebetter.com\/de\/urun\/ekonomik-sac-ekimi-paketi\/","title":{"rendered":"Konfor Sa\u00e7 Ekimi Paketi"},"content":{"rendered":"<p>Konfor ve ekonomiyi birle\u015ftiren bu paket, 4 y\u0131ld\u0131zl\u0131 otelde konaklama, \u00f6zel transferler ve profesyonel sa\u00e7 ekimi hizmeti sunar. Temel operasyon sonras\u0131 bak\u0131m ve dan\u0131\u015fmanl\u0131k hizmetiyle dengeli ve g\u00fcvenilir bir se\u00e7enek.<\/p>\n<p>&nbsp;<\/p>\n","protected":false},"excerpt":{"rendered":"<p>Konfor ve ekonomiyi birle\u015ftiren bu paket, 4 y\u0131ld\u0131zl\u0131 otelde konaklama, \u00f6zel transferler ve profesyonel sa\u00e7 ekimi hizmeti sunar. Temel operasyon sonras\u0131 bak\u0131m ve dan\u0131\u015fmanl\u0131k hizmetiyle dengeli ve g\u00fcvenilir bir se\u00e7enek. &nbsp;<\/p>\n","protected":false},"featured_media":0,"comment_status":"open","ping_status":"closed","template":"","meta":[],"product_cat":[81],"product_tag":[],"class_list":{"0":"post-3881","1":"product","2":"type-product","3":"status-publish","5":"product_cat-unc","7":"first","8":"instock","9":"sale","10":"shipping-taxable","11":"purchasable","12":"product-type-simple"},"aioseo_notices":[],"_links":{"self":[{"href":"https:\/\/checuplivebetter.com\/de\/wp-json\/wp\/v2\/product\/3881","targetHints":{"allow":["GET"]}}],"collection":[{"href":"https:\/\/checuplivebetter.com\/de\/wp-json\/wp\/v2\/product"}],"about":[{"href":"https:\/\/checuplivebetter.com\/de\/wp-json\/wp\/v2\/types\/product"}],"replies":[{"embeddable":true,"href":"https:\/\/checuplivebetter.com\/de\/wp-json\/wp\/v2\/comments?post=3881"}],"wp:attachment":[{"href":"https:\/\/checuplivebetter.com\/de\/wp-json\/wp\/v2\/media?parent=3881"}],"wp:term":[{"taxonomy":"product_cat","embeddable":true,"href":"https:\/\/checuplivebetter.com\/de\/wp-json\/wp\/v2\/product_cat?post=3881"},{"taxonomy":"product_tag","embeddable":true,"href":"https:\/\/checuplivebetter.com\/de\/wp-json\/wp\/v2\/product_tag?post=3881"}],"curies":[{"name":"wp","href":"https:\/\/api.w.org\/{rel}","templated":true}]}}