{"id":3609,"date":"2024-10-29T09:54:37","date_gmt":"2024-10-29T09:54:37","guid":{"rendered":"https:\/\/checuplivebetter.com\/sepet\/"},"modified":"2024-11-08T10:16:32","modified_gmt":"2024-11-08T10:16:32","slug":"sepet","status":"publish","type":"page","link":"https:\/\/checuplivebetter.com\/de\/sepet\/","title":{"rendered":"Sepet"},"content":{"rendered":"<div data-block-name=\"woocommerce\/cart\" class=\"wp-block-woocommerce-cart alignwide is-loading\"><div data-block-name=\"woocommerce\/filled-cart-block\" class=\"wp-block-woocommerce-filled-cart-block\"><div data-block-name=\"woocommerce\/cart-items-block\" class=\"wp-block-woocommerce-cart-items-block\"><div data-block-name=\"woocommerce\/cart-line-items-block\" class=\"wp-block-woocommerce-cart-line-items-block\"><\/div>\n\n<div data-block-name=\"woocommerce\/cart-cross-sells-block\" class=\"wp-block-woocommerce-cart-cross-sells-block\"><h2 class=\"wp-block-heading has-large-font-size\">\u0130lginizi \u00e7ekebilir\u2026<\/h2>\n\n<div data-block-name=\"woocommerce\/cart-cross-sells-products-block\" class=\"wp-block-woocommerce-cart-cross-sells-products-block\"><\/div><\/div><\/div>\n\n<div data-block-name=\"woocommerce\/cart-totals-block\" class=\"wp-block-woocommerce-cart-totals-block\"><div data-block-name=\"woocommerce\/cart-order-summary-block\" class=\"wp-block-woocommerce-cart-order-summary-block\"><div data-block-name=\"woocommerce\/cart-order-summary-heading-block\" class=\"wp-block-woocommerce-cart-order-summary-heading-block\"><\/div><div data-block-name=\"woocommerce\/cart-order-summary-coupon-form-block\" class=\"wp-block-woocommerce-cart-order-summary-coupon-form-block\"><\/div><div data-block-name=\"woocommerce\/cart-order-summary-totals-block\" class=\"wp-block-woocommerce-cart-order-summary-totals-block\">\n<div data-block-name=\"woocommerce\/cart-order-summary-subtotal-block\" class=\"wp-block-woocommerce-cart-order-summary-subtotal-block\"><\/div>\n<div data-block-name=\"woocommerce\/cart-order-summary-discount-block\" class=\"wp-block-woocommerce-cart-order-summary-discount-block\"><\/div>\n<div data-block-name=\"woocommerce\/cart-order-summary-fee-block\" class=\"wp-block-woocommerce-cart-order-summary-fee-block\"><\/div>\n<div data-block-name=\"woocommerce\/cart-order-summary-shipping-block\" class=\"wp-block-woocommerce-cart-order-summary-shipping-block\"><\/div>\n<div data-block-name=\"woocommerce\/cart-order-summary-taxes-block\" class=\"wp-block-woocommerce-cart-order-summary-taxes-block\"><\/div><\/div><\/div>\n\n<div data-block-name=\"woocommerce\/cart-express-payment-block\" class=\"wp-block-woocommerce-cart-express-payment-block\"><\/div>\n\n<div data-block-name=\"woocommerce\/proceed-to-checkout-block\" class=\"wp-block-woocommerce-proceed-to-checkout-block\"><\/div>\n\n<div data-block-name=\"woocommerce\/cart-accepted-payment-methods-block\" class=\"wp-block-woocommerce-cart-accepted-payment-methods-block\"><\/div><\/div><\/div>\n\n<div data-block-name=\"woocommerce\/empty-cart-block\" class=\"wp-block-woocommerce-empty-cart-block\"><h2 class=\"wp-block-heading has-text-align-center with-empty-cart-icon wc-block-cart__empty-cart__title\">Sepetiniz \u015fu anda bo\u015f!<\/h2>\n\n<hr class=\"wp-block-separator has-alpha-channel-opacity is-style-dots\"\/>\n\n<h2 class=\"wp-block-heading has-text-align-center\">Ma\u011fazada yeni<\/h2>\n\n<div data-block-name=\"woocommerce\/product-new\" data-columns=\"4\" data-rows=\"1\" class=\"wc-block-grid wp-block-product-new wc-block-product-new has-4-columns\"><ul class=\"wc-block-grid__products\"><li class=\"wc-block-grid__product\">\n\t\t\t\t<a href=\"https:\/\/checuplivebetter.com\/de\/urun\/3-tages-gallipoli-und-troja-tour-ab-istanbul\/\" class=\"wc-block-grid__product-link\">\n\t\t\t\t\t<div class=\"wc-block-grid__product-onsale\">\n\t\t\t<span aria-hidden=\"true\">Angebot<\/span>\n\t\t\t<span class=\"screen-reader-text\">Produkt im Angebot<\/span>\n\t\t<\/div>\n\t\t\t\t\t<div class=\"wc-block-grid__product-image\"><img loading=\"lazy\" decoding=\"async\" width=\"300\" height=\"300\" src=\"https:\/\/checuplivebetter.com\/wp-content\/uploads\/2024\/12\/WhatsApp-Image-2024-12-05-at-13.00.32-300x300.jpeg\" class=\"attachment-woocommerce_thumbnail size-woocommerce_thumbnail\" alt=\"3-Tages Gallipoli und Troja Tour ab Istanbul\" srcset=\"https:\/\/checuplivebetter.com\/wp-content\/uploads\/2024\/12\/WhatsApp-Image-2024-12-05-at-13.00.32-300x300.jpeg 300w, https:\/\/checuplivebetter.com\/wp-content\/uploads\/2024\/12\/WhatsApp-Image-2024-12-05-at-13.00.32-150x150.jpeg 150w, https:\/\/checuplivebetter.com\/wp-content\/uploads\/2024\/12\/WhatsApp-Image-2024-12-05-at-13.00.32-100x100.jpeg 100w\" sizes=\"auto, (max-width: 300px) 100vw, 300px\" \/><\/div>\n\t\t\t\t\t<div class=\"wc-block-grid__product-title\">3-Tages Gallipoli und Troja Tour ab Istanbul<\/div>\n\t\t\t\t<\/a>\n\t\t\t\t<div class=\"wc-block-grid__product-price price\"><del aria-hidden=\"true\"><span class=\"woocommerce-Price-amount amount\"><span class=\"woocommerce-Price-currencySymbol\">&euro;<\/span>479,00<\/span><\/del> <span class=\"screen-reader-text\">Urspr\u00fcnglicher Preis war: &euro;479,00<\/span><ins aria-hidden=\"true\"><span class=\"woocommerce-Price-amount amount\"><span class=\"woocommerce-Price-currencySymbol\">&euro;<\/span>399,00<\/span><\/ins><span class=\"screen-reader-text\">Aktueller Preis ist: &euro;399,00.<\/span><\/div>\n\t\t\t\t\n\t\t\t\t<div class=\"wp-block-button wc-block-grid__product-add-to-cart\"><a href=\"?add-to-cart=4322\" aria-label=\"In den Warenkorb legen: \u201e3-Tages Gallipoli und Troja Tour ab Istanbul\u201c\" data-quantity=\"1\" data-product_id=\"4322\" data-product_sku=\"\" data-price=\"399\" rel=\"nofollow\" class=\"wp-block-button__link  add_to_cart_button ajax_add_to_cart\">In den Warenkorb<\/a><\/div>\n\t\t\t<\/li><li class=\"wc-block-grid__product\">\n\t\t\t\t<a href=\"https:\/\/checuplivebetter.com\/de\/urun\/pamukkale-hierapolis-tagestour\/\" class=\"wc-block-grid__product-link\">\n\t\t\t\t\t<div class=\"wc-block-grid__product-onsale\">\n\t\t\t<span aria-hidden=\"true\">Angebot<\/span>\n\t\t\t<span class=\"screen-reader-text\">Produkt im Angebot<\/span>\n\t\t<\/div>\n\t\t\t\t\t<div class=\"wc-block-grid__product-image\"><img loading=\"lazy\" decoding=\"async\" width=\"300\" height=\"300\" src=\"https:\/\/checuplivebetter.com\/wp-content\/uploads\/woocommerce-placeholder-300x300.png\" class=\"woocommerce-placeholder wp-post-image\" alt=\"\" srcset=\"https:\/\/checuplivebetter.com\/wp-content\/uploads\/woocommerce-placeholder-300x300.png 300w, https:\/\/checuplivebetter.com\/wp-content\/uploads\/woocommerce-placeholder-100x100.png 100w, https:\/\/checuplivebetter.com\/wp-content\/uploads\/woocommerce-placeholder-600x600.png 600w, https:\/\/checuplivebetter.com\/wp-content\/uploads\/woocommerce-placeholder-1024x1024.png 1024w, https:\/\/checuplivebetter.com\/wp-content\/uploads\/woocommerce-placeholder-150x150.png 150w, https:\/\/checuplivebetter.com\/wp-content\/uploads\/woocommerce-placeholder-768x768.png 768w, https:\/\/checuplivebetter.com\/wp-content\/uploads\/woocommerce-placeholder-370x370.png 370w, https:\/\/checuplivebetter.com\/wp-content\/uploads\/woocommerce-placeholder-270x270.png 270w, https:\/\/checuplivebetter.com\/wp-content\/uploads\/woocommerce-placeholder-570x570.png 570w, https:\/\/checuplivebetter.com\/wp-content\/uploads\/woocommerce-placeholder-740x740.png 740w, https:\/\/checuplivebetter.com\/wp-content\/uploads\/woocommerce-placeholder.png 1200w\" sizes=\"auto, (max-width: 300px) 100vw, 300px\" \/><\/div>\n\t\t\t\t\t<div class=\"wc-block-grid__product-title\">Pamukkale &amp; Hierapolis Tagestour<\/div>\n\t\t\t\t<\/a>\n\t\t\t\t<div class=\"wc-block-grid__product-price price\"><del aria-hidden=\"true\"><span class=\"woocommerce-Price-amount amount\"><span class=\"woocommerce-Price-currencySymbol\">&euro;<\/span>199,00<\/span><\/del> <span class=\"screen-reader-text\">Urspr\u00fcnglicher Preis war: &euro;199,00<\/span><ins aria-hidden=\"true\"><span class=\"woocommerce-Price-amount amount\"><span class=\"woocommerce-Price-currencySymbol\">&euro;<\/span>159,00<\/span><\/ins><span class=\"screen-reader-text\">Aktueller Preis ist: &euro;159,00.<\/span><\/div>\n\t\t\t\t\n\t\t\t\t<div class=\"wp-block-button wc-block-grid__product-add-to-cart\"><a href=\"?add-to-cart=4314\" aria-label=\"In den Warenkorb legen: \u201ePamukkale &amp; Hierapolis Tagestour\u201c\" data-quantity=\"1\" data-product_id=\"4314\" data-product_sku=\"\" data-price=\"159\" rel=\"nofollow\" class=\"wp-block-button__link  add_to_cart_button ajax_add_to_cart\">In den Warenkorb<\/a><\/div>\n\t\t\t<\/li><li class=\"wc-block-grid__product\">\n\t\t\t\t<a href=\"https:\/\/checuplivebetter.com\/de\/urun\/ephesos-antike-stadt-tour\/\" class=\"wc-block-grid__product-link\">\n\t\t\t\t\t<div class=\"wc-block-grid__product-onsale\">\n\t\t\t<span aria-hidden=\"true\">Angebot<\/span>\n\t\t\t<span class=\"screen-reader-text\">Produkt im Angebot<\/span>\n\t\t<\/div>\n\t\t\t\t\t<div class=\"wc-block-grid__product-image\"><img loading=\"lazy\" decoding=\"async\" width=\"300\" height=\"300\" src=\"https:\/\/checuplivebetter.com\/wp-content\/uploads\/2024\/12\/WhatsApp-Image-2024-12-05-at-12.59.30-300x300.jpeg\" class=\"attachment-woocommerce_thumbnail size-woocommerce_thumbnail\" alt=\"Ephesos Antike Stadt Tour\" srcset=\"https:\/\/checuplivebetter.com\/wp-content\/uploads\/2024\/12\/WhatsApp-Image-2024-12-05-at-12.59.30-300x300.jpeg 300w, https:\/\/checuplivebetter.com\/wp-content\/uploads\/2024\/12\/WhatsApp-Image-2024-12-05-at-12.59.30-150x150.jpeg 150w, https:\/\/checuplivebetter.com\/wp-content\/uploads\/2024\/12\/WhatsApp-Image-2024-12-05-at-12.59.30-100x100.jpeg 100w\" sizes=\"auto, (max-width: 300px) 100vw, 300px\" \/><\/div>\n\t\t\t\t\t<div class=\"wc-block-grid__product-title\">Ephesos Antike Stadt Tour<\/div>\n\t\t\t\t<\/a>\n\t\t\t\t<div class=\"wc-block-grid__product-price price\"><del aria-hidden=\"true\"><span class=\"woocommerce-Price-amount amount\"><span class=\"woocommerce-Price-currencySymbol\">&euro;<\/span>299,00<\/span><\/del> <span class=\"screen-reader-text\">Urspr\u00fcnglicher Preis war: &euro;299,00<\/span><ins aria-hidden=\"true\"><span class=\"woocommerce-Price-amount amount\"><span class=\"woocommerce-Price-currencySymbol\">&euro;<\/span>179,00<\/span><\/ins><span class=\"screen-reader-text\">Aktueller Preis ist: &euro;179,00.<\/span><\/div>\n\t\t\t\t\n\t\t\t\t<div class=\"wp-block-button wc-block-grid__product-add-to-cart\"><a href=\"?add-to-cart=4309\" aria-label=\"In den Warenkorb legen: \u201eEphesos Antike Stadt Tour\u201c\" data-quantity=\"1\" data-product_id=\"4309\" data-product_sku=\"\" data-price=\"179\" rel=\"nofollow\" class=\"wp-block-button__link  add_to_cart_button ajax_add_to_cart\">In den Warenkorb<\/a><\/div>\n\t\t\t<\/li><li class=\"wc-block-grid__product\">\n\t\t\t\t<a href=\"https:\/\/checuplivebetter.com\/de\/urun\/10-taegiges-faszinierendes-tuerkei-highlight-tour-paket\/\" class=\"wc-block-grid__product-link\">\n\t\t\t\t\t<div class=\"wc-block-grid__product-onsale\">\n\t\t\t<span aria-hidden=\"true\">Angebot<\/span>\n\t\t\t<span class=\"screen-reader-text\">Produkt im Angebot<\/span>\n\t\t<\/div>\n\t\t\t\t\t<div class=\"wc-block-grid__product-image\"><img loading=\"lazy\" decoding=\"async\" width=\"300\" height=\"300\" src=\"https:\/\/checuplivebetter.com\/wp-content\/uploads\/2024\/12\/WhatsApp-Image-2024-12-05-at-12.58.44-300x300.jpeg\" class=\"attachment-woocommerce_thumbnail size-woocommerce_thumbnail\" alt=\"10-T\u00e4giges Faszinierendes T\u00fcrkei-Highlight-Tour-Paket\" srcset=\"https:\/\/checuplivebetter.com\/wp-content\/uploads\/2024\/12\/WhatsApp-Image-2024-12-05-at-12.58.44-300x300.jpeg 300w, https:\/\/checuplivebetter.com\/wp-content\/uploads\/2024\/12\/WhatsApp-Image-2024-12-05-at-12.58.44-1024x1024.jpeg 1024w, https:\/\/checuplivebetter.com\/wp-content\/uploads\/2024\/12\/WhatsApp-Image-2024-12-05-at-12.58.44-150x150.jpeg 150w, https:\/\/checuplivebetter.com\/wp-content\/uploads\/2024\/12\/WhatsApp-Image-2024-12-05-at-12.58.44-768x768.jpeg 768w, https:\/\/checuplivebetter.com\/wp-content\/uploads\/2024\/12\/WhatsApp-Image-2024-12-05-at-12.58.44-370x370.jpeg 370w, https:\/\/checuplivebetter.com\/wp-content\/uploads\/2024\/12\/WhatsApp-Image-2024-12-05-at-12.58.44-270x270.jpeg 270w, https:\/\/checuplivebetter.com\/wp-content\/uploads\/2024\/12\/WhatsApp-Image-2024-12-05-at-12.58.44-570x570.jpeg 570w, https:\/\/checuplivebetter.com\/wp-content\/uploads\/2024\/12\/WhatsApp-Image-2024-12-05-at-12.58.44-740x740.jpeg 740w, https:\/\/checuplivebetter.com\/wp-content\/uploads\/2024\/12\/WhatsApp-Image-2024-12-05-at-12.58.44-600x600.jpeg 600w, https:\/\/checuplivebetter.com\/wp-content\/uploads\/2024\/12\/WhatsApp-Image-2024-12-05-at-12.58.44-100x100.jpeg 100w, https:\/\/checuplivebetter.com\/wp-content\/uploads\/2024\/12\/WhatsApp-Image-2024-12-05-at-12.58.44.jpeg 1100w\" sizes=\"auto, (max-width: 300px) 100vw, 300px\" \/><\/div>\n\t\t\t\t\t<div class=\"wc-block-grid__product-title\">10-T\u00e4giges Faszinierendes T\u00fcrkei-Highlight-Tour-Paket<\/div>\n\t\t\t\t<\/a>\n\t\t\t\t<div class=\"wc-block-grid__product-price price\"><del aria-hidden=\"true\"><span class=\"woocommerce-Price-amount amount\"><span class=\"woocommerce-Price-currencySymbol\">&euro;<\/span>3.500,00<\/span><\/del> <span class=\"screen-reader-text\">Urspr\u00fcnglicher Preis war: &euro;3.500,00<\/span><ins aria-hidden=\"true\"><span class=\"woocommerce-Price-amount amount\"><span class=\"woocommerce-Price-currencySymbol\">&euro;<\/span>2.999,00<\/span><\/ins><span class=\"screen-reader-text\">Aktueller Preis ist: &euro;2.999,00.<\/span><\/div>\n\t\t\t\t\n\t\t\t\t<div class=\"wp-block-button wc-block-grid__product-add-to-cart\"><a href=\"?add-to-cart=4304\" aria-label=\"In den Warenkorb legen: \u201e10-T\u00e4giges Faszinierendes T\u00fcrkei-Highlight-Tour-Paket\u201c\" data-quantity=\"1\" data-product_id=\"4304\" data-product_sku=\"\" data-price=\"2999\" rel=\"nofollow\" class=\"wp-block-button__link  add_to_cart_button ajax_add_to_cart\">In den Warenkorb<\/a><\/div>\n\t\t\t<\/li><\/ul><\/div><\/div><\/div>","protected":false},"excerpt":{"rendered":"<p>\u0130lginizi \u00e7ekebilir\u2026 Sepetiniz \u015fu anda bo\u015f! Ma\u011fazada yeni<\/p>\n","protected":false},"author":1,"featured_media":0,"parent":0,"menu_order":0,"comment_status":"closed","ping_status":"closed","template":"","meta":{"footnotes":""},"class_list":["post-3609","page","type-page","status-publish","hentry"],"aioseo_notices":[],"_links":{"self":[{"href":"https:\/\/checuplivebetter.com\/de\/wp-json\/wp\/v2\/pages\/3609","targetHints":{"allow":["GET"]}}],"collection":[{"href":"https:\/\/checuplivebetter.com\/de\/wp-json\/wp\/v2\/pages"}],"about":[{"href":"https:\/\/checuplivebetter.com\/de\/wp-json\/wp\/v2\/types\/page"}],"author":[{"embeddable":true,"href":"https:\/\/checuplivebetter.com\/de\/wp-json\/wp\/v2\/users\/1"}],"replies":[{"embeddable":true,"href":"https:\/\/checuplivebetter.com\/de\/wp-json\/wp\/v2\/comments?post=3609"}],"version-history":[{"count":1,"href":"https:\/\/checuplivebetter.com\/de\/wp-json\/wp\/v2\/pages\/3609\/revisions"}],"predecessor-version":[{"id":3610,"href":"https:\/\/checuplivebetter.com\/de\/wp-json\/wp\/v2\/pages\/3609\/revisions\/3610"}],"wp:attachment":[{"href":"https:\/\/checuplivebetter.com\/de\/wp-json\/wp\/v2\/media?parent=3609"}],"curies":[{"name":"wp","href":"https:\/\/api.w.org\/{rel}","templated":true}]}}